{"id":6786,"date":"2023-11-09T16:40:41","date_gmt":"2023-11-09T15:40:41","guid":{"rendered":"https:\/\/solem-irrigation.com\/?post_type=product&#038;p=6786"},"modified":"2026-03-26T11:48:36","modified_gmt":"2026-03-26T10:48:36","slug":"kit-lr-ms-eco","status":"publish","type":"product","link":"https:\/\/solem-irrigation.com\/it\/prodotto\/kit-lr-ms-eco\/","title":{"rendered":"LR-MS-ECO"},"content":{"rendered":"<p>Le LR-MS-ECO est un module d\u2019acquisition de donn\u00e9es de capteurs divers, \u00e9tanche, \u00e0 pile. Il int\u00e8gre \u00e9galement une batterie rechargeable gr\u00e2ce \u00e0 un panneau photovolta\u00efque ou une turbine pour \u00e9tendre l\u2019autonomie de la pile 9V. Il peut connecter de nombreux capteurs : des sondes m\u00e9t\u00e9o (pluie, humidit\u00e9 de l\u2019air, an\u00e9mom\u00e9trie et temp\u00e9rature) mais aussi des compteurs d\u2019eau, des sondes d\u2019humidit\u00e9 du sol, des tensiom\u00e8tres, des sondes de niveaux et bien d\u2019autres. Depuis la plateforme MySOLEM.com, vous pouvez consulter, extraire vos donn\u00e9es et automatiser votre arrosage en fonction des seuils que vous aurez d\u00e9finis pour chaque capteur.<\/p>\n<div class=\"wp-block-columns desciption-spec-columns\">\n<div class=\"desciption-spec active\">\n<div class=\"wp-block-image\"><img decoding=\"async\" class=\"spec-image\" src=\"https:\/\/solem-irrigation.com\/wp-content\/uploads\/2026\/03\/P_installation-2.png\" alt=\"\" \/><\/div>\n<div class=\"desciption-spec-text\">\n<p class=\"has-text-align-center title\"><strong>Facile da usare<\/strong><\/p>\n<\/div>\n<\/div>\n<div class=\"desciption-spec active\">\n<div class=\"wp-block-image\">\n<img decoding=\"async\" loading=\"lazy\" src=\"https:\/\/solem-irrigation.com\/wp-content\/uploads\/2026\/03\/P_water-drop.png\" alt=\"\" class=\"spec-image\">\n<\/div>\n<div class=\"desciption-spec-text\">\n<p class=\"has-text-align-center title\"><strong>Ma\u00eetrise de la conso. d&#8217;eau<\/strong><\/p>\n<\/div>\n<\/div>\n<div class=\"desciption-spec active\">\n<div class=\"wp-block-image\"><img decoding=\"async\" class=\"spec-image\" src=\"https:\/\/solem-irrigation.com\/wp-content\/uploads\/2026\/03\/P_batterie-recharge.png\" alt=\"\" \/><\/div>\n<div class=\"desciption-spec-text\">\n<p class=\"has-text-align-center title\"><strong>Batterie rechargeable<\/strong><\/p>\n<\/div>\n<\/div>\n<div class=\"desciption-spec active\">\n<div class=\"wp-block-image\"><img decoding=\"async\" class=\"spec-image\" src=\"https:\/\/solem-irrigation.com\/wp-content\/uploads\/2026\/03\/P_compact.png\" alt=\"\" \/><\/div>\n<div class=\"desciption-spec-text\">\n<p class=\"has-text-align-center title\"><strong>Solution compacte<\/strong><\/p>\n<\/div>\n<\/div>\n<div class=\"desciption-spec active\">\n<div class=\"wp-block-image\"><img decoding=\"async\" class=\"spec-image\" src=\"https:\/\/solem-irrigation.com\/wp-content\/uploads\/2026\/03\/P_mesure.png\" alt=\"\" \/><\/div>\n<div class=\"desciption-spec-text\">\n<p class=\"has-text-align-center title\"><strong>Mesure en temps r\u00e9el<\/strong><\/p>\n<\/div>\n<\/div>\n<div class=\"desciption-spec active\">\n<div class=\"wp-block-image\"><img decoding=\"async\" class=\"spec-image\" src=\"https:\/\/solem-irrigation.com\/wp-content\/uploads\/2026\/03\/P_automatisation.png\" alt=\"\" \/><\/div>\n<div class=\"desciption-spec-text\">\n<p class=\"has-text-align-center title\"><strong>Automatisation de l&#8217;irrigation<\/strong><\/p>\n<\/div>\n<\/div>\n<\/div>","protected":false},"excerpt":{"rendered":"<h3 class=\"product-name\" style=\"display: none;\">LR-MS-ECO<\/h3>\n<h3>Module sondes LoRa<br \/>\n&#8211; Panneau solaire ou turbine<\/h3>\n<div class=\"short-spec\">\n<p class=\"techno-icones\"><img decoding=\"async\" src=\"\/wp-content\/uploads\/2024\/09\/BL.png\" \/><img decoding=\"async\" src=\"\/wp-content\/uploads\/2024\/09\/LoRa.png\" \/><\/p>\n<p><span class=\"spec-icon\"><img decoding=\"async\" src=\"https:\/\/solem-irrigation.com\/wp-content\/uploads\/2026\/03\/P_enteescap.png\" \/><\/span> <span class=\"spec-text\">1 \/ 4 entr\u00e9e(s) capteurs : d\u00e9bitm\u00e8tre int\u00e9gr\u00e9 + pluviom\u00e8tre, sonde de temp\u00e9rature, d\u2019humidit\u00e9 du sol et de l\u2019air, tensiom\u00e8tre, compteur d\u2019eau, pressostat ou sonde de niveau<\/span><\/p>\n<p><span class=\"spec-icon\"><img decoding=\"async\" src=\"https:\/\/solem-irrigation.com\/wp-content\/uploads\/2026\/03\/P_rechargeable_.png\" \/><\/span> <span class=\"spec-text\">Batteria interna ricaricabile tramite turbina o pannello fotovoltaico<\/span><\/p>\n<\/div>\n<div class=\"product-slide-bottom\">\n<div class=\"product-techno\"><span class=\"icon-ble\"><img decoding=\"async\" src=\"https:\/\/solem-irrigation.com\/wp-content\/uploads\/2024\/09\/BL.png\" \/><\/span><br \/>\n<img decoding=\"async\" src=\"https:\/\/solem-irrigation.com\/wp-content\/uploads\/2024\/09\/LoRa.png\" \/><\/div>\n<p class=\"product-link\">VEDERE<\/p>\n<\/div>","protected":false},"featured_media":17072,"template":"","meta":[],"product_brand":[],"product_cat":[19,33,32,20,44,45,46,43],"product_tag":[],"class_list":{"0":"post-6786","1":"product","2":"type-product","3":"status-publish","4":"has-post-thumbnail","6":"product_cat-arrosage-residentiel","7":"product_cat-irrigation-agriculture","8":"product_cat-irrigation-municipalite","9":"product_cat-jardin-connecte","10":"product_cat-sondes-municipalite","11":"product_cat-sondes-agriculture","12":"product_cat-sondes-jardin-connecte","13":"product_cat-sondes-residentiel","14":"has-content","16":"first","17":"instock","18":"shipping-taxable","19":"purchasable","20":"product-type-variable"},"jetpack_sharing_enabled":true,"_links":{"self":[{"href":"https:\/\/solem-irrigation.com\/it\/wp-json\/wp\/v2\/product\/6786","targetHints":{"allow":["GET"]}}],"collection":[{"href":"https:\/\/solem-irrigation.com\/it\/wp-json\/wp\/v2\/product"}],"about":[{"href":"https:\/\/solem-irrigation.com\/it\/wp-json\/wp\/v2\/types\/product"}],"wp:featuredmedia":[{"embeddable":true,"href":"https:\/\/solem-irrigation.com\/it\/wp-json\/wp\/v2\/media\/17072"}],"wp:attachment":[{"href":"https:\/\/solem-irrigation.com\/it\/wp-json\/wp\/v2\/media?parent=6786"}],"wp:term":[{"taxonomy":"product_brand","embeddable":true,"href":"https:\/\/solem-irrigation.com\/it\/wp-json\/wp\/v2\/product_brand?post=6786"},{"taxonomy":"product_cat","embeddable":true,"href":"https:\/\/solem-irrigation.com\/it\/wp-json\/wp\/v2\/product_cat?post=6786"},{"taxonomy":"product_tag","embeddable":true,"href":"https:\/\/solem-irrigation.com\/it\/wp-json\/wp\/v2\/product_tag?post=6786"}],"curies":[{"name":"wp","href":"https:\/\/api.w.org\/{rel}","templated":true}]}}