{"id":499,"date":"2022-06-07T15:05:27","date_gmt":"2022-06-07T13:05:27","guid":{"rendered":"http:\/\/solem.com\/?post_type=product&#038;p=499"},"modified":"2026-04-02T15:55:04","modified_gmt":"2026-04-02T13:55:04","slug":"station-dirrigation","status":"publish","type":"product","link":"https:\/\/solem-irrigation.com\/it\/prodotto\/station-dirrigation\/","title":{"rendered":"Stazione di irrigazione"},"content":{"rendered":"<p>La Stazione di irrigazione \u00e8 un gateway esterno 4G che comunica tramite la sua scheda SIM. \u00c8 autonomo al 100% su pannello solare e pre-equipaggiato con quattro sonde. Due in uno, \u00e8 una stazione meteo che fornisce dati climatici e un gateway in grado di gestire da remoto fino a 200 stazioni tramite radio LoRa. Trasferisci con semplicit\u00e0 le tue programmazioni e le tue impostazioni e ricevi un avviso tempestivo ovunque tu sia! Infine, raggruppa tutti i dati delle tue sonde per visualizzarli a colpo d'occhio.<\/p>\n<div class=\"wp-block-columns desciption-spec-columns\">\n<div class=\"desciption-spec active\">\n<div class=\"wp-block-image\"><img decoding=\"async\" class=\"spec-image\" src=\"https:\/\/solem-irrigation.com\/wp-content\/uploads\/2026\/02\/P_distance.png\" alt=\"\" \/><\/div>\n<div class=\"desciption-spec-text\">\n<p class=\"has-text-align-center title\"><strong>Contr\u00f4le \u00e0 distance<\/strong><\/p>\n<\/div>\n<\/div>\n<div class=\"desciption-spec active\">\n<div class=\"wp-block-image\"><img decoding=\"async\" class=\"spec-image\" src=\"https:\/\/solem-irrigation.com\/wp-content\/uploads\/2026\/03\/P_solar-panel.png\" alt=\"\" \/><\/div>\n<div class=\"desciption-spec-text\">\n<p class=\"has-text-align-center title\"><strong>Batterie autonome<\/strong><\/p>\n<\/div>\n<\/div>\n<div class=\"desciption-spec active\">\n<div class=\"wp-block-image\"><img decoding=\"async\" class=\"spec-image\" src=\"https:\/\/solem-irrigation.com\/wp-content\/uploads\/2026\/02\/P_installation.png\" alt=\"\" \/><\/div>\n<div class=\"desciption-spec-text\">\n<p class=\"has-text-align-center title\"><strong>Installation simplifi\u00e9e<\/strong><\/p>\n<\/div>\n<\/div>\n<div class=\"desciption-spec active\">\n<div class=\"wp-block-image\"><img decoding=\"async\" class=\"spec-image\" src=\"https:\/\/solem-irrigation.com\/wp-content\/uploads\/2026\/03\/P_canopy.png\" alt=\"\" \/><\/div>\n<div class=\"desciption-spec-text\">\n<p class=\"has-text-align-center title\"><strong>CANOPY : gestion de site<\/strong><\/p>\n<\/div>\n<\/div>\n<div class=\"desciption-spec active\">\n<div class=\"wp-block-image\"><img decoding=\"async\" class=\"spec-image\" src=\"https:\/\/solem-irrigation.com\/wp-content\/uploads\/2026\/03\/P_mobile.png\" alt=\"\" \/><\/div>\n<div class=\"desciption-spec-text\">\n<p class=\"has-text-align-center title\"><strong>Toujours connect\u00e9<\/strong><\/p>\n<\/div>\n<\/div>\n<div class=\"desciption-spec active\">\n<div class=\"wp-block-image\"><img decoding=\"async\" class=\"spec-image\" src=\"https:\/\/solem-irrigation.com\/wp-content\/uploads\/2026\/03\/P_abonnement.png\" alt=\"\" \/><\/div>\n<div class=\"desciption-spec-text\">\n<p class=\"has-text-align-center title\"><strong>Abonnement en ligne<\/strong><\/p>\n<\/div>\n<\/div>\n<\/div>","protected":false},"excerpt":{"rendered":"<h3 class=\"product-name\" style=\"display: none;\">Stazione di irrigazione<\/h3>\n<h3>Gateway 4G con stazione meteo<\/h3>\n<div class=\"short-spec\">\n<p class=\"techno-icones\"><img decoding=\"async\" src=\"\/wp-content\/uploads\/2024\/09\/4G.png\"\/><img decoding=\"async\" src=\"\/wp-content\/uploads\/2024\/09\/LoRa.png\"\/><img decoding=\"async\" src=\"https:\/\/solem-irrigation.com\/wp-content\/uploads\/2024\/09\/BL.png\"\/><\/p>\n<p><span class=\"spec-icon\"><img decoding=\"async\" src=\"https:\/\/solem-irrigation.com\/wp-content\/uploads\/2022\/06\/Picto_modules-produits.png\"\/><\/span> <span class=\"spec-text\">24 moduli controllabili<\/span><\/p>\n<p><span class=\"spec-icon\"><img decoding=\"async\" src=\"https:\/\/solem-irrigation.com\/wp-content\/uploads\/2022\/06\/Picto_donne\u0301es-sondes.png\"\/><\/span> <span class=\"spec-text\">Acquisizione dati meteorologici<\/span><\/p>\n<\/div>\n<div class=\"product-slide-bottom\">\n<div class=\"product-techno\">\n<span class=\"icon-ble\"><img decoding=\"async\" src=\"https:\/\/solem-irrigation.com\/wp-content\/uploads\/2024\/09\/4G.png\"\/><\/span><br \/>\n<span><img decoding=\"async\" src=\"https:\/\/solem-irrigation.com\/wp-content\/uploads\/2024\/09\/LoRa.png\"\/><\/span><br \/>\n<span class=\"icon-ble\"><img decoding=\"async\" src=\"https:\/\/solem-irrigation.com\/wp-content\/uploads\/2024\/09\/BL.png\"\/><\/span>\n<\/div>\n<p class=\"product-link\">VEDERE<\/p>\n<\/div>","protected":false},"featured_media":7517,"template":"","meta":[],"product_brand":[],"product_cat":[33,32,48,49],"product_tag":[],"class_list":{"0":"post-499","1":"product","2":"type-product","3":"status-publish","4":"has-post-thumbnail","6":"product_cat-irrigation-agriculture","7":"product_cat-irrigation-municipalite","8":"product_cat-passerelles-agriculture","9":"product_cat-passerelles-municipalite","10":"has-content","12":"first","13":"instock","14":"shipping-taxable","15":"purchasable","16":"product-type-simple"},"jetpack_sharing_enabled":true,"_links":{"self":[{"href":"https:\/\/solem-irrigation.com\/it\/wp-json\/wp\/v2\/product\/499","targetHints":{"allow":["GET"]}}],"collection":[{"href":"https:\/\/solem-irrigation.com\/it\/wp-json\/wp\/v2\/product"}],"about":[{"href":"https:\/\/solem-irrigation.com\/it\/wp-json\/wp\/v2\/types\/product"}],"wp:featuredmedia":[{"embeddable":true,"href":"https:\/\/solem-irrigation.com\/it\/wp-json\/wp\/v2\/media\/7517"}],"wp:attachment":[{"href":"https:\/\/solem-irrigation.com\/it\/wp-json\/wp\/v2\/media?parent=499"}],"wp:term":[{"taxonomy":"product_brand","embeddable":true,"href":"https:\/\/solem-irrigation.com\/it\/wp-json\/wp\/v2\/product_brand?post=499"},{"taxonomy":"product_cat","embeddable":true,"href":"https:\/\/solem-irrigation.com\/it\/wp-json\/wp\/v2\/product_cat?post=499"},{"taxonomy":"product_tag","embeddable":true,"href":"https:\/\/solem-irrigation.com\/it\/wp-json\/wp\/v2\/product_tag?post=499"}],"curies":[{"name":"wp","href":"https:\/\/api.w.org\/{rel}","templated":true}]}}