{"id":482,"date":"2022-06-07T11:19:06","date_gmt":"2022-06-07T09:19:06","guid":{"rendered":"http:\/\/solem.com\/?post_type=product&#038;p=482"},"modified":"2026-04-09T12:23:35","modified_gmt":"2026-04-09T10:23:35","slug":"bl-is","status":"publish","type":"product","link":"https:\/\/solem-irrigation.com\/it\/prodotto\/bl-is\/","title":{"rendered":"BL-IS"},"content":{"rendered":"<p>Le BL-IS est un programmateur d\u2019arrosage Bluetooth d\u2019int\u00e9rieur sur secteur capable de programmer en s\u00e9quentiel des \u00e9lectrovannes 24V. Il est id\u00e9al pour les installations situ\u00e9es dans un local. Associez \u00e0 votre BL-IS une sonde de pluie et automatisez l\u2019arr\u00eat de votre arrosage en fonction de la m\u00e9t\u00e9o.<\/p>\n<div class=\"wp-block-columns desciption-spec-columns\">\n<div class=\"desciption-spec active\">\n<div class=\"wp-block-image\"><img decoding=\"async\" class=\"spec-image\" src=\"https:\/\/solem-irrigation.com\/wp-content\/uploads\/2026\/03\/P_localisation.png\" alt=\"\" \/><\/div>\n<div class=\"desciption-spec-text\">\n<p class=\"has-text-align-center title\"><strong>G\u00e9olocalisation<\/strong><\/p>\n<\/div>\n<\/div>\n<div class=\"desciption-spec active\">\n<div class=\"wp-block-image\"><img decoding=\"async\" class=\"spec-image\" src=\"https:\/\/solem-irrigation.com\/wp-content\/uploads\/2026\/03\/P_simple-utilisation.png\" alt=\"\" \/><\/div>\n<div class=\"desciption-spec-text\">\n<p class=\"has-text-align-center title\"><strong>Facile da usare<\/strong><\/p>\n<\/div>\n<\/div>\n<div class=\"desciption-spec active\">\n<div class=\"wp-block-image\"><img decoding=\"async\" class=\"spec-image\" src=\"https:\/\/solem-irrigation.com\/wp-content\/uploads\/2026\/02\/P_MySOLEM.png\" alt=\"\" \/><\/div>\n<div class=\"desciption-spec-text\">\n<p class=\"has-text-align-center title\"><strong>Mode Asynchrone<\/strong><\/p>\n<\/div>\n<\/div>\n<div class=\"desciption-spec active\">\n<div class=\"wp-block-image\"><img decoding=\"async\" class=\"spec-image\" src=\"https:\/\/solem-irrigation.com\/wp-content\/uploads\/2026\/03\/P_rain-detect.png\" alt=\"\" \/><\/div>\n<div class=\"desciption-spec-text\">\n<p class=\"has-text-align-center title\"><strong>D\u00e9tection de pluie<\/strong><\/p>\n<\/div>\n<\/div>\n<div class=\"desciption-spec active\">\n<div class=\"wp-block-image\"><img decoding=\"async\" class=\"spec-image\" src=\"https:\/\/solem-irrigation.com\/wp-content\/uploads\/2026\/03\/P_installation-2.png\" alt=\"\" \/><\/div>\n<div class=\"desciption-spec-text\">\n<p class=\"has-text-align-center title\"><strong>Compatible installations existantes<\/strong><\/p>\n<\/div>\n<\/div>\n<\/div>","protected":false},"excerpt":{"rendered":"<h3 class=\"product-name\" style=\"display: none;\">BL-IS<\/h3>\n<h3>Programmatore di irrigazione Bluetooth<\/h3>\n<div class=\"short-spec\">\n<p class=\"techno-icones\"><img decoding=\"async\" src=\"\/wp-content\/uploads\/2024\/09\/BL.png\"\/><\/p>\n<p><span class=\"spec-icon\"><img decoding=\"async\" src=\"https:\/\/solem-irrigation.com\/wp-content\/uploads\/2026\/03\/P_vannes.png\"\/><\/span> <span class=\"spec-text\">2\/4\/6\/9 station(s)<\/span><\/p>\n<p><span class=\"spec-icon\"><img decoding=\"async\" src=\"https:\/\/solem-irrigation.com\/wp-content\/uploads\/2026\/03\/P_enteescap.png\"\/><\/span> <span class=\"spec-text\">Ingresso sensore pioggia<\/span><\/p>\n<\/div>\n<div class=\"product-slide-bottom\">\n<div class=\"product-techno\">\n<span class=\"icon-ble\"><img decoding=\"async\" src=\"https:\/\/solem-irrigation.com\/wp-content\/uploads\/2024\/09\/BL.png\"\/><\/span>\n<\/div>\n<p class=\"product-link\">VEDERE<\/p>\n<\/div>","protected":false},"featured_media":463,"template":"","meta":[],"product_brand":[],"product_cat":[19,38],"product_tag":[],"class_list":{"0":"post-482","1":"product","2":"type-product","3":"status-publish","4":"has-post-thumbnail","6":"product_cat-arrosage-residentiel","7":"product_cat-programmateurs-secteur-residentiel","8":"has-content","10":"first","11":"instock","12":"shipping-taxable","13":"purchasable","14":"product-type-variable"},"jetpack_sharing_enabled":true,"_links":{"self":[{"href":"https:\/\/solem-irrigation.com\/it\/wp-json\/wp\/v2\/product\/482","targetHints":{"allow":["GET"]}}],"collection":[{"href":"https:\/\/solem-irrigation.com\/it\/wp-json\/wp\/v2\/product"}],"about":[{"href":"https:\/\/solem-irrigation.com\/it\/wp-json\/wp\/v2\/types\/product"}],"wp:featuredmedia":[{"embeddable":true,"href":"https:\/\/solem-irrigation.com\/it\/wp-json\/wp\/v2\/media\/463"}],"wp:attachment":[{"href":"https:\/\/solem-irrigation.com\/it\/wp-json\/wp\/v2\/media?parent=482"}],"wp:term":[{"taxonomy":"product_brand","embeddable":true,"href":"https:\/\/solem-irrigation.com\/it\/wp-json\/wp\/v2\/product_brand?post=482"},{"taxonomy":"product_cat","embeddable":true,"href":"https:\/\/solem-irrigation.com\/it\/wp-json\/wp\/v2\/product_cat?post=482"},{"taxonomy":"product_tag","embeddable":true,"href":"https:\/\/solem-irrigation.com\/it\/wp-json\/wp\/v2\/product_tag?post=482"}],"curies":[{"name":"wp","href":"https:\/\/api.w.org\/{rel}","templated":true}]}}