{"id":17000,"date":"2026-03-03T09:26:57","date_gmt":"2026-03-03T08:26:57","guid":{"rendered":"https:\/\/solem-irrigation.com\/?post_type=product&#038;p=17000"},"modified":"2026-03-25T16:12:12","modified_gmt":"2026-03-25T15:12:12","slug":"lr-ip","status":"publish","type":"product","link":"https:\/\/solem-irrigation.com\/it\/prodotto\/lr-ip\/","title":{"rendered":"LR-IP"},"content":{"rendered":"<p>Le LR-IP est un programmateur d\u2019arrosage Bluetooth et LoRa \u00e9tanche, \u00e0 pile, capable de programmer en s\u00e9quentiel des \u00e9lectrovannes 9V. Son utilisation est id\u00e9ale pour les installations enterr\u00e9es : plus besoin d\u2019ouvrir les regards ! En association avec une passerelle Wi-Fi ou 4G, il est pilotable \u00e0 distance o\u00f9 que vous soyez. Reli\u00e9 \u00e0 un compteur d\u2019eau, il permettra de suivre votre consommation d\u2019eau et de recevoir des alertes en temps r\u00e9el en cas de fuites, de sous- et sur-d\u00e9bit. Son autonomie est augment\u00e9e et son installation est rapide et facile gr\u00e2ce \u00e0 sa connexion en champs proche.<\/p>\n<div class=\"wp-block-columns desciption-spec-columns\">\n<div class=\"desciption-spec active\">\n<div class=\"wp-block-image\">\n<img decoding=\"async\" src=\"https:\/\/solem-irrigation.com\/wp-content\/uploads\/2026\/02\/P_waterproof.png\" alt=\"\" class=\"spec-image\">\n<\/div>\n<div class=\"desciption-spec-text\">\n<p class=\"has-text-align-center title\"><strong>Etanche &#038; robuste<\/strong><\/p>\n<\/div>\n<\/div>\n<div class=\"desciption-spec active\">\n<div class=\"wp-block-image\">\n<img decoding=\"async\" loading=\"lazy\" src=\"https:\/\/solem-irrigation.com\/wp-content\/uploads\/2026\/02\/P_champ-proche.png\" alt=\"\" class=\"spec-image\">\n<\/div>\n<div class=\"desciption-spec-text\">\n<p class=\"has-text-align-center title\"><strong>Installation simplifi\u00e9e<\/strong><\/p>\n<\/div>\n<\/div>\n<div class=\"desciption-spec active\">\n<div class=\"wp-block-image\">\n<img decoding=\"async\" loading=\"lazy\" src=\"https:\/\/solem-irrigation.com\/wp-content\/uploads\/2026\/02\/P_Eco-Mode__.png\" alt=\"\" class=\"spec-image\">\n<\/div>\n<div class=\"desciption-spec-text\">\n<p class=\"has-text-align-center title\"><strong>Eco Mode<\/strong><\/p>\n<\/div>\n<\/div>\n<div class=\"desciption-spec active\">\n<div class=\"wp-block-image\">\n<img decoding=\"async\" loading=\"lazy\" src=\"https:\/\/solem-irrigation.com\/wp-content\/uploads\/2026\/02\/P_distance.png\" alt=\"\" class=\"spec-image\">\n<\/div>\n<div class=\"desciption-spec-text\">\n<p class=\"has-text-align-center title\"><strong>Programmation \u00e0 distance<\/strong><\/p>\n<\/div>\n<\/div>\n<div class=\"desciption-spec active\">\n<div class=\"wp-block-image\">\n<img decoding=\"async\" src=\"https:\/\/solem-irrigation.com\/wp-content\/uploads\/2026\/03\/P_meteo.png\" alt=\"\" class=\"spec-image\">\n<\/div>\n<div class=\"desciption-spec-text\">\n<p class=\"has-text-align-center title\"><strong>Connesso al meteo<\/strong><\/p>\n<\/div>\n<\/div>\n<div class=\"desciption-spec active\">\n<div class=\"wp-block-image\">\n<img decoding=\"async\" loading=\"lazy\" src=\"https:\/\/solem-irrigation.com\/wp-content\/uploads\/2026\/03\/P_compteur-deau_.png\" alt=\"\" class=\"spec-image\">\n<\/div>\n<div class=\"desciption-spec-text\">\n<p class=\"has-text-align-center title\"><strong>Ma\u00eetrise de la conso. d&#8217;eau<\/strong><\/p>\n<\/div>\n<\/div>\n<div class=\"desciption-spec active\">\n<div class=\"wp-block-image\">\n<img decoding=\"async\" loading=\"lazy\" src=\"https:\/\/solem-irrigation.com\/wp-content\/uploads\/2026\/02\/P_MySOLEM.png\" alt=\"\" class=\"spec-image\">\n<\/div>\n<div class=\"desciption-spec-text\">\n<p class=\"has-text-align-center title\"><strong>Fonctionnalit\u00e9s avanc\u00e9es<\/strong><\/p>\n<\/div>\n<\/div>\n<\/div>\n<p><a class=\"perfo-Link\" href=\"\/it\/solem-performance\/\" ><i class=\"far fa-arrow-alt-circle-right\"><\/i>Scoprite la nuova generazione<\/a><\/p>","protected":false},"excerpt":{"rendered":"<h3 class=\"product-name\" style=\"display: none;\">LR-IP<\/h3>\n<h3>Programmateur d&#8217;irrigation LoRa<\/h3>\n<div class=\"short-spec\">\n<p class=\"techno-icones\"><img decoding=\"async\" src=\"\/wp-content\/uploads\/2024\/09\/BL.png\"\/><img decoding=\"async\" src=\"\/wp-content\/uploads\/2024\/09\/LoRa.png\"\/> <img decoding=\"async\" src=\"https:\/\/solem-irrigation.com\/wp-content\/uploads\/2025\/11\/P_NFC-2.png\"\/><\/p>\n<p><span class=\"spec-icon\"><img decoding=\"async\" src=\"https:\/\/solem-irrigation.com\/wp-content\/uploads\/2026\/03\/P_vannes.png\"\/><\/span> <span class=\"spec-text\">1\/2\/4\/6 station(s)<\/span><\/p>\n<p><span class=\"spec-icon\"><img decoding=\"async\" src=\"https:\/\/solem-irrigation.com\/wp-content\/uploads\/2026\/03\/P_enteescap.png\"\/><\/span> <span class=\"spec-text\">Ingresso contatore acqua o sensore pioggia o pressostato<\/span><\/p>\n<\/div>\n<div class=\"product-slide-bottom\">\n<div class=\"product-techno\">\n<span class=\"icon-ble\"><img decoding=\"async\" src=\"https:\/\/solem-irrigation.com\/wp-content\/uploads\/2024\/09\/BL.png\"\/><\/span><br \/>\n<span><img decoding=\"async\" src=\"https:\/\/solem-irrigation.com\/wp-content\/uploads\/2024\/09\/LoRa.png\"\/><\/span>\n<\/div>\n<p class=\"product-link\">VEDERE<\/p>\n<\/div>","protected":false},"featured_media":15339,"template":"","meta":[],"product_brand":[],"product_cat":[60,19,32,20,34,35,36],"product_tag":[],"class_list":{"0":"post-17000","1":"product","2":"type-product","3":"status-publish","4":"has-post-thumbnail","6":"product_cat-arrosage","7":"product_cat-arrosage-residentiel","8":"product_cat-irrigation-municipalite","9":"product_cat-jardin-connecte","10":"product_cat-programmateurs-pile-residentiel","11":"product_cat-programmateurs-pile-jardin-connecte","12":"product_cat-programmateurs-pile-municipalite","13":"has-content","15":"first","16":"instock","17":"shipping-taxable","18":"purchasable","19":"product-type-variable"},"jetpack_sharing_enabled":true,"_links":{"self":[{"href":"https:\/\/solem-irrigation.com\/it\/wp-json\/wp\/v2\/product\/17000","targetHints":{"allow":["GET"]}}],"collection":[{"href":"https:\/\/solem-irrigation.com\/it\/wp-json\/wp\/v2\/product"}],"about":[{"href":"https:\/\/solem-irrigation.com\/it\/wp-json\/wp\/v2\/types\/product"}],"wp:featuredmedia":[{"embeddable":true,"href":"https:\/\/solem-irrigation.com\/it\/wp-json\/wp\/v2\/media\/15339"}],"wp:attachment":[{"href":"https:\/\/solem-irrigation.com\/it\/wp-json\/wp\/v2\/media?parent=17000"}],"wp:term":[{"taxonomy":"product_brand","embeddable":true,"href":"https:\/\/solem-irrigation.com\/it\/wp-json\/wp\/v2\/product_brand?post=17000"},{"taxonomy":"product_cat","embeddable":true,"href":"https:\/\/solem-irrigation.com\/it\/wp-json\/wp\/v2\/product_cat?post=17000"},{"taxonomy":"product_tag","embeddable":true,"href":"https:\/\/solem-irrigation.com\/it\/wp-json\/wp\/v2\/product_tag?post=17000"}],"curies":[{"name":"wp","href":"https:\/\/api.w.org\/{rel}","templated":true}]}}