{"id":16928,"date":"2026-02-25T16:58:51","date_gmt":"2026-02-25T15:58:51","guid":{"rendered":"https:\/\/solem-irrigation.com\/?post_type=product&#038;p=16928"},"modified":"2026-03-05T12:06:53","modified_gmt":"2026-03-05T11:06:53","slug":"woobee","status":"publish","type":"product","link":"https:\/\/solem-irrigation.com\/it\/prodotto\/woobee\/","title":{"rendered":"WooBee"},"content":{"rendered":"<p>Le WooBee est un programmateur d\u2019arrosage Bluetooth \u00e9tanche \u00e0 pile capable de programmer en s\u00e9quentiel des \u00e9lectrovannes 9V. Il est dot\u00e9 \u00e9galement d\u2019un large \u00e9cran pour une utilisation facile. Son entr\u00e9e compteur d\u2019eau vous permettra d\u2019agir en cas de fuite, de sur-consommation ou de sous-consommation d\u2019eau. Remont\u00e9e des graphiques de consommation d\u2019eau via l\u2019app. Son autonomie est augment\u00e9e et son installation est rapide et facile gr\u00e2ce \u00e0 sa connexion en champs proche.<\/p>\n<div class=\"wp-block-columns desciption-spec-columns\">\n<div class=\"desciption-spec active\">\n<div class=\"wp-block-image\">\n<img decoding=\"async\" src=\"https:\/\/solem-irrigation.com\/wp-content\/uploads\/2026\/02\/P_waterproof.png\" alt=\"\" class=\"spec-image\">\n<\/div>\n<div class=\"desciption-spec-text\">\n<p class=\"has-text-align-center title\"><strong>Etanche<\/strong><\/p>\n<\/div>\n<\/div>\n<div class=\"desciption-spec active\">\n<div class=\"wp-block-image\">\n<img decoding=\"async\" loading=\"lazy\" src=\"https:\/\/solem-irrigation.com\/wp-content\/uploads\/2026\/03\/P_app-or-buttons.png\" alt=\"\" class=\"spec-image\">\n<\/div>\n<div class=\"desciption-spec-text\">\n<p class=\"has-text-align-center title\"><strong>Facile da usare<\/strong><\/p>\n<\/div>\n<\/div>\n<div class=\"desciption-spec active\">\n<div class=\"wp-block-image\">\n<img decoding=\"async\" loading=\"lazy\" src=\"https:\/\/solem-irrigation.com\/wp-content\/uploads\/2026\/02\/P_Eco-Mode__.png\" alt=\"\" class=\"spec-image\">\n<\/div>\n<div class=\"desciption-spec-text\">\n<p class=\"has-text-align-center title\"><strong>Eco Mode<\/strong><\/p>\n<\/div>\n<\/div>\n<div class=\"desciption-spec active\">\n<div class=\"wp-block-image\">\n<img decoding=\"async\" loading=\"lazy\" src=\"https:\/\/solem-irrigation.com\/wp-content\/uploads\/2026\/02\/P_Waterbudget-mensuel.png\" alt=\"\" class=\"spec-image\">\n<\/div>\n<div class=\"desciption-spec-text\">\n<p class=\"has-text-align-center title\"><strong>Waterbudget mensuel<\/strong><\/p>\n<\/div>\n<\/div>\n<div class=\"desciption-spec active\">\n<div class=\"wp-block-image\">\n<img decoding=\"async\" loading=\"lazy\" src=\"https:\/\/solem-irrigation.com\/wp-content\/uploads\/2026\/02\/P_MySOLEM.png\" alt=\"\" class=\"spec-image\">\n<\/div>\n<div class=\"desciption-spec-text\">\n<p class=\"has-text-align-center title\"><strong>Mode Asynchrone<\/strong><\/p>\n<\/div>\n<\/div>\n<div class=\"desciption-spec active\">\n<div class=\"wp-block-image\">\n<img decoding=\"async\" loading=\"lazy\" src=\"https:\/\/solem-irrigation.com\/wp-content\/uploads\/2026\/03\/P_compteur-deau_.png\" alt=\"\" class=\"spec-image\">\n<\/div>\n<div class=\"desciption-spec-text\">\n<p class=\"has-text-align-center title\"><strong>Contr\u00f4le de la conso d&#8217;eau (\u00e0 10m)<\/strong><\/p>\n<\/div>\n<\/div>\n<\/div>\n<p><a class=\"perfo-Link\" href=\"\/it\/solem-performance\/\" ><i class=\"far fa-arrow-alt-circle-right\"><\/i>Scoprite la nuova generazione<\/a><\/p>","protected":false},"excerpt":{"rendered":"<h3 class=\"product-name\" style=\"display: none;\">WooBee<\/h3>\n<h3>Programmatore di irrigazione Bluetooth con display<\/h3>\n<div class=\"short-spec\">\n<p class=\"techno-icones\"><img decoding=\"async\" src=\"\/wp-content\/uploads\/2024\/09\/BL.png\"\/><\/p>\n<p><span class=\"spec-icon\"><img decoding=\"async\" src=\"https:\/\/solem-irrigation.com\/wp-content\/uploads\/2026\/03\/P_vannes.png\"\/><\/span> <span class=\"spec-text\">1\/2\/4\/6 station(s)<\/span><\/p>\n<p><span class=\"spec-icon\"><img decoding=\"async\" src=\"https:\/\/solem-irrigation.com\/wp-content\/uploads\/2026\/03\/P_enteescap.png\"\/><\/span> <span class=\"spec-text\">Entr\u00e9e compteur d&#8217;eau ou sonde de pluie<\/span><\/p>\n<\/div>\n<div class=\"product-slide-bottom\">\n<div class=\"product-techno\">\n<span class=\"icon-ble\"><img decoding=\"async\" src=\"https:\/\/solem-irrigation.com\/wp-content\/uploads\/2024\/09\/BL.png\"\/><\/span>\n<\/div>\n<p class=\"product-link\">VEDERE<\/p>\n<\/div>","protected":false},"featured_media":461,"template":"","meta":[],"product_brand":[],"product_cat":[19,32,36,34],"product_tag":[],"class_list":{"0":"post-16928","1":"product","2":"type-product","3":"status-publish","4":"has-post-thumbnail","6":"product_cat-arrosage-residentiel","7":"product_cat-irrigation-municipalite","8":"product_cat-programmateurs-pile-municipalite","9":"product_cat-programmateurs-pile-residentiel","10":"has-content","12":"first","13":"instock","14":"shipping-taxable","15":"purchasable","16":"product-type-variable"},"jetpack_sharing_enabled":true,"_links":{"self":[{"href":"https:\/\/solem-irrigation.com\/it\/wp-json\/wp\/v2\/product\/16928","targetHints":{"allow":["GET"]}}],"collection":[{"href":"https:\/\/solem-irrigation.com\/it\/wp-json\/wp\/v2\/product"}],"about":[{"href":"https:\/\/solem-irrigation.com\/it\/wp-json\/wp\/v2\/types\/product"}],"wp:featuredmedia":[{"embeddable":true,"href":"https:\/\/solem-irrigation.com\/it\/wp-json\/wp\/v2\/media\/461"}],"wp:attachment":[{"href":"https:\/\/solem-irrigation.com\/it\/wp-json\/wp\/v2\/media?parent=16928"}],"wp:term":[{"taxonomy":"product_brand","embeddable":true,"href":"https:\/\/solem-irrigation.com\/it\/wp-json\/wp\/v2\/product_brand?post=16928"},{"taxonomy":"product_cat","embeddable":true,"href":"https:\/\/solem-irrigation.com\/it\/wp-json\/wp\/v2\/product_cat?post=16928"},{"taxonomy":"product_tag","embeddable":true,"href":"https:\/\/solem-irrigation.com\/it\/wp-json\/wp\/v2\/product_tag?post=16928"}],"curies":[{"name":"wp","href":"https:\/\/api.w.org\/{rel}","templated":true}]}}