{"id":3,"date":"2022-05-11T17:00:09","date_gmt":"2022-05-11T15:00:09","guid":{"rendered":"http:\/\/solem.com\/?page_id=3"},"modified":"2022-09-20T14:58:03","modified_gmt":"2022-09-20T12:58:03","slug":"politique-de-confidentialite","status":"publish","type":"page","link":"https:\/\/solem-irrigation.com\/it\/politique-de-confidentialite\/","title":{"rendered":"Politica sulla riservatezza"},"content":{"rendered":"<h4 class=\"wp-block-heading\">POLITICA SULLA PROTEZIONE DEI DATI PERSONALI<\/h4>\n\n\n\n<p>Solem si impegna, nell'ambito delle sue attivit\u00e0 e in conformit\u00e0 con la legislazione vigente in Francia e in Europa, a garantire la protezione, la riservatezza e la sicurezza dei dati personali degli utenti dei suoi servizi, nonch\u00e9 a rispettare la loro vita privata.<\/p>\n\n\n\n<h4 class=\"wp-block-heading\">Perch\u00e9 Solem tratta i tuoi dati?<\/h4>\n\n\n\n<p>Solem tratta i dati personali solo per scopi determinati, espliciti e legittimi. Solem non tratta questi dati in modo incompatibile con tali finalit\u00e0.<\/p>\n\n\n\n<h6 class=\"wp-block-heading\">1) Solem tratta i tuoi dati nell'ambito dell'esecuzione di un contratto<\/h6>\n\n\n\n<p>A tal fine le finalit\u00e0 perseguite da Solem sono le seguenti:<\/p>\n\n\n\n<ul class=\"wp-block-list\"><li>Gestione, trattamento e tracciabilit\u00e0 degli ordini<\/li><li>Creazione account<\/li><li>Creazione e condivisione di contenuti<\/li><li>Creazione e condivisione di foto (dati compressi)<\/li><li>Creazione e condivisione di messaggi audio (dati compressi)<\/li><li>Notifiche necessarie al funzionamento dei servizi offerti (ad esempio: attimetria, utilizzo badge)<\/li><li>Geolocalizzazioni necessarie al funzionamento dei servizi offerti (ad esempio: utilizzo delle funzioni BLE, WIFI, GPS, 3G)<\/li><\/ul>\n\n\n\n<p>I tuoi dati sono conservati per il tempo necessario al raggiungimento delle finalit\u00e0 sopra indicate. Per quanto riguarda i trattamenti relativi all'esecuzione del contratto, i dati potranno essere conservati per un periodo massimo di tre anni dalla cessazione del rapporto contrattuale.<\/p>\n\n\n\n<h6 class=\"wp-block-heading\">2) Solem effettua trattamenti di dati anche per finalit\u00e0 diverse dalla mera esecuzione dei contratti. In tal caso Solem garantisce di avere un legittimo interesse ad effettuare il trattamento. Inoltre, le operazioni di trattamento potranno essere subordinate, ove necessario, alla raccolta del tuo consenso, che potrai revocare in ogni momento.<\/h6>\n\n\n\n<p>A tal fine le finalit\u00e0 perseguite da Solem sono le seguenti:<\/p>\n\n\n\n<ul class=\"wp-block-list\"><li>Informati iscrivendoti alle Newsletter<\/li><li>Rispondere alle domande, consigliare<\/li><li>Soddisfare le esigenze operative dei servizi (Cookie).<\/li><li>I cookie utilizzati da Solem vengono utilizzati solo per mantenere la sessione dell'utente dopo l'autenticazione. Si tratta esclusivamente di cookie funzionali, che possono comunque essere rifiutati configurando le impostazioni del browser.<\/li><\/ul>\n\n\n\n<p>I tuoi dati sono conservati per il tempo necessario al raggiungimento delle finalit\u00e0 sopra indicate.<\/p>\n\n\n\n<h4 class=\"wp-block-heading\">Quali dati vengono trattati?<\/h4>\n\n\n\n<p>A seconda dei casi, Solem tratta i tuoi dati personali, raccolti direttamente presso te o derivanti dall'utilizzo di prodotti o servizi.<br>Solem tratta i dati o una categoria di dati solo se strettamente necessario per lo scopo previsto.<br><br>Solem tratta le seguenti categorie di dati:<\/p>\n\n\n\n<ul class=\"wp-block-list\"><li>Dati identificativi: Cognome, nome\u2026<\/li><li>Caratteristiche personali: data di nascita<\/li><li>Dati di contatto: indirizzo postale, e-mail, numero di telefono, ecc.<\/li><li>Dati economici e finanziari: mezzi di pagamento, storico dei pagamenti, ecc.<\/li><li>Dati di connessione, utilizzo del servizio e interazione<\/li><li>Prodotti e servizi posseduti o utilizzati e contenuti associati<\/li><li>Dati sulla posizione<\/li><\/ul>\n\n\n\n<h4 class=\"wp-block-heading\">Chi sono i destinatari dei tuoi dati?<\/h4>\n\n\n\n<p>I dati raccolti sono destinati ai servizi online di Solem e ai servizi interni di Solem (secondo le condizioni contrattuali).<\/p>\n\n\n\n<h4 class=\"wp-block-heading\">Quali sono i tuoi diritti?<\/h4>\n\n\n\n<p>Hai il diritto di accedere, modificare, dimenticare digitalmente e cancellare i dati che ti riguardano. Puoi richiederne la portabilit\u00e0. Hai inoltre il diritto di opporti al trattamento effettuato o di chiederne la limitazione.<\/p>\n\n\n\n<h4 class=\"wp-block-heading\">Come esercitare i tuoi diritti?<\/h4>\n\n\n\n<p>Puoi esercitare i tuoi diritti in qualsiasi momento contattando il responsabile della protezione dei dati personali: dpo@solem.fr<\/p>\n\n\n\n<h4 class=\"wp-block-heading\">Come sono protetti i tuoi dati?<\/h4>\n\n\n\n<p>SOLEM garantisce che i tuoi dati siano trattati in modo sicuro e confidenziale, anche quando determinate operazioni vengono eseguite dai partner.<br>A tal fine SOLEM ha adottato misure organizzative adeguate per preservare la riservatezza e la vita privata delle persone interessate.<br>Queste misure sono adattate in base al livello di sensibilit\u00e0 dei dati trattati e in base al livello di rischio presentato dal trattamento o dalla sua attuazione. Queste misure garantiscono che siano evitati la perdita, l\u2019uso improprio, la modifica e la cancellazione dei dati personali interessati.<br>SOLEM garantisce la sicurezza dei dati e dei server, l'accessibilit\u00e0 nonch\u00e9 la manutenzione scalabile e correttiva dei servizi associati. SOLEM garantisce l'integrit\u00e0 dei backup partizionati.<br>Le domande o richieste dei clienti vengono effettuate direttamente all'indirizzo dpo@solem.fr.<\/p>\n\n\n\n<h4 class=\"wp-block-heading\">INFORMAZIONI LEGALI<\/h4>\n\n\n\n<p>SOLEM SAS<br>ZAE La plaine<br>5, rue Georges BESSE<br>34830 CLAPIERS<br>contact@solem.fr<br>+33 (0)4 67 59 24 25<\/p>\n\n\n\n<p>SAS au capital de 337 088 \u20ac<br>RCS Montpellier B 329.605.760<br>Partita IVA: FR68 329 605 760<\/p>\n\n\n\n<p>Direttore della pubblicazione: Sig. Fr\u00e9d\u00e9ric COMTE<br>L'hosting di siti e piattaforme \u00e8 gestito da SOLEM.<\/p>","protected":false},"excerpt":{"rendered":"<p>POLITIQUE DE PROTECTION DES DONNEES PERSONNELLES Solem s\u2019engage, dans le cadre de ses activit\u00e9s et&hellip;<\/p>","protected":false},"author":1,"featured_media":0,"parent":0,"menu_order":0,"comment_status":"closed","ping_status":"open","template":"","meta":{"footnotes":""},"folder":[],"class_list":["post-3","page","type-page","status-publish","hentry","has-content"],"jetpack_sharing_enabled":true,"_links":{"self":[{"href":"https:\/\/solem-irrigation.com\/it\/wp-json\/wp\/v2\/pages\/3","targetHints":{"allow":["GET"]}}],"collection":[{"href":"https:\/\/solem-irrigation.com\/it\/wp-json\/wp\/v2\/pages"}],"about":[{"href":"https:\/\/solem-irrigation.com\/it\/wp-json\/wp\/v2\/types\/page"}],"author":[{"embeddable":true,"href":"https:\/\/solem-irrigation.com\/it\/wp-json\/wp\/v2\/users\/1"}],"replies":[{"embeddable":true,"href":"https:\/\/solem-irrigation.com\/it\/wp-json\/wp\/v2\/comments?post=3"}],"version-history":[{"count":1,"href":"https:\/\/solem-irrigation.com\/it\/wp-json\/wp\/v2\/pages\/3\/revisions"}],"predecessor-version":[{"id":1427,"href":"https:\/\/solem-irrigation.com\/it\/wp-json\/wp\/v2\/pages\/3\/revisions\/1427"}],"wp:attachment":[{"href":"https:\/\/solem-irrigation.com\/it\/wp-json\/wp\/v2\/media?parent=3"}],"wp:term":[{"taxonomy":"folder","embeddable":true,"href":"https:\/\/solem-irrigation.com\/it\/wp-json\/wp\/v2\/folder?post=3"}],"curies":[{"name":"wp","href":"https:\/\/api.w.org\/{rel}","templated":true}]}}