{"id":9533,"date":"2024-09-30T12:21:56","date_gmt":"2024-09-30T10:21:56","guid":{"rendered":"https:\/\/solem-irrigation.com\/?post_type=product&#038;p=9533"},"modified":"2026-03-05T11:53:32","modified_gmt":"2026-03-05T10:53:32","slug":"lr-nr","status":"publish","type":"product","link":"https:\/\/solem-irrigation.com\/es\/producto\/lr-nr\/","title":{"rendered":"LR-NR"},"content":{"rendered":"<p class=\"product-description-text\">Descubra nuestro programador de grifo, el LR-NR, ahora disponible en LoRa. Conecte su m\u00f3dulo a una pasarela Wi-Fi SOLEM y programe su riego dondequiera que est\u00e9. Ahorre tiempo si no tiene acceso al lugar de la instalaci\u00f3n.<\/p>\n<div class=\"wp-block-columns desciption-spec-columns\">\n<div class=\"desciption-spec active\">\n<div class=\"wp-block-image\">\n<img decoding=\"async\" loading=\"lazy\" src=\"https:\/\/solem-irrigation.com\/wp-content\/uploads\/2026\/02\/P_arrosahe_bru.png\" alt=\"\" class=\"spec-image\">\n<\/div>\n<div class=\"desciption-spec-text\">\n<p class=\"has-text-align-center title\"><strong>Riego y nebulizaci\u00f3n<\/strong><\/p>\n<\/div>\n<\/div>\n<div class=\"desciption-spec active\">\n<div class=\"wp-block-image\">\n<img decoding=\"async\" loading=\"lazy\" src=\"https:\/\/solem-irrigation.com\/wp-content\/uploads\/2026\/02\/P_installation.png\" alt=\"\" class=\"spec-image\">\n<\/div>\n<div class=\"desciption-spec-text\">\n<p class=\"has-text-align-center title\"><strong>Instalaci\u00f3n f\u00e1cil y r\u00e1pida<\/strong><\/p>\n<\/div>\n<\/div>\n<div class=\"desciption-spec active\">\n<div class=\"wp-block-image\">\n<img decoding=\"async\" loading=\"lazy\" src=\"https:\/\/solem-irrigation.com\/wp-content\/uploads\/2026\/02\/P_robuste.png\" alt=\"\" class=\"spec-image\">\n<\/div>\n<div class=\"desciption-spec-text\">\n<p class=\"has-text-align-center title\"><strong>Robusto \u2013 con anillo de lat\u00f3n<\/strong><\/p>\n<\/div>\n<\/div>\n<div class=\"desciption-spec active\">\n<div class=\"wp-block-image\">\n<img decoding=\"async\" loading=\"lazy\" src=\"https:\/\/solem-irrigation.com\/wp-content\/uploads\/2026\/02\/P_distance.png\" alt=\"\" class=\"spec-image\">\n<\/div>\n<div class=\"desciption-spec-text\">\n<p class=\"has-text-align-center title\"><strong>Programaci\u00f3n a distancia<\/strong><\/p>\n<\/div>\n<\/div>\n<div class=\"desciption-spec active\">\n<div class=\"wp-block-image\">\n<img decoding=\"async\" loading=\"lazy\" src=\"https:\/\/solem-irrigation.com\/wp-content\/uploads\/2026\/02\/P_Eco-Mode__.png\" alt=\"\" class=\"spec-image\">\n<\/div>\n<div class=\"desciption-spec-text\">\n<p class=\"has-text-align-center title\"><strong>Eco Mode<\/strong><\/p>\n<\/div>\n<\/div>\n<\/div>\n<p><a class=\"perfo-Link\" href=\"\/es\/solem-performance\/\"><i class=\"far fa-arrow-alt-circle-right\"><\/i>Descubra la nueva generaci\u00f3n<\/a><\/p>","protected":false},"excerpt":{"rendered":"<h3 class=\"product-name\" style=\"display: none;\">LR-NR<\/h3>\n<h3>Programador de grifo LoRa, <br \/>riego \/ nebulizaci\u00f3n<\/h3>\n<div class=\"short-spec\">\n<p class=\"techno-icones\"><img decoding=\"async\" src=\"\/wp-content\/uploads\/2024\/09\/BL.png\"\/><img decoding=\"async\" src=\"\/wp-content\/uploads\/2024\/09\/LoRa.png\"\/><\/p>\n<p><span class=\"spec-icon\"><img decoding=\"async\" src=\"https:\/\/solem-irrigation.com\/wp-content\/uploads\/2026\/02\/P_tap-nose.png\"\/><\/span> <span class=\"spec-text\">1 estaci\u00f3n<\/span><\/p>\n<\/div>\n<div class=\"product-slide-bottom\">\n<div class=\"product-techno\">\n<span class=\"icon-ble\"><img decoding=\"async\" src=\"https:\/\/solem-irrigation.com\/wp-content\/uploads\/2024\/09\/BL.png\"\/><\/span><br \/>\n<span class=\"icon-ble compteur-eau product-info-icon\" data-title=\"Non compatible compteur d'eau\"><img decoding=\"async\" src=\"https:\/\/solem-irrigation.com\/wp-content\/uploads\/2024\/09\/compteur_eau.png\"\/><\/span>\n<\/div>\n<p class=\"product-link\">VER<\/p>\n<\/div>","protected":false},"featured_media":15337,"template":"","meta":[],"product_brand":[],"product_cat":[60,19,32,20,35,36,34],"product_tag":[],"class_list":{"0":"post-9533","1":"product","2":"type-product","3":"status-publish","4":"has-post-thumbnail","6":"product_cat-arrosage","7":"product_cat-arrosage-residentiel","8":"product_cat-irrigation-municipalite","9":"product_cat-jardin-connecte","10":"product_cat-programmateurs-pile-jardin-connecte","11":"product_cat-programmateurs-pile-municipalite","12":"product_cat-programmateurs-pile-residentiel","13":"has-content","15":"first","16":"instock","17":"shipping-taxable","18":"purchasable","19":"product-type-simple"},"jetpack_sharing_enabled":true,"_links":{"self":[{"href":"https:\/\/solem-irrigation.com\/es\/wp-json\/wp\/v2\/product\/9533","targetHints":{"allow":["GET"]}}],"collection":[{"href":"https:\/\/solem-irrigation.com\/es\/wp-json\/wp\/v2\/product"}],"about":[{"href":"https:\/\/solem-irrigation.com\/es\/wp-json\/wp\/v2\/types\/product"}],"wp:featuredmedia":[{"embeddable":true,"href":"https:\/\/solem-irrigation.com\/es\/wp-json\/wp\/v2\/media\/15337"}],"wp:attachment":[{"href":"https:\/\/solem-irrigation.com\/es\/wp-json\/wp\/v2\/media?parent=9533"}],"wp:term":[{"taxonomy":"product_brand","embeddable":true,"href":"https:\/\/solem-irrigation.com\/es\/wp-json\/wp\/v2\/product_brand?post=9533"},{"taxonomy":"product_cat","embeddable":true,"href":"https:\/\/solem-irrigation.com\/es\/wp-json\/wp\/v2\/product_cat?post=9533"},{"taxonomy":"product_tag","embeddable":true,"href":"https:\/\/solem-irrigation.com\/es\/wp-json\/wp\/v2\/product_tag?post=9533"}],"curies":[{"name":"wp","href":"https:\/\/api.w.org\/{rel}","templated":true}]}}