{"id":847,"date":"2022-06-15T17:27:53","date_gmt":"2022-06-15T15:27:53","guid":{"rendered":"http:\/\/solem.com\/?post_type=product&#038;p=847"},"modified":"2025-12-22T13:22:40","modified_gmt":"2025-12-22T12:22:40","slug":"ec-10-hs","status":"publish","type":"product","link":"https:\/\/solem-irrigation.com\/es\/producto\/ec-10-hs\/","title":{"rendered":"EC 10 HS DECAGON"},"content":{"rendered":"<p>El sensor de humedad EC10 HS se utiliza para medir el contenido volum\u00e9trico de humedad de los suelos. Utiliza una frecuencia de 70 MHz, lo que lo convierte en un sensor ideal para sus proyectos agr\u00edcolas. Su alta resoluci\u00f3n permite realizar un seguimiento diario u horario de las entradas de agua en el suelo. Adem\u00e1s, la sonda EC10 HS ofrece el mismo volumen de medici\u00f3n que la mayor\u00eda de los sensores de suelo, que miden 20 cm m\u00e1s. Es  el equilibrio perfecto entre el volumen de influencia y el tama\u00f1o del sensor.<\/p>\n<div class=\"wp-block-columns desciption-spec-columns\">\n<div class=\"desciption-spec active\">\n<div class=\"wp-block-image\">\n<img decoding=\"async\" src=\"https:\/\/solem-irrigation.com\/wp-content\/uploads\/2022\/07\/Picto_mesure-humidite-sol.png\" alt=\"\" class=\"spec-image\">\n<\/div>\n<div class=\"desciption-spec-text\">\n<p class=\"has-text-align-center title\"><strong>Medici\u00f3n precisa de la humedad del suelo<\/strong><\/p>\n<\/div>\n<\/div>\n<div class=\"desciption-spec active\">\n<div class=\"wp-block-image\">\n<img decoding=\"async\" loading=\"lazy\" src=\"https:\/\/solem-irrigation.com\/wp-content\/uploads\/2022\/07\/Picto_sols.png\" alt=\"\" class=\"spec-image\">\n<\/div>\n<div class=\"desciption-spec-text\">\n<p class=\"has-text-align-center title\"><strong>Todo tipo de suelos<\/strong><\/p>\n<\/div>\n<\/div>\n<div class=\"desciption-spec active\">\n<div class=\"wp-block-image\">\n<img decoding=\"async\" loading=\"lazy\" src=\"https:\/\/solem-irrigation.com\/wp-content\/uploads\/2022\/07\/Picto_agricole.png\" alt=\"\" class=\"spec-image\">\n<\/div>\n<div class=\"desciption-spec-text\">\n<p class=\"has-text-align-center title\"><strong>Aplicaci\u00f3n (uso) agr\u00edcola<\/strong><\/p>\n<\/div>\n<\/div>\n<\/div>","protected":false},"excerpt":{"rendered":"<h3 class=\"product-name\" style=\"display: none;\">EC 10 HS DECAGON<\/h3>\n<h3>Sonda de humedad<\/h3>\n<div class=\"short-spec\">\n<p><span class=\"spec-icon\"><img decoding=\"async\" src=\"https:\/\/solem-irrigation.com\/wp-content\/uploads\/2022\/07\/Picto_decagon-lrms.png\"\/><\/span> <span class=\"spec-text\">Requiere LR-MS<\/span><\/p>\n<\/div>\n<div class=\"product-slide-bottom\">\n<p class=\"product-info-icon\" data-title=\"Requiert un module sonde\"><i class=\"fas fa-exclamation-circle\"><\/i><\/p>\n<p class=\"product-link\">VER<\/p>\n<\/div>","protected":false},"featured_media":848,"template":"","meta":[],"product_brand":[],"product_cat":[33,32,44,45],"product_tag":[],"class_list":{"0":"post-847","1":"product","2":"type-product","3":"status-publish","4":"has-post-thumbnail","6":"product_cat-irrigation-agriculture","7":"product_cat-irrigation-municipalite","8":"product_cat-sondes-municipalite","9":"product_cat-sondes-agriculture","10":"has-content","12":"first","13":"instock","14":"shipping-taxable","15":"purchasable","16":"product-type-simple"},"jetpack_sharing_enabled":true,"_links":{"self":[{"href":"https:\/\/solem-irrigation.com\/es\/wp-json\/wp\/v2\/product\/847","targetHints":{"allow":["GET"]}}],"collection":[{"href":"https:\/\/solem-irrigation.com\/es\/wp-json\/wp\/v2\/product"}],"about":[{"href":"https:\/\/solem-irrigation.com\/es\/wp-json\/wp\/v2\/types\/product"}],"wp:featuredmedia":[{"embeddable":true,"href":"https:\/\/solem-irrigation.com\/es\/wp-json\/wp\/v2\/media\/848"}],"wp:attachment":[{"href":"https:\/\/solem-irrigation.com\/es\/wp-json\/wp\/v2\/media?parent=847"}],"wp:term":[{"taxonomy":"product_brand","embeddable":true,"href":"https:\/\/solem-irrigation.com\/es\/wp-json\/wp\/v2\/product_brand?post=847"},{"taxonomy":"product_cat","embeddable":true,"href":"https:\/\/solem-irrigation.com\/es\/wp-json\/wp\/v2\/product_cat?post=847"},{"taxonomy":"product_tag","embeddable":true,"href":"https:\/\/solem-irrigation.com\/es\/wp-json\/wp\/v2\/product_tag?post=847"}],"curies":[{"name":"wp","href":"https:\/\/api.w.org\/{rel}","templated":true}]}}