{"id":6790,"date":"2023-11-10T11:47:35","date_gmt":"2023-11-10T10:47:35","guid":{"rendered":"https:\/\/solem-irrigation.com\/?post_type=product&#038;p=6790"},"modified":"2026-03-26T10:55:23","modified_gmt":"2026-03-26T09:55:23","slug":"kit-lr-ip-eco","status":"publish","type":"product","link":"https:\/\/solem-irrigation.com\/es\/producto\/kit-lr-ip-eco\/","title":{"rendered":"LR-IP-ECO"},"content":{"rendered":"<p>El LR-IP-ECO es un programador de riego Bluetooth y LoRa a prueba de agua, alimentado por pila y capaz de programar secuencialmente electrov\u00e1lvulas de 9V. Es ideal para instalaciones subterr\u00e1neas: \u00a1no es necesario abrir arquetas! Adem\u00e1s, incorpora una bater\u00eda que se puede recargar utilizando la turbina instalada en la tuber\u00eda, para alargar la vida \u00fatil de la pila de 9V. Gracias a esta turbina, tambi\u00e9n puede medir el consumo diario de agua y controlar el caudal y el riesgo de fugas.<\/p>\n<div class=\"wp-block-columns desciption-spec-columns\">\n<div class=\"desciption-spec active\">\n<div class=\"wp-block-image\"><img decoding=\"async\" class=\"spec-image\" src=\"https:\/\/solem-irrigation.com\/wp-content\/uploads\/2026\/03\/P_installation-2.png\" alt=\"\" \/><\/div>\n<div class=\"desciption-spec-text\">\n<p class=\"has-text-align-center title\"><strong>F\u00e1cil de instalar<\/strong><\/p>\n<\/div>\n<\/div>\n<div class=\"desciption-spec active\">\n<div class=\"wp-block-image\"><img decoding=\"async\" class=\"spec-image\" src=\"https:\/\/solem-irrigation.com\/wp-content\/uploads\/2026\/03\/P_debimetre.png\" alt=\"\" \/><\/div>\n<div class=\"desciption-spec-text\">\n<p class=\"has-text-align-center title\"><strong>Caudal\u00edmetro integrado<\/strong><\/p>\n<\/div>\n<\/div>\n<div class=\"desciption-spec active\">\n<div class=\"wp-block-image\"><img decoding=\"async\" class=\"spec-image\" src=\"https:\/\/solem-irrigation.com\/wp-content\/uploads\/2026\/03\/P_compact.png\" alt=\"\" \/><\/div>\n<div class=\"desciption-spec-text\">\n<p class=\"has-text-align-center title\"><strong>Soluci\u00f3n compacta<\/strong><\/p>\n<\/div>\n<\/div>\n<div class=\"desciption-spec active\">\n<div class=\"wp-block-image\"><img decoding=\"async\" class=\"spec-image\" src=\"https:\/\/solem-irrigation.com\/wp-content\/uploads\/2026\/03\/P_batterie-recharge.png\" alt=\"\" \/><\/div>\n<div class=\"desciption-spec-text\">\n<p class=\"has-text-align-center title\"><strong>Bater\u00eda recargable<\/strong><\/p>\n<\/div>\n<\/div>\n<div class=\"desciption-spec active\">\n<div class=\"wp-block-image\"><img decoding=\"async\" class=\"spec-image\" src=\"https:\/\/solem-irrigation.com\/wp-content\/uploads\/2026\/03\/P_meteo.png\" alt=\"\" \/><\/div>\n<div class=\"desciption-spec-text\">\n<p class=\"has-text-align-center title\"><strong>Conectado a los datos meteorol\u00f3gicos<\/strong><\/p>\n<\/div>\n<\/div>\n<div class=\"desciption-spec active\">\n<div class=\"wp-block-image\"><img decoding=\"async\" class=\"spec-image\" src=\"https:\/\/solem-irrigation.com\/wp-content\/uploads\/2026\/03\/P_solar-panel.png\" alt=\"\" \/><\/div>\n<div class=\"desciption-spec-text\">\n<p class=\"has-text-align-center title\"><strong>Instalaci\u00f3n flexible<\/strong><\/p>\n<\/div>\n<\/div>\n<\/div>","protected":false},"excerpt":{"rendered":"<h3 class=\"product-name\" style=\"display: none;\">LR-IP-ECO<\/h3>\n<h3>Programador de riego LoRa<br \/>\u2013 Turbina o panel solar<\/h3>\n<div class=\"short-spec\">\n<p class=\"techno-icones\"><img decoding=\"async\" src=\"\/wp-content\/uploads\/2024\/09\/BL.png\"\/><img decoding=\"async\" src=\"\/wp-content\/uploads\/2024\/09\/LoRa.png\"\/><\/p>\n<p><span class=\"spec-icon\"><img decoding=\"async\" src=\"https:\/\/solem-irrigation.com\/wp-content\/uploads\/2026\/03\/P_vannes.png\"\/><\/span> <span class=\"spec-text\">1\/2\/4\/6 estaci\u00f3n(es)<\/span><\/p>\n<p><span class=\"spec-icon\"><img decoding=\"async\" src=\"https:\/\/solem-irrigation.com\/wp-content\/uploads\/2026\/03\/P_enteescap.png\"\/><\/span> <span class=\"spec-text\">Caudal\u00edmetro integrado + entrada para sensor de lluvia, presostato o contador de agua<\/span><\/p>\n<p><span class=\"spec-icon\"><img decoding=\"async\" src=\"https:\/\/solem-irrigation.com\/wp-content\/uploads\/2026\/03\/P_rechargeable_.png\"\/><\/span> <span class=\"spec-text\">Bater\u00eda interna recargable mediante turbina o panel fotovoltaico<\/span><\/p>\n<\/div>\n<div class=\"product-slide-bottom\">\n<div class=\"product-techno\">\n<span class=\"icon-ble\"><img decoding=\"async\" src=\"https:\/\/solem-irrigation.com\/wp-content\/uploads\/2024\/09\/BL.png\"\/><\/span><br \/>\n<span><img decoding=\"async\" src=\"https:\/\/solem-irrigation.com\/wp-content\/uploads\/2024\/09\/LoRa.png\"\/><\/span>\n<\/div>\n<p class=\"product-link\">VER<\/p>\n<\/div>","protected":false},"featured_media":15394,"template":"","meta":[],"product_brand":[],"product_cat":[19,32,36,34,35],"product_tag":[],"class_list":{"0":"post-6790","1":"product","2":"type-product","3":"status-publish","4":"has-post-thumbnail","6":"product_cat-arrosage-residentiel","7":"product_cat-irrigation-municipalite","8":"product_cat-programmateurs-pile-municipalite","9":"product_cat-programmateurs-pile-residentiel","10":"product_cat-programmateurs-pile-jardin-connecte","11":"has-content","13":"first","14":"instock","15":"shipping-taxable","16":"purchasable","17":"product-type-variable"},"jetpack_sharing_enabled":true,"_links":{"self":[{"href":"https:\/\/solem-irrigation.com\/es\/wp-json\/wp\/v2\/product\/6790","targetHints":{"allow":["GET"]}}],"collection":[{"href":"https:\/\/solem-irrigation.com\/es\/wp-json\/wp\/v2\/product"}],"about":[{"href":"https:\/\/solem-irrigation.com\/es\/wp-json\/wp\/v2\/types\/product"}],"wp:featuredmedia":[{"embeddable":true,"href":"https:\/\/solem-irrigation.com\/es\/wp-json\/wp\/v2\/media\/15394"}],"wp:attachment":[{"href":"https:\/\/solem-irrigation.com\/es\/wp-json\/wp\/v2\/media?parent=6790"}],"wp:term":[{"taxonomy":"product_brand","embeddable":true,"href":"https:\/\/solem-irrigation.com\/es\/wp-json\/wp\/v2\/product_brand?post=6790"},{"taxonomy":"product_cat","embeddable":true,"href":"https:\/\/solem-irrigation.com\/es\/wp-json\/wp\/v2\/product_cat?post=6790"},{"taxonomy":"product_tag","embeddable":true,"href":"https:\/\/solem-irrigation.com\/es\/wp-json\/wp\/v2\/product_tag?post=6790"}],"curies":[{"name":"wp","href":"https:\/\/api.w.org\/{rel}","templated":true}]}}