{"id":6786,"date":"2023-11-09T16:40:41","date_gmt":"2023-11-09T15:40:41","guid":{"rendered":"https:\/\/solem-irrigation.com\/?post_type=product&#038;p=6786"},"modified":"2026-03-26T11:48:36","modified_gmt":"2026-03-26T10:48:36","slug":"kit-lr-ms-eco","status":"publish","type":"product","link":"https:\/\/solem-irrigation.com\/es\/producto\/kit-lr-ms-eco\/","title":{"rendered":"LR-MS-ECO"},"content":{"rendered":"<p>El LR-MS-ECO es un m\u00f3dulo de adquisici\u00f3n de datos, LoRa, a pila y resistente al agua. Este m\u00f3dulo puede conectar una amplia gama de sensores, como por ejemplo: sondas meteorol\u00f3gicas (lluvia, humedad del aire, anemometr\u00eda y temperatura), contadores de agua, sondas de humedad del suelo, tensi\u00f3metros, sondas de nivel y muchos otros. Adem\u00e1s, incorpora una bater\u00eda que puede recargarse mediante un panel fotovoltaico para prolongar la vida \u00fatil de la pila de 9V. Asociado a una pasarela WiFi o 4G, podr\u00e1 acceder a sus datos desde cualquier lugar.<\/p>\n<div class=\"wp-block-columns desciption-spec-columns\">\n<div class=\"desciption-spec active\">\n<div class=\"wp-block-image\"><img decoding=\"async\" class=\"spec-image\" src=\"https:\/\/solem-irrigation.com\/wp-content\/uploads\/2026\/03\/P_installation-2.png\" alt=\"\" \/><\/div>\n<div class=\"desciption-spec-text\">\n<p class=\"has-text-align-center title\"><strong>F\u00e1cil de usar<\/strong><\/p>\n<\/div>\n<\/div>\n<div class=\"desciption-spec active\">\n<div class=\"wp-block-image\">\n<img decoding=\"async\" loading=\"lazy\" src=\"https:\/\/solem-irrigation.com\/wp-content\/uploads\/2026\/03\/P_water-drop.png\" alt=\"\" class=\"spec-image\">\n<\/div>\n<div class=\"desciption-spec-text\">\n<p class=\"has-text-align-center title\"><strong>Control del consumo de agua<\/strong><\/p>\n<\/div>\n<\/div>\n<div class=\"desciption-spec active\">\n<div class=\"wp-block-image\"><img decoding=\"async\" class=\"spec-image\" src=\"https:\/\/solem-irrigation.com\/wp-content\/uploads\/2026\/03\/P_batterie-recharge.png\" alt=\"\" \/><\/div>\n<div class=\"desciption-spec-text\">\n<p class=\"has-text-align-center title\"><strong>Bater\u00eda recargable<\/strong><\/p>\n<\/div>\n<\/div>\n<div class=\"desciption-spec active\">\n<div class=\"wp-block-image\"><img decoding=\"async\" class=\"spec-image\" src=\"https:\/\/solem-irrigation.com\/wp-content\/uploads\/2026\/03\/P_compact.png\" alt=\"\" \/><\/div>\n<div class=\"desciption-spec-text\">\n<p class=\"has-text-align-center title\"><strong>Soluci\u00f3n compacta<\/strong><\/p>\n<\/div>\n<\/div>\n<div class=\"desciption-spec active\">\n<div class=\"wp-block-image\"><img decoding=\"async\" class=\"spec-image\" src=\"https:\/\/solem-irrigation.com\/wp-content\/uploads\/2026\/03\/P_mesure.png\" alt=\"\" \/><\/div>\n<div class=\"desciption-spec-text\">\n<p class=\"has-text-align-center title\"><strong>Medici\u00f3n en tiempo real<\/strong><\/p>\n<\/div>\n<\/div>\n<div class=\"desciption-spec active\">\n<div class=\"wp-block-image\"><img decoding=\"async\" class=\"spec-image\" src=\"https:\/\/solem-irrigation.com\/wp-content\/uploads\/2026\/03\/P_automatisation.png\" alt=\"\" \/><\/div>\n<div class=\"desciption-spec-text\">\n<p class=\"has-text-align-center title\"><strong>Automatizaci\u00f3n del riego<\/strong><\/p>\n<\/div>\n<\/div>\n<\/div>","protected":false},"excerpt":{"rendered":"<h3 class=\"product-name\" style=\"display: none;\">LR-MS-ECO<\/h3>\n<h3>M\u00f3dulo sensor LoRa<br \/>\n\u2013 Panel solar o turbina<\/h3>\n<div class=\"short-spec\">\n<p class=\"techno-icones\"><img decoding=\"async\" src=\"\/wp-content\/uploads\/2024\/09\/BL.png\" \/><img decoding=\"async\" src=\"\/wp-content\/uploads\/2024\/09\/LoRa.png\" \/><\/p>\n<p><span class=\"spec-icon\"><img decoding=\"async\" src=\"https:\/\/solem-irrigation.com\/wp-content\/uploads\/2026\/03\/P_enteescap.png\" \/><\/span> <span class=\"spec-text\">1\/4 entradas de sondas: Caudal\u00edmetro integrado + pluvi\u00f3metro, sonda de temperatura, de humedad del suelo y del aire, tensi\u00f3metro, contador de agua, presostato, nivel<\/span><\/p>\n<p><span class=\"spec-icon\"><img decoding=\"async\" src=\"https:\/\/solem-irrigation.com\/wp-content\/uploads\/2026\/03\/P_rechargeable_.png\" \/><\/span> <span class=\"spec-text\">Bater\u00eda interna recargable mediante turbina o panel fotovoltaico<\/span><\/p>\n<\/div>\n<div class=\"product-slide-bottom\">\n<div class=\"product-techno\"><span class=\"icon-ble\"><img decoding=\"async\" src=\"https:\/\/solem-irrigation.com\/wp-content\/uploads\/2024\/09\/BL.png\" \/><\/span><br \/>\n<img decoding=\"async\" src=\"https:\/\/solem-irrigation.com\/wp-content\/uploads\/2024\/09\/LoRa.png\" \/><\/div>\n<p class=\"product-link\">VER<\/p>\n<\/div>","protected":false},"featured_media":17072,"template":"","meta":[],"product_brand":[],"product_cat":[19,33,32,20,43,44,45,46],"product_tag":[],"class_list":{"0":"post-6786","1":"product","2":"type-product","3":"status-publish","4":"has-post-thumbnail","6":"product_cat-arrosage-residentiel","7":"product_cat-irrigation-agriculture","8":"product_cat-irrigation-municipalite","9":"product_cat-jardin-connecte","10":"product_cat-sondes-residentiel","11":"product_cat-sondes-municipalite","12":"product_cat-sondes-agriculture","13":"product_cat-sondes-jardin-connecte","14":"has-content","16":"first","17":"instock","18":"shipping-taxable","19":"purchasable","20":"product-type-variable"},"jetpack_sharing_enabled":true,"_links":{"self":[{"href":"https:\/\/solem-irrigation.com\/es\/wp-json\/wp\/v2\/product\/6786","targetHints":{"allow":["GET"]}}],"collection":[{"href":"https:\/\/solem-irrigation.com\/es\/wp-json\/wp\/v2\/product"}],"about":[{"href":"https:\/\/solem-irrigation.com\/es\/wp-json\/wp\/v2\/types\/product"}],"wp:featuredmedia":[{"embeddable":true,"href":"https:\/\/solem-irrigation.com\/es\/wp-json\/wp\/v2\/media\/17072"}],"wp:attachment":[{"href":"https:\/\/solem-irrigation.com\/es\/wp-json\/wp\/v2\/media?parent=6786"}],"wp:term":[{"taxonomy":"product_brand","embeddable":true,"href":"https:\/\/solem-irrigation.com\/es\/wp-json\/wp\/v2\/product_brand?post=6786"},{"taxonomy":"product_cat","embeddable":true,"href":"https:\/\/solem-irrigation.com\/es\/wp-json\/wp\/v2\/product_cat?post=6786"},{"taxonomy":"product_tag","embeddable":true,"href":"https:\/\/solem-irrigation.com\/es\/wp-json\/wp\/v2\/product_tag?post=6786"}],"curies":[{"name":"wp","href":"https:\/\/api.w.org\/{rel}","templated":true}]}}