{"id":5042,"date":"2023-04-05T14:58:13","date_gmt":"2023-04-05T12:58:13","guid":{"rendered":"https:\/\/solem-irrigation.com\/?post_type=product&#038;p=5042"},"modified":"2025-12-22T11:33:49","modified_gmt":"2025-12-22T10:33:49","slug":"davis","status":"publish","type":"product","link":"https:\/\/solem-irrigation.com\/es\/producto\/davis\/","title":{"rendered":"DAVIS"},"content":{"rendered":"<p>El pluvi\u00f3metro DAVIS mide las precipitaciones mediante un sistema de cubo basculante. Su cono aerodin\u00e1mico aumenta la precisi\u00f3n de los registros con vientos fuertes. Riegue a su debido tiempo y ahorre agua y energ\u00eda.<\/p>\n<div class=\"wp-block-columns desciption-spec-columns\">\n<div class=\"desciption-spec active\">\n<div class=\"wp-block-image\">\n<img decoding=\"async\" src=\"https:\/\/solem-irrigation.com\/wp-content\/uploads\/2022\/07\/Picto_mesure-pluie.png\" alt=\"\" class=\"spec-image\">\n<\/div>\n<div class=\"desciption-spec-text\">\n<p class=\"has-text-align-center title\"><strong>Medici\u00f3n de la pluviometr\u00eda<\/strong><\/p>\n<\/div>\n<\/div>\n<div class=\"desciption-spec active\">\n<div class=\"wp-block-image\">\n<img decoding=\"async\" loading=\"lazy\" src=\"https:\/\/solem-irrigation.com\/wp-content\/uploads\/2022\/06\/Picto_eco-eau.png\" alt=\"\" class=\"spec-image\">\n<\/div>\n<div class=\"desciption-spec-text\">\n<p class=\"has-text-align-center title\"><strong>Ahorro de agua<\/strong><\/p>\n<\/div>\n<\/div>\n<\/div>","protected":false},"excerpt":{"rendered":"<h3 class=\"product-name\" style=\"display: none;\">DAVIS<\/h3>\n<h3>Pluvi\u00f3metro<\/h3>\n<div class=\"short-spec\">\n<p><span class=\"spec-icon\"><img decoding=\"async\" src=\"https:\/\/solem-irrigation.com\/wp-content\/uploads\/2022\/07\/Picto_sondepluie-lrms.png\"\/><\/span> <span class=\"spec-text\">Requiere LR-MS<\/span><\/p>\n<\/div>\n<div class=\"product-slide-bottom\">\n<p class=\"product-info-icon\" data-title=\"Requiert un module sonde\"><i class=\"fas fa-exclamation-circle\"><\/i><\/p>\n<p class=\"product-link\">VER<\/p>\n<\/div>","protected":false},"featured_media":8838,"template":"","meta":[],"product_brand":[],"product_cat":[19,33,32,20,43,44,45,46],"product_tag":[],"class_list":{"0":"post-5042","1":"product","2":"type-product","3":"status-publish","4":"has-post-thumbnail","6":"product_cat-arrosage-residentiel","7":"product_cat-irrigation-agriculture","8":"product_cat-irrigation-municipalite","9":"product_cat-jardin-connecte","10":"product_cat-sondes-residentiel","11":"product_cat-sondes-municipalite","12":"product_cat-sondes-agriculture","13":"product_cat-sondes-jardin-connecte","14":"has-content","16":"first","17":"instock","18":"shipping-taxable","19":"purchasable","20":"product-type-simple"},"jetpack_sharing_enabled":true,"_links":{"self":[{"href":"https:\/\/solem-irrigation.com\/es\/wp-json\/wp\/v2\/product\/5042","targetHints":{"allow":["GET"]}}],"collection":[{"href":"https:\/\/solem-irrigation.com\/es\/wp-json\/wp\/v2\/product"}],"about":[{"href":"https:\/\/solem-irrigation.com\/es\/wp-json\/wp\/v2\/types\/product"}],"wp:featuredmedia":[{"embeddable":true,"href":"https:\/\/solem-irrigation.com\/es\/wp-json\/wp\/v2\/media\/8838"}],"wp:attachment":[{"href":"https:\/\/solem-irrigation.com\/es\/wp-json\/wp\/v2\/media?parent=5042"}],"wp:term":[{"taxonomy":"product_brand","embeddable":true,"href":"https:\/\/solem-irrigation.com\/es\/wp-json\/wp\/v2\/product_brand?post=5042"},{"taxonomy":"product_cat","embeddable":true,"href":"https:\/\/solem-irrigation.com\/es\/wp-json\/wp\/v2\/product_cat?post=5042"},{"taxonomy":"product_tag","embeddable":true,"href":"https:\/\/solem-irrigation.com\/es\/wp-json\/wp\/v2\/product_tag?post=5042"}],"curies":[{"name":"wp","href":"https:\/\/api.w.org\/{rel}","templated":true}]}}