{"id":4814,"date":"2023-06-19T13:40:30","date_gmt":"2023-06-19T11:40:30","guid":{"rendered":"https:\/\/solem-irrigation.com\/?post_type=product&#038;p=4814"},"modified":"2026-03-05T11:10:45","modified_gmt":"2026-03-05T10:10:45","slug":"712-hubacontrol","status":"publish","type":"product","link":"https:\/\/solem-irrigation.com\/es\/producto\/712-hubacontrol\/","title":{"rendered":"712 HUBACONTROL"},"content":{"rendered":"<p>La sonda de nivel tipo 712 puede utilizarse para medir todo tipo de dep\u00f3sitos de hasta 10 metros de profundidad. Conectada a un m\u00f3dulo de sonda LR-MS, que a su vez est\u00e1 conectado a una pasarela, puede utilizarse para enviar datos  y alertarle de los niveles m\u00e1ximos y m\u00ednimos que haya definido. Hay 2 modelos de sonda de medici\u00f3n de nivel disponibles: 6 m para dep\u00f3sitos peque\u00f1os y medianos y 10 m para dep\u00f3sitos grandes.<\/p>\n<div class=\"wp-block-columns desciption-spec-columns\">\n<div class=\"desciption-spec active\">\n<div class=\"wp-block-image\">\n<img decoding=\"async\" src=\"https:\/\/solem-irrigation.com\/wp-content\/uploads\/2023\/03\/Picto_mesure-eau.png\" alt=\"\" class=\"spec-image\">\n<\/div>\n<div class=\"desciption-spec-text\">\n<p class=\"has-text-align-center title\"><strong>Medici\u00f3n precisa del nivel de agua<\/strong><\/p>\n<\/div>\n<\/div>\n<div class=\"desciption-spec active\">\n<div class=\"wp-block-image\">\n<img decoding=\"async\" loading=\"lazy\" src=\"https:\/\/solem-irrigation.com\/wp-content\/uploads\/2023\/03\/Picto_cuve-eau.png\" alt=\"\" class=\"spec-image\">\n<\/div>\n<div class=\"desciption-spec-text\">\n<p class=\"has-text-align-center title\"><strong>Todo tipo de dep\u00f3sitos (hasta 10 m)<\/strong><\/p>\n<\/div>\n<\/div>\n<\/div>","protected":false},"excerpt":{"rendered":"<h3 class=\"product-name\" style=\"display: none;\">Tipo 712<\/h3>\n<h3>Sonda de nivel<\/h3>\n<div class=\"short-spec\">\n<p><span class=\"spec-icon\"><img decoding=\"async\" src=\"https:\/\/solem-irrigation.com\/wp-content\/uploads\/2022\/07\/Picto_sondehygro-lrms.png\"\/><\/span> <span class=\"spec-text\">Requiere LR-MS<\/span><\/p>\n<p><span class=\"spec-icon\"><img decoding=\"async\" src=\"https:\/\/solem-irrigation.com\/wp-content\/uploads\/2023\/06\/Picto_plug-and-play.png\"\/><\/span> <span class=\"spec-text\">Disponible como kit de entrada dedicado LR-MS-1<\/span><\/p>\n<\/div>\n<div class=\"product-slide-bottom\">\n<p class=\"product-info-icon\" data-title=\"Requiert un module sonde\"><i class=\"fas fa-exclamation-circle\"><\/i><\/p>\n<p class=\"product-link\">VER<\/p>\n<\/div>","protected":false},"featured_media":4816,"template":"","meta":[],"product_brand":[],"product_cat":[19,33,32,20,43,44,45,46],"product_tag":[],"class_list":{"0":"post-4814","1":"product","2":"type-product","3":"status-publish","4":"has-post-thumbnail","6":"product_cat-arrosage-residentiel","7":"product_cat-irrigation-agriculture","8":"product_cat-irrigation-municipalite","9":"product_cat-jardin-connecte","10":"product_cat-sondes-residentiel","11":"product_cat-sondes-municipalite","12":"product_cat-sondes-agriculture","13":"product_cat-sondes-jardin-connecte","14":"has-content","16":"first","17":"instock","18":"shipping-taxable","19":"purchasable","20":"product-type-simple"},"jetpack_sharing_enabled":true,"_links":{"self":[{"href":"https:\/\/solem-irrigation.com\/es\/wp-json\/wp\/v2\/product\/4814","targetHints":{"allow":["GET"]}}],"collection":[{"href":"https:\/\/solem-irrigation.com\/es\/wp-json\/wp\/v2\/product"}],"about":[{"href":"https:\/\/solem-irrigation.com\/es\/wp-json\/wp\/v2\/types\/product"}],"wp:featuredmedia":[{"embeddable":true,"href":"https:\/\/solem-irrigation.com\/es\/wp-json\/wp\/v2\/media\/4816"}],"wp:attachment":[{"href":"https:\/\/solem-irrigation.com\/es\/wp-json\/wp\/v2\/media?parent=4814"}],"wp:term":[{"taxonomy":"product_brand","embeddable":true,"href":"https:\/\/solem-irrigation.com\/es\/wp-json\/wp\/v2\/product_brand?post=4814"},{"taxonomy":"product_cat","embeddable":true,"href":"https:\/\/solem-irrigation.com\/es\/wp-json\/wp\/v2\/product_cat?post=4814"},{"taxonomy":"product_tag","embeddable":true,"href":"https:\/\/solem-irrigation.com\/es\/wp-json\/wp\/v2\/product_tag?post=4814"}],"curies":[{"name":"wp","href":"https:\/\/api.w.org\/{rel}","templated":true}]}}