{"id":16925,"date":"2026-02-25T16:35:28","date_gmt":"2026-02-25T15:35:28","guid":{"rendered":"https:\/\/solem-irrigation.com\/?post_type=product&#038;p=16925"},"modified":"2026-03-05T11:47:46","modified_gmt":"2026-03-05T10:47:46","slug":"bl-nr","status":"publish","type":"product","link":"https:\/\/solem-irrigation.com\/es\/producto\/bl-nr\/","title":{"rendered":"BL-NR"},"content":{"rendered":"<p>El BL-NR es un programador a pila tipo grifo que funciona por Bluetooth y puede controlarse desde un smartphone mediante la app MySOLEM. Es una soluci\u00f3n inteligente y sencilla para regar su c\u00e9sped, su huerto o nebulizar su terraza. Es robusto gracias a su anillo de lat\u00f3n y la autonom\u00eda de su pila est\u00e1 aumentada. Instalaci\u00f3n r\u00e1pida: en pocos minutos, atornille el programador, conecte el riego, inserte la pila, conecte por Bluetooth y programe desde su smartphone.<\/p>\n<div class=\"wp-block-columns desciption-spec-columns\">\n<div class=\"desciption-spec active\">\n<div class=\"wp-block-image\">\n<img decoding=\"async\" loading=\"lazy\" src=\"https:\/\/solem-irrigation.com\/wp-content\/uploads\/2026\/02\/P_arrosahe_bru.png\" alt=\"\" class=\"spec-image\">\n<\/div>\n<div class=\"desciption-spec-text\">\n<p class=\"has-text-align-center title\"><strong>Riego y nebulizaci\u00f3n<\/strong><\/p>\n<\/div>\n<\/div>\n<div class=\"desciption-spec active\">\n<div class=\"wp-block-image\">\n<img decoding=\"async\" loading=\"lazy\" src=\"https:\/\/solem-irrigation.com\/wp-content\/uploads\/2026\/02\/P_installation.png\" alt=\"\" class=\"spec-image\">\n<\/div>\n<div class=\"desciption-spec-text\">\n<p class=\"has-text-align-center title\"><strong>Instalaci\u00f3n f\u00e1cil y r\u00e1pida<\/strong><\/p>\n<\/div>\n<\/div>\n<div class=\"desciption-spec active\">\n<div class=\"wp-block-image\">\n<img decoding=\"async\" loading=\"lazy\" src=\"https:\/\/solem-irrigation.com\/wp-content\/uploads\/2026\/02\/P_robuste.png\" alt=\"\" class=\"spec-image\">\n<\/div>\n<div class=\"desciption-spec-text\">\n<p class=\"has-text-align-center title\"><strong>Robusto \u2013 con anillo de lat\u00f3n<\/strong><\/p>\n<\/div>\n<\/div>\n<div class=\"desciption-spec active\">\n<div class=\"wp-block-image\">\n<img decoding=\"async\" loading=\"lazy\" src=\"https:\/\/solem-irrigation.com\/wp-content\/uploads\/2026\/02\/P_Eco-Mode__.png\" alt=\"\" class=\"spec-image\">\n<\/div>\n<div class=\"desciption-spec-text\">\n<p class=\"has-text-align-center title\"><strong>Eco Mode<\/strong><\/p>\n<\/div>\n<\/div>\n<\/div>\n<p><a class=\"perfo-Link\" href=\"\/es\/solem-performance\/\" ><i class=\"far fa-arrow-alt-circle-right\"><\/i>Descubra la nueva generaci\u00f3n<\/a><\/p>","protected":false},"excerpt":{"rendered":"<h3 class=\"product-name\" style=\"display: none;\">BL-NR<\/h3>\n<h3>Programador de grifo Bluetooth,<br \/>riego \/ nebulizaci\u00f3n<\/h3>\n<div class=\"short-spec\">\n<p class=\"techno-icones\"><img decoding=\"async\" src=\"\/wp-content\/uploads\/2024\/09\/BL.png\"\/><\/p>\n<p><span class=\"spec-icon\"><img decoding=\"async\" src=\"https:\/\/solem-irrigation.com\/wp-content\/uploads\/2026\/02\/P_tap-nose.png\"\/><\/span> <span class=\"spec-text\">1 estaci\u00f3n<\/span><\/p>\n<\/div>\n<div class=\"product-slide-bottom\">\n<div class=\"product-techno\">\n<span class=\"icon-ble\"><img decoding=\"async\" src=\"https:\/\/solem-irrigation.com\/wp-content\/uploads\/2024\/09\/BL.png\"\/><\/span><br \/>\n<span class=\"icon-ble compteur-eau product-info-icon\" data-title=\"Non compatible compteur d'eau\"><img decoding=\"async\" src=\"https:\/\/solem-irrigation.com\/wp-content\/uploads\/2024\/09\/compteur_eau.png\"\/><\/span>\n<\/div>\n<p class=\"product-link\">VER<\/p>\n<\/div>","protected":false},"featured_media":15336,"template":"","meta":[],"product_brand":[],"product_cat":[19,34],"product_tag":[],"class_list":{"0":"post-16925","1":"product","2":"type-product","3":"status-publish","4":"has-post-thumbnail","6":"product_cat-arrosage-residentiel","7":"product_cat-programmateurs-pile-residentiel","8":"has-content","10":"first","11":"instock","12":"shipping-taxable","13":"purchasable","14":"product-type-simple"},"jetpack_sharing_enabled":true,"_links":{"self":[{"href":"https:\/\/solem-irrigation.com\/es\/wp-json\/wp\/v2\/product\/16925","targetHints":{"allow":["GET"]}}],"collection":[{"href":"https:\/\/solem-irrigation.com\/es\/wp-json\/wp\/v2\/product"}],"about":[{"href":"https:\/\/solem-irrigation.com\/es\/wp-json\/wp\/v2\/types\/product"}],"wp:featuredmedia":[{"embeddable":true,"href":"https:\/\/solem-irrigation.com\/es\/wp-json\/wp\/v2\/media\/15336"}],"wp:attachment":[{"href":"https:\/\/solem-irrigation.com\/es\/wp-json\/wp\/v2\/media?parent=16925"}],"wp:term":[{"taxonomy":"product_brand","embeddable":true,"href":"https:\/\/solem-irrigation.com\/es\/wp-json\/wp\/v2\/product_brand?post=16925"},{"taxonomy":"product_cat","embeddable":true,"href":"https:\/\/solem-irrigation.com\/es\/wp-json\/wp\/v2\/product_cat?post=16925"},{"taxonomy":"product_tag","embeddable":true,"href":"https:\/\/solem-irrigation.com\/es\/wp-json\/wp\/v2\/product_tag?post=16925"}],"curies":[{"name":"wp","href":"https:\/\/api.w.org\/{rel}","templated":true}]}}