{"id":1680,"date":"2022-07-21T15:31:20","date_gmt":"2022-07-21T13:31:20","guid":{"rendered":"https:\/\/solem-irrigation.com\/?post_type=product&#038;p=1680"},"modified":"2025-12-22T11:34:43","modified_gmt":"2025-12-22T10:34:43","slug":"relay","status":"publish","type":"product","link":"https:\/\/solem-irrigation.com\/es\/producto\/relay\/","title":{"rendered":"Rel\u00e9"},"content":{"rendered":"<p>El rel\u00e9 de control (RELAY) se puede utilizar para controlar cualquier tipo de dispositivo el\u00e9ctrico (bomba, por ejemplo) desde un programador LoRa y Bluetooth\u00ae de 9V. La orden de riego del programador abre o cierra el rel\u00e9 de control.<\/p>","protected":false},"excerpt":{"rendered":"<h3 class=\"product-name\" style=\"display: none;\">Rel\u00e9<\/h3>\n<h3>Caja de control el\u00e9ctrico<\/h3>\n<div class=\"short-spec\">\n<\/p>\n<\/div>\n<div class=\"product-slide-bottom accessorie-link\">\n<p class=\"product-link\">VER<\/p>\n<\/div>","protected":false},"featured_media":1679,"template":"","meta":[],"product_brand":[],"product_cat":[54,55,53,33,32,20],"product_tag":[],"class_list":{"0":"post-1680","1":"product","2":"type-product","3":"status-publish","4":"has-post-thumbnail","6":"product_cat-accessoires-municipalite","7":"product_cat-accessoires-jardin-connecte","8":"product_cat-accessoires-agriculture","9":"product_cat-irrigation-agriculture","10":"product_cat-irrigation-municipalite","11":"product_cat-jardin-connecte","12":"has-content","14":"first","15":"instock","16":"shipping-taxable","17":"purchasable","18":"product-type-simple"},"jetpack_sharing_enabled":true,"_links":{"self":[{"href":"https:\/\/solem-irrigation.com\/es\/wp-json\/wp\/v2\/product\/1680","targetHints":{"allow":["GET"]}}],"collection":[{"href":"https:\/\/solem-irrigation.com\/es\/wp-json\/wp\/v2\/product"}],"about":[{"href":"https:\/\/solem-irrigation.com\/es\/wp-json\/wp\/v2\/types\/product"}],"wp:featuredmedia":[{"embeddable":true,"href":"https:\/\/solem-irrigation.com\/es\/wp-json\/wp\/v2\/media\/1679"}],"wp:attachment":[{"href":"https:\/\/solem-irrigation.com\/es\/wp-json\/wp\/v2\/media?parent=1680"}],"wp:term":[{"taxonomy":"product_brand","embeddable":true,"href":"https:\/\/solem-irrigation.com\/es\/wp-json\/wp\/v2\/product_brand?post=1680"},{"taxonomy":"product_cat","embeddable":true,"href":"https:\/\/solem-irrigation.com\/es\/wp-json\/wp\/v2\/product_cat?post=1680"},{"taxonomy":"product_tag","embeddable":true,"href":"https:\/\/solem-irrigation.com\/es\/wp-json\/wp\/v2\/product_tag?post=1680"}],"curies":[{"name":"wp","href":"https:\/\/api.w.org\/{rel}","templated":true}]}}