{"id":6006,"date":"2023-08-03T14:39:36","date_gmt":"2023-08-03T12:39:36","guid":{"rendered":"https:\/\/solem-irrigation.com\/?page_id=6006"},"modified":"2024-06-18T14:16:15","modified_gmt":"2024-06-18T12:16:15","slug":"support-mysolem","status":"publish","type":"page","link":"https:\/\/solem-irrigation.com\/es\/support-mysolem\/","title":{"rendered":"Soporte MySOLEM"},"content":{"rendered":"<div id=\"first-element\" class=\"wp-block-group column-icon-group support-page-icon-group\"><div class=\"wp-block-group__inner-container is-layout-constrained wp-block-group-is-layout-constrained\">\n<h4 class=\"wp-block-heading has-text-align-center translation-block\">F\u00f3rmese con total autonom\u00eda<\/h4>\n\n\n\n<div class=\"wp-block-columns alignwide is-layout-flex wp-container-core-columns-is-layout-9d6595d7 wp-block-columns-is-layout-flex\">\n<div class=\"wp-block-column is-layout-flow wp-block-column-is-layout-flow\"><div class=\"wp-block-image is-resized\">\n<figure class=\"aligncenter size-full\"><img decoding=\"async\" src=\"https:\/\/solem-irrigation.com\/wp-content\/uploads\/2023\/07\/Picto_contenus.png\" alt=\"\" class=\"wp-image-1711\" style=\"aspect-ratio:1.0047169811320755;object-fit:cover;width:106px\"\/><\/figure>\n<\/div>\n\n\n<p class=\"has-text-align-center title\"><strong>CONTENIDOS GRATUITOS<\/strong><\/p>\n\n\n\n<p class=\"has-text-align-center args\">Diversos contenidos de formaci\u00f3n (v\u00eddeos, documentaci\u00f3n, preguntas frecuentes) sobre nuestras soluciones.<\/p>\n<\/div>\n\n\n\n<div class=\"wp-block-column is-layout-flow wp-block-column-is-layout-flow\"><div class=\"wp-block-image is-resized\">\n<figure class=\"aligncenter size-full\"><img decoding=\"async\" src=\"https:\/\/solem-irrigation.com\/wp-content\/uploads\/2023\/07\/Picto_autonomie.png\" alt=\"\" class=\"wp-image-1711\" style=\"width:106px\"\/><\/figure>\n<\/div>\n\n\n<p class=\"has-text-align-center title\"><strong>AUTONOM\u00cdA<\/strong><\/p>\n\n\n\n<p class=\"has-text-align-center args\">F\u00f3rmese a su ritmo y seg\u00fan sus necesidades de formaci\u00f3n.<\/p>\n<\/div>\n\n\n\n<div class=\"wp-block-column is-layout-flow wp-block-column-is-layout-flow\"><div class=\"wp-block-image is-resized\">\n<figure class=\"aligncenter size-full\"><img decoding=\"async\" src=\"https:\/\/solem-irrigation.com\/wp-content\/uploads\/2023\/07\/Picto_support.png\" alt=\"\" class=\"wp-image-1711\" style=\"width:106px\"\/><\/figure>\n<\/div>\n\n\n<p class=\"has-text-align-center title\"><strong>CONTACTO DE ASISTENCIA<\/strong><\/p>\n\n\n\n<p class=\"has-text-align-center args\">\u00bfNecesita ayuda? P\u00f3ngase en contacto con nuestro equipo de asistencia t\u00e9cnica a trav\u00e9s del espacio espec\u00edfico.<\/p>\n<\/div>\n<\/div>\n<\/div><\/div>\n\n\n\n<div style=\"height:35px\" aria-hidden=\"true\" class=\"wp-block-spacer\"><\/div>\n\n\n\n<div class=\"wp-block-group support-pro-slider-group\"><div class=\"wp-block-group__inner-container is-layout-constrained wp-block-group-is-layout-constrained\">\n<h4 class=\"wp-block-heading has-text-align-center\">Contenidos did\u00e1cticos para profesionales<\/h4>\n\n\n\n<div style=\"height:35px\" aria-hidden=\"true\" class=\"wp-block-spacer\"><\/div>\n\n\n\n<div class=\"wp-block-columns alignwide slide active is-layout-flex wp-container-core-columns-is-layout-9d6595d7 wp-block-columns-is-layout-flex\">\n<div class=\"wp-block-column is-layout-flow wp-block-column-is-layout-flow\"><div class=\"wp-block-image active\">\n<figure class=\"aligncenter size-full\"><img decoding=\"async\" src=\"https:\/\/solem-irrigation.com\/wp-content\/uploads\/2023\/08\/Support-tutos-install_EN.png\" alt=\"\" class=\"wp-image-4810\"\/><\/figure>\n<\/div><\/div>\n\n\n\n<div class=\"wp-block-column is-vertically-aligned-center product-slide-description slide-description active is-layout-flow wp-block-column-is-layout-flow\">\n<figure class=\"wp-block-image size-full is-resized\"><img decoding=\"async\" src=\"https:\/\/solem-irrigation.com\/wp-content\/uploads\/2023\/07\/picto_install_.png\" alt=\"\" class=\"wp-image-6083\" style=\"width:45px\"\/><\/figure>\n\n\n\n<h5 class=\"wp-block-heading\">Tutoriales de instalaci\u00f3n<\/h5>\n\n\n\n<p>Instale sus productos f\u00e1cilmente con nuestros v\u00eddeos de instalaci\u00f3n.<\/p>\n\n\n\n<div class=\"wp-block-buttons is-layout-flex wp-block-buttons-is-layout-flex\">\n<div class=\"wp-block-button\"><a class=\"wp-block-button__link wp-element-button\" href=\"https:\/\/support.mysolem.com\/tutoriels-particulier\/\" target=\"_blank\" rel=\"noopener\">Descubrir<\/a><\/div>\n<\/div>\n<\/div>\n<\/div>\n\n\n\n<div class=\"wp-block-columns alignwide slide is-layout-flex wp-container-core-columns-is-layout-9d6595d7 wp-block-columns-is-layout-flex\">\n<div class=\"wp-block-column active is-layout-flow wp-block-column-is-layout-flow\"><div class=\"wp-block-image\">\n<figure class=\"aligncenter size-full\"><img decoding=\"async\" src=\"https:\/\/solem-irrigation.com\/wp-content\/uploads\/2023\/08\/Support-tutos-MySOLEM_EN.png\" alt=\"\" class=\"wp-image-4810\"\/><\/figure>\n<\/div><\/div>\n\n\n\n<div class=\"wp-block-column is-vertically-aligned-center product-slide-description slide-description active is-layout-flow wp-block-column-is-layout-flow\">\n<figure class=\"wp-block-image size-full is-resized\"><img decoding=\"async\" src=\"https:\/\/solem-irrigation.com\/wp-content\/uploads\/2023\/07\/picto_mysolem.png\" alt=\"\" class=\"wp-image-6083\" style=\"width:50px\"\/><\/figure>\n\n\n\n<h5 class=\"wp-block-heading\">Tutoriales MySOLEM<\/h5>\n\n\n\n<p>Aprenda a utilizar las aplicaciones y la plataforma MySOLEM con tutoriales en v\u00eddeo.<\/p>\n\n\n\n<div class=\"wp-block-buttons is-layout-flex wp-block-buttons-is-layout-flex\">\n<div class=\"wp-block-button\"><a class=\"wp-block-button__link wp-element-button\" href=\"https:\/\/support.mysolem.com\/tutoriels-mysolem-particulier\/\" target=\"_blank\" rel=\"noopener\">Descubrir<\/a><\/div>\n<\/div>\n<\/div>\n<\/div>\n\n\n\n<div class=\"wp-block-columns alignwide slide is-layout-flex wp-container-core-columns-is-layout-9d6595d7 wp-block-columns-is-layout-flex\">\n<div class=\"wp-block-column active is-layout-flow wp-block-column-is-layout-flow\"><div class=\"wp-block-image\">\n<figure class=\"aligncenter size-full\"><img decoding=\"async\" src=\"https:\/\/solem-irrigation.com\/wp-content\/uploads\/2023\/08\/Support-FAQs_EN.png\" alt=\"\" class=\"wp-image-4810\"\/><\/figure>\n<\/div><\/div>\n\n\n\n<div class=\"wp-block-column is-vertically-aligned-center product-slide-description slide-description active is-layout-flow wp-block-column-is-layout-flow\">\n<figure class=\"wp-block-image size-full is-resized\"><img decoding=\"async\" src=\"https:\/\/solem-irrigation.com\/wp-content\/uploads\/2023\/07\/picto_faq_.png\" alt=\"\" class=\"wp-image-6083\" style=\"aspect-ratio:0.593103448275862;object-fit:cover;width:32px\"\/><\/figure>\n\n\n\n<h5 class=\"wp-block-heading\">Preguntas frecuentes<\/h5>\n\n\n\n<p>\u00bfTiene alguna pregunta? Haremos todo lo posible por responder a sus preguntas a trav\u00e9s de nuestras preguntas frecuentes.<\/p>\n\n\n\n<div class=\"wp-block-buttons is-layout-flex wp-block-buttons-is-layout-flex\">\n<div class=\"wp-block-button\"><a class=\"wp-block-button__link wp-element-button\" href=\"https:\/\/support.mysolem.com\/faq-particulier\/\" target=\"_blank\" rel=\"noopener\">Descubrir<\/a><\/div>\n<\/div>\n<\/div>\n<\/div>\n\n\n\n<div class=\"wp-block-columns alignwide slide is-layout-flex wp-container-core-columns-is-layout-9d6595d7 wp-block-columns-is-layout-flex\">\n<div class=\"wp-block-column active is-layout-flow wp-block-column-is-layout-flow\"><div class=\"wp-block-image\">\n<figure class=\"aligncenter size-full\"><img decoding=\"async\" src=\"https:\/\/solem-irrigation.com\/wp-content\/uploads\/2023\/08\/Support-Documentation_EN.png\" alt=\"\" class=\"wp-image-4810\"\/><\/figure>\n<\/div><\/div>\n\n\n\n<div class=\"wp-block-column is-vertically-aligned-center product-slide-description slide-description active is-layout-flow wp-block-column-is-layout-flow\">\n<figure class=\"wp-block-image size-full is-resized\"><img decoding=\"async\" src=\"https:\/\/solem-irrigation.com\/wp-content\/uploads\/2023\/07\/picto_doc_.png\" alt=\"\" class=\"wp-image-6083\" style=\"aspect-ratio:0.8758620689655172;object-fit:cover;width:40px\"\/><\/figure>\n\n\n\n<h5 class=\"wp-block-heading\">Documentaci\u00f3n<\/h5>\n\n\n\n<p>Descargue nuestros manuales de usuario y gu\u00edas de instalaci\u00f3n de productos.<\/p>\n\n\n\n<div class=\"wp-block-buttons is-layout-flex wp-block-buttons-is-layout-flex\">\n<div class=\"wp-block-button\"><a class=\"wp-block-button__link wp-element-button\" href=\"https:\/\/support.mysolem.com\/connexion\/\" target=\"_blank\" rel=\"noopener\">Solicitar acceso<\/a><\/div>\n<\/div>\n<\/div>\n<\/div>\n\n\n\n<div class=\"wp-block-group slide-indicators-group\"><div class=\"wp-block-group__inner-container is-layout-constrained wp-block-group-is-layout-constrained\"><\/div><\/div>\n<\/div><\/div>\n\n\n\n<div style=\"height:20px\" aria-hidden=\"true\" class=\"wp-block-spacer\"><\/div>\n\n\n\n<div class=\"wp-block-group alignfull support-pro-access-group active\"><div class=\"wp-block-group__inner-container is-layout-constrained wp-block-group-is-layout-constrained\">\n<div class=\"wp-block-columns active is-layout-flex wp-container-core-columns-is-layout-9d6595d7 wp-block-columns-is-layout-flex\">\n<div class=\"wp-block-column active is-layout-flow wp-block-column-is-layout-flow\"><div class=\"wp-block-image is-resized\">\n<figure class=\"aligncenter size-full\"><img decoding=\"async\" src=\"https:\/\/solem-irrigation.com\/wp-content\/uploads\/2023\/07\/Picto_acces-pro.png\" alt=\"\" class=\"wp-image-6083\" style=\"aspect-ratio:1;width:61px;height:auto\"\/><\/figure>\n<\/div>\n\n\n<h4 class=\"wp-block-heading has-text-align-center\">Acceso al espacio profesional<\/h4>\n\n\n\n<p class=\"has-text-align-center support-pro-access-text\">Para acceder a todos nuestros contenidos de formaci\u00f3n, solicite su acceso gratuito en&nbsp;<a href=\"https:\/\/support.mysolem.com\/connexion\/\" target=\"_blank\" rel=\"noreferrer noopener\">Support.MySOLEM.com<\/a>.<\/p>\n\n\n\n<p class=\"has-text-align-center support-pro-access-text\"><strong>\u00bfC\u00f3mo se solicita el acceso?<\/strong><\/p>\n\n\n\n<figure class=\"wp-block-video aligncenter access-request-video\" id=\"videoFR\"><video height=\"1080\" style=\"aspect-ratio: 1920 \/ 1080;\" width=\"1920\" controls poster=\"https:\/\/solem-irrigation.com\/wp-content\/uploads\/2023\/07\/Cover-Acces-Supper-MySOLEM_FR.jpg\" src=\"https:\/\/solem-irrigation.com\/wp-content\/uploads\/2023\/10\/SOLEM-Tutoriel_Acces-Support-MySOLEM_.mp4\"><\/video><\/figure>\n\n\n\n<figure id=\"videoEN\" class=\"wp-block-video access-request-video\"><video height=\"1080\" style=\"aspect-ratio: 1920 \/ 1080;\" width=\"1920\" controls poster=\"https:\/\/solem-irrigation.com\/wp-content\/uploads\/2023\/08\/Cover-Acces-Support-MySOLEM_EN.png\" src=\"https:\/\/solem-irrigation.com\/wp-content\/uploads\/2023\/08\/SOLEM-Tutoriel_Acces-Support-MySOLEM-EN.mp4\"><\/video><\/figure>\n<\/div>\n<\/div>\n<\/div><\/div>","protected":false},"excerpt":{"rendered":"<p>Formez-vous en toute autonomie CONTENUS GRATUITS Divers contenus de formation (vid\u00e9os, documention, FAQ) sur nos&hellip;<\/p>","protected":false},"author":1,"featured_media":0,"parent":0,"menu_order":0,"comment_status":"closed","ping_status":"closed","template":"","meta":{"footnotes":""},"folder":[],"class_list":["post-6006","page","type-page","status-publish","hentry","has-content"],"jetpack_sharing_enabled":true,"_links":{"self":[{"href":"https:\/\/solem-irrigation.com\/es\/wp-json\/wp\/v2\/pages\/6006","targetHints":{"allow":["GET"]}}],"collection":[{"href":"https:\/\/solem-irrigation.com\/es\/wp-json\/wp\/v2\/pages"}],"about":[{"href":"https:\/\/solem-irrigation.com\/es\/wp-json\/wp\/v2\/types\/page"}],"author":[{"embeddable":true,"href":"https:\/\/solem-irrigation.com\/es\/wp-json\/wp\/v2\/users\/1"}],"replies":[{"embeddable":true,"href":"https:\/\/solem-irrigation.com\/es\/wp-json\/wp\/v2\/comments?post=6006"}],"version-history":[{"count":59,"href":"https:\/\/solem-irrigation.com\/es\/wp-json\/wp\/v2\/pages\/6006\/revisions"}],"predecessor-version":[{"id":8483,"href":"https:\/\/solem-irrigation.com\/es\/wp-json\/wp\/v2\/pages\/6006\/revisions\/8483"}],"wp:attachment":[{"href":"https:\/\/solem-irrigation.com\/es\/wp-json\/wp\/v2\/media?parent=6006"}],"wp:term":[{"taxonomy":"folder","embeddable":true,"href":"https:\/\/solem-irrigation.com\/es\/wp-json\/wp\/v2\/folder?post=6006"}],"curies":[{"name":"wp","href":"https:\/\/api.w.org\/{rel}","templated":true}]}}