{"id":3,"date":"2022-05-11T17:00:09","date_gmt":"2022-05-11T15:00:09","guid":{"rendered":"http:\/\/solem.com\/?page_id=3"},"modified":"2022-09-20T14:58:03","modified_gmt":"2022-09-20T12:58:03","slug":"politique-de-confidentialite","status":"publish","type":"page","link":"https:\/\/solem-irrigation.com\/es\/politique-de-confidentialite\/","title":{"rendered":"Pol\u00edtica de privacidad"},"content":{"rendered":"<h4 class=\"wp-block-heading\">POL\u00cdTICA DE PROTECCI\u00d3N DE DATOS PERSONALES<\/h4>\n\n\n\n<p>Solem se compromete, en el marco de sus actividades y de conformidad con la legislaci\u00f3n vigente en Francia y en Europa, a garantizar la protecci\u00f3n, confidencialidad y seguridad de los datos personales de los usuarios de sus servicios, y a respetar su privacidad.<\/p>\n\n\n\n<h4 class=\"wp-block-heading\">\u00bfPor qu\u00e9 procesa Solem sus datos?<\/h4>\n\n\n\n<p>Solem s\u00f3lo procesa datos personales con fines espec\u00edficos, expl\u00edcitos y leg\u00edtimos. Solem no procesa datos personales de forma incompatible con estos fines.<\/p>\n\n\n\n<h6 class=\"wp-block-heading\">1) Solem procesa sus datos en el contexto de la celebraci\u00f3n de un contrato<\/h6>\n\n\n\n<p>A este fin, SOLEM ha aplicado medidas organizativas adecuadas para proteger la confidencialidad y la privacidad de las personas afectadas.<\/p>\n\n\n\n<ul class=\"wp-block-list\"><li>Para ello, los fines perseguidos por Solem son los siguientes:<\/li><li>Crear una cuenta<\/li><li>Crear y compartir contenidos<\/li><li>Crear y compartir fotos (datos comprimidos)<\/li><li>Crear y compartir mensajes de audio (datos comprimidos)<\/li><li>Notificaciones necesarias para el funcionamiento de los servicios ofrecidos (por ejemplo, actimetr\u00eda, uso de distintivos)<\/li><li>Geolocalizaciones necesarias para el funcionamiento de los servicios ofrecidos (por ejemplo, uso de BLE, WIFI, GPS, funciones 3G)<\/li><\/ul>\n\n\n\n<p>Sus datos se conservar\u00e1n durante el tiempo necesario para cumplir los fines mencionados. En el caso del tratamiento relacionado con la ejecuci\u00f3n del contrato, los datos podr\u00e1n conservarse durante un m\u00e1ximo de tres a\u00f1os a partir de la finalizaci\u00f3n de la relaci\u00f3n contractual.<\/p>\n\n\n\n<h6 class=\"wp-block-heading\">2) Solem tambi\u00e9n procesa datos para fines distintos del estricto cumplimiento de los contratos. En este caso, Solem garantiza que tiene un inter\u00e9s leg\u00edtimo en llevar a cabo el tratamiento. Adem\u00e1s, cuando sea necesario, podr\u00e1 solicitar su consentimiento para el tratamiento, que usted podr\u00e1 retirar en cualquier momento.<\/h6>\n\n\n\n<p>A este fin, SOLEM ha aplicado medidas organizativas adecuadas para proteger la confidencialidad y la privacidad de las personas afectadas.<\/p>\n\n\n\n<ul class=\"wp-block-list\"><li>Informar mediante la suscripci\u00f3n a boletines informativos<\/li><li>Responder a preguntas, asesorar<\/li><li>Responder a las necesidades de funcionamiento del servicio (cookies).<\/li><li>Las cookies utilizadas por Solem s\u00f3lo se utilizan para mantener la sesi\u00f3n del usuario despu\u00e9s de la autenticaci\u00f3n. Se trata exclusivamente de cookies operativas que, no obstante, pueden rechazarse configurando los ajustes de su navegador.<\/li><\/ul>\n\n\n\n<p>Sus datos se conservar\u00e1n durante el tiempo necesario para cumplir los fines mencionados.<\/p>\n\n\n\n<h4 class=\"wp-block-heading\">\u00bfQu\u00e9 datos se procesan?<\/h4>\n\n\n\n<p>Dependiendo del caso, Solem procesa sus datos personales, ya sean recabados directamente de usted o resultantes del uso de productos o servicios.<br>Solem s\u00f3lo procesa datos o una categor\u00eda de datos si es estrictamente necesario para el fin previsto.<br><br>Solem procesa las siguientes categor\u00edas de datos:<\/p>\n\n\n\n<ul class=\"wp-block-list\"><li>Datos de identificaci\u00f3n: Apellidos, nombre, etc.<\/li><li>Datos personales: fecha de nacimiento<\/li><li>Datos de contacto: direcci\u00f3n postal, correo electr\u00f3nico, n\u00famero de tel\u00e9fono, etc.<\/li><li>Datos econ\u00f3micos y financieros: medios de pago, historial de pagos, etc.<\/li><li>Datos de conexi\u00f3n, uso de servicios e interacci\u00f3n<\/li><li>Productos y servicios propios o utilizados y contenidos asociados<\/li><li>Datos de localizaci\u00f3n<\/li><\/ul>\n\n\n\n<h4 class=\"wp-block-heading\">\u00bfQui\u00e9n recibir\u00e1 sus datos?<\/h4>\n\n\n\n<p>Los datos recopilados se env\u00edan a los servicios en l\u00ednea de Solem y a los servicios internos de Solem (de acuerdo con las condiciones contractuales).<\/p>\n\n\n\n<h4 class=\"wp-block-heading\">\u00bfCu\u00e1les son sus derechos?<\/h4>\n\n\n\n<p>Tiene derecho de acceso, modificaci\u00f3n, olvido digital y eliminaci\u00f3n de sus datos personales. Puede solicitar la portabilidad de estos datos. Tambi\u00e9n tiene derecho a oponerse al tratamiento realizado o a solicitar que se restrinja.<\/p>\n\n\n\n<h4 class=\"wp-block-heading\">\u00bfC\u00f3mo puede ejercer sus derechos?<\/h4>\n\n\n\n<p>Puede ejercer sus derechos en cualquier momento poni\u00e9ndose en contacto con el responsable de la protecci\u00f3n de datos: dpo@solem.fr<\/p>\n\n\n\n<h4 class=\"wp-block-heading\">\u00bfC\u00f3mo se protegen sus datos?<\/h4>\n\n\n\n<p>SOLEM garantiza que sus datos se tratan de forma segura y confidencial, incluso cuando determinadas operaciones son realizadas por socios.<br>A este fin, SOLEM ha aplicado medidas organizativas adecuadas para proteger la confidencialidad y la privacidad de las personas afectadas.<br>Estas medidas se adaptan en funci\u00f3n del nivel de sensibilidad de los datos tratados y del nivel de riesgo que presente el tratamiento o su aplicaci\u00f3n. Estas medidas evitan la p\u00e9rdida, el uso indebido, la alteraci\u00f3n o la supresi\u00f3n de los datos personales en cuesti\u00f3n.<br>SOLEM garantiza la seguridad de los datos y servidores, as\u00ed como la accesibilidad y el mantenimiento continuo y correctivo de los servicios asociados. SOLEM garantiza la integridad de las copias de seguridad particionadas.<br>Las consultas o solicitudes de los clientes deben enviarse directamente a dpo@solem.fr.<\/p>\n\n\n\n<h4 class=\"wp-block-heading\">INFORMACI\u00d3N LEGAL<\/h4>\n\n\n\n<p>SOLEM SAS<br>ZAE La plaine<br>5, rue Georges BESSE<br>34830 CLAPIERS<br>contact@solem.fr<br>+33 (0)4 67 59 24 25<\/p>\n\n\n\n<p>SAS au capital de 337 088 \u20ac<br>RCS Montpellier B 329.605.760<br>N\u00famero de IVA intracomunitario: FR68 329 605 760<\/p>\n\n\n\n<p>Director de publicaci\u00f3n: Fr\u00e9d\u00e9ric COMTE<br>SOLEM gestiona el alojamiento del sitio y la plataforma.<\/p>","protected":false},"excerpt":{"rendered":"<p>POLITIQUE DE PROTECTION DES DONNEES PERSONNELLES Solem s\u2019engage, dans le cadre de ses activit\u00e9s et&hellip;<\/p>","protected":false},"author":1,"featured_media":0,"parent":0,"menu_order":0,"comment_status":"closed","ping_status":"open","template":"","meta":{"footnotes":""},"folder":[],"class_list":["post-3","page","type-page","status-publish","hentry","has-content"],"jetpack_sharing_enabled":true,"_links":{"self":[{"href":"https:\/\/solem-irrigation.com\/es\/wp-json\/wp\/v2\/pages\/3","targetHints":{"allow":["GET"]}}],"collection":[{"href":"https:\/\/solem-irrigation.com\/es\/wp-json\/wp\/v2\/pages"}],"about":[{"href":"https:\/\/solem-irrigation.com\/es\/wp-json\/wp\/v2\/types\/page"}],"author":[{"embeddable":true,"href":"https:\/\/solem-irrigation.com\/es\/wp-json\/wp\/v2\/users\/1"}],"replies":[{"embeddable":true,"href":"https:\/\/solem-irrigation.com\/es\/wp-json\/wp\/v2\/comments?post=3"}],"version-history":[{"count":1,"href":"https:\/\/solem-irrigation.com\/es\/wp-json\/wp\/v2\/pages\/3\/revisions"}],"predecessor-version":[{"id":1427,"href":"https:\/\/solem-irrigation.com\/es\/wp-json\/wp\/v2\/pages\/3\/revisions\/1427"}],"wp:attachment":[{"href":"https:\/\/solem-irrigation.com\/es\/wp-json\/wp\/v2\/media?parent=3"}],"wp:term":[{"taxonomy":"folder","embeddable":true,"href":"https:\/\/solem-irrigation.com\/es\/wp-json\/wp\/v2\/folder?post=3"}],"curies":[{"name":"wp","href":"https:\/\/api.w.org\/{rel}","templated":true}]}}