{"id":15916,"date":"2025-12-22T09:40:37","date_gmt":"2025-12-22T08:40:37","guid":{"rendered":"https:\/\/solem-irrigation.com\/?page_id=15916"},"modified":"2026-03-25T14:37:37","modified_gmt":"2026-03-25T13:37:37","slug":"application-mysolem","status":"publish","type":"page","link":"https:\/\/solem-irrigation.com\/es\/application-mysolem\/","title":{"rendered":"Aplicaci\u00f3n MySOLEM"},"content":{"rendered":"<div class=\"wp-block-group alignfull page-custom-banner app-page-header\"><div class=\"wp-block-group__inner-container is-layout-constrained wp-block-group-is-layout-constrained\">\n<div class=\"custom-banner-container\" style=\"background-image: url(\/wp-content\/uploads\/2025\/12\/B-App.jpg); background-size: cover; background-position: center;\">\n  <div class=\"custom-banner-caption\">\n    <img decoding=\"async\" class=\"custom-banner-logo\" src=\"\/wp-content\/uploads\/2025\/11\/MySOLEM-App-ratings.png\" \/>\n    <h3 class=\"custom-banner-title\">Aplicaci\u00f3n MySOLEM<\/h3>\n    <h5 class=\"custom-banner-text translation-block\">Programe su riego a distancia,<br>con total simplicidad.<\/h5>\n    <div class=\"custom-banner-app-links\">\n      <a class=\"app-link\" href=\"https:\/\/play.google.com\/store\/apps\/details?id=fr.solem.solemwf\" target=\"_blank\">Android<i class=\"far fa-arrow-alt-circle-right\"><\/i><\/a>\n      <a class=\"app-link\" href=\"https:\/\/apps.apple.com\/fr\/app\/mysolem\/id626680713\" target=\"_blank\">iOS<i class=\"far fa-arrow-alt-circle-right\"><\/i><\/a>\n    <\/div>\n  <\/div>\n<\/div>\n<div class=\"custom-banner-container custom-mobile-banner-container\" style=\"background-image: url(\/wp-content\/uploads\/2025\/12\/B_App-mobile.png); background-size: cover; background-position: center;\">\n  <div class=\"custom-banner-caption\">\n    <img decoding=\"async\" class=\"custom-banner-logo\" src=\"\/wp-content\/uploads\/2025\/11\/MySOLEM-App-ratings.png\" \/>\n    <h3 class=\"custom-banner-title\">Aplicaci\u00f3n MySOLEM<\/h3>\n    <h5 class=\"custom-banner-text translation-block\">Programe su riego a distancia,<br>con total simplicidad.<\/h5>\n    <div class=\"custom-banner-app-links\">\n      <a class=\"app-link\" href=\"https:\/\/play.google.com\/store\/apps\/details?id=fr.solem.solemwf\" target=\"_blank\">Android<i class=\"far fa-arrow-alt-circle-right\"><\/i><\/a>\n      <a class=\"app-link\" href=\"https:\/\/apps.apple.com\/fr\/app\/mysolem\/id626680713\" target=\"_blank\">iOS<i class=\"far fa-arrow-alt-circle-right\"><\/i><\/a>\n    <\/div>\n  <\/div>\n<\/div>\n<\/div><\/div>\n\n\n\n<div class=\"wp-block-group my-solem-spec-group custom-carousel-group\"><div class=\"wp-block-group__inner-container is-layout-constrained wp-block-group-is-layout-constrained\">\n<div class=\"range-carousel-content\">\n  <div class=\"range-carousel range-columns\">\n    <div class=\"range-carousel-track\">\n      <div class=\"range-carousel-item custom-info-carousel\">\n        <img decoding=\"async\" class=\"info-logo\" src=\"\/wp-content\/uploads\/2025\/12\/P_free.png\"\/>\n        <h5 class=\"item-title\">App gratuita<\/h5>\n        <p class=\"item-text\">Todas las funcionalidades y actualizaciones peri\u00f3dicas, gratis.<\/span><\/p>\n      <\/div>\n      <div class=\"range-carousel-item custom-info-carousel\">\n        <img decoding=\"async\" class=\"info-logo\" src=\"\/wp-content\/uploads\/2025\/12\/P_intuitif.png\"\/>\n        <h5 class=\"item-title\">Interfaz intuitiva<\/h5>\n        <p class=\"item-text\">Programe y modifique su riego en pocos minutos desde su smartphone, dondequiera que est\u00e9.<\/p>\n      <\/div>\n      <div class=\"range-carousel-item custom-info-carousel\">\n        <img decoding=\"async\" class=\"info-logo\" src=\"\/wp-content\/uploads\/2025\/12\/P_notif.png\"\/>\n        <h5 class=\"item-title\">Reciba alertas<\/h5>\n        <p class=\"item-text\">Personalice los umbrales de alerta de sus sensores y reciba notificaciones a tiempo.<\/p>\n      <\/div>\n    <\/div>\n  <\/div>\n  <a class=\"range-rigth-arrow\"><i class=\"fa-solid fa-chevron-right\"><\/i><\/a>\n  <a class=\"range-left-arrow\"><i class=\"fa-solid fa-chevron-left\"><\/i><\/a>\n<\/div>\n<\/div><\/div>\n\n\n\n<div style=\"height:100px\" aria-hidden=\"true\" class=\"wp-block-spacer\"><\/div>\n\n\n\n<div class=\"wp-block-group app-features-group mysolem-feature-group\"><div class=\"wp-block-group__inner-container is-layout-constrained wp-block-group-is-layout-constrained\">\n<p class=\"section-badge has-image\"><img decoding=\"async\" class=\"mysolem-icon\" src=\"\/wp-content\/uploads\/2024\/06\/icone_App-MySOLEM-2024.png\"\/>MySOLEM<\/p>\n\n\n\n<h3 class=\"wp-block-heading has-text-align-center section-title translation-block\">Controle su riego <span>desde cualquier lugar<\/span><\/h3>\n\n\n\n<div style=\"height:100px\" aria-hidden=\"true\" class=\"wp-block-spacer\"><\/div>\n\n\n\n<div class=\"wp-block-columns app-features-columns is-layout-flex wp-container-core-columns-is-layout-9d6595d7 wp-block-columns-is-layout-flex\">\n<div class=\"wp-block-column is-vertically-aligned-center is-layout-flow wp-block-column-is-layout-flow\">\n<div class=\"feature active\" data-content=\"\/wp-content\/uploads\/2024\/06\/App_modules-FR.jpg\" data-content-en=\"\/wp-content\/uploads\/2024\/06\/App_modules-EN.jpg\" data-content-es=\"\/wp-content\/uploads\/2024\/06\/App_modules-ES.jpg\" data-content-it=\"\/wp-content\/uploads\/2024\/06\/App_modules-IT.jpg\" data-content-de=\"\/wp-content\/uploads\/2024\/06\/App_modules-DE.jpg\">\n<h4 class=\"wp-block-heading has-text-align-left feature-title\"><img decoding=\"async\" src=\"\/wp-content\/uploads\/2025\/12\/P_installation.png\"> Instalaci\u00f3n r\u00e1pida<\/h4>\n<p class=\"has-text-align-left feature-text\">Agregue sus productos a la aplicaci\u00f3n en pocos minutos y contr\u00f3lelos cerca o a distancia.<\/p>\n<\/div>\n\n<div class=\"feature\" data-content=\"\/wp-content\/uploads\/2024\/06\/App_location-FR.jpg\" data-content-en=\"\/wp-content\/uploads\/2024\/06\/App_location-EN.jpg\" data-content-es=\"\/wp-content\/uploads\/2024\/06\/App_location-ES.jpg\" data-content-it=\"\/wp-content\/uploads\/2024\/06\/App_location-IT.jpg\" data-content-de=\"\/wp-content\/uploads\/2024\/06\/App_location-DE.jpg\">\n<h4 class=\"wp-block-heading has-text-align-left feature-title\"><img decoding=\"async\" src=\"\/wp-content\/uploads\/2025\/12\/P_localisation.png\"> Geolocalizaci\u00f3n de sus productos<\/h4>\n<p class=\"feature-text\">Geolocalice y rastree su equipo en l\u00ednea en un mapa.<\/p>\n<\/div>\n\n<div class=\"feature\" data-content=\"\/wp-content\/uploads\/2024\/06\/App_dashboard-FR.jpg\" data-content-en=\"\/wp-content\/uploads\/2024\/06\/App_dashboard-EN.jpg\" data-content-es=\"\/wp-content\/uploads\/2024\/06\/App_dashboard-ES.jpg\" data-content-it=\"\/wp-content\/uploads\/2024\/06\/App_dashboard-IT.jpg\" data-content-de=\"\/wp-content\/uploads\/2024\/06\/App_dashboard-DE.jpg\">\n<h4 class=\"wp-block-heading has-text-align-left feature-title\"><img decoding=\"async\" src=\"\/wp-content\/uploads\/2025\/12\/P_dashboard.png\"> Panel de control<\/h4>\n<p class=\"feature-text\">Vea al instante el estado de sus instalaciones: conexi\u00f3n de los productos, bater\u00edas, umbrales superados, consumo diario de agua y fugas. Compatible con pasarelas Wi-Fi y 4G.<\/p>\n<\/div>\n<\/div>\n\n\n\n<div class=\"wp-block-column is-layout-flow wp-block-column-is-layout-flow\">\n<figure class=\"wp-block-image size-full feature-image\"><img loading=\"lazy\" decoding=\"async\" width=\"582\" height=\"1177\" src=\"https:\/\/solem-irrigation.com\/wp-content\/uploads\/2024\/06\/App_modules-ES.jpg\" alt=\"\" class=\"wp-image-8282\"\/><\/figure>\n<\/div>\n\n\n\n<div class=\"wp-block-column is-vertically-aligned-center is-layout-flow wp-block-column-is-layout-flow\">\n<div class=\"feature\" data-content=\"\/wp-content\/uploads\/2024\/06\/App_prog-FR.jpg\" data-content-en=\"\/wp-content\/uploads\/2024\/06\/App_prog-EN.jpg\" data-content-es=\"\/wp-content\/uploads\/2024\/06\/App_prog-ES.jpg\" data-content-it=\"\/wp-content\/uploads\/2024\/06\/App_prog-IT.jpg\" data-content-de=\"\/wp-content\/uploads\/2024\/06\/App_prog-DE-1.jpg\">\n<h4 class=\"wp-block-heading has-text-align-left feature-title\"><img decoding=\"async\" src=\"\/wp-content\/uploads\/2025\/12\/P_Assistant-prog.png\"> Asistente de programaci\u00f3n<\/h4>\n<p class=\"feature-text\">Con el asistente de programaci\u00f3n MySOLEM, programe f\u00e1cilmente sus v\u00e1lvulas en pocos minutos: frecuencia, hora de inicio y duraci\u00f3n.<\/p>\n<\/div>\n\n<div class=\"feature\" data-content=\"\/wp-content\/uploads\/2024\/06\/App_sondes-FR.jpg\" data-content-en=\"\/wp-content\/uploads\/2024\/06\/App_sondes-EN.jpg\" data-content-es=\"\/wp-content\/uploads\/2024\/06\/App_sondes-ES.jpg\" data-content-it=\"\/wp-content\/uploads\/2024\/06\/App_sondes-IT.jpg\" data-content-de=\"\/wp-content\/uploads\/2024\/06\/App_sondes-DE.jpg\">\n<h4 class=\"wp-block-heading has-text-align-left feature-title\"><img decoding=\"async\" src=\"\/wp-content\/uploads\/2025\/12\/P_donnees-sondes.png\"> Datos de los sensores<\/h4>\n<p class=\"feature-text\">Visualice los datos de sus sensores en tiempo real y personalice los umbrales de alerta m\u00ednimo\/m\u00e1ximo para cada uno de ellos.<\/p>\n<\/div>\n\n<div class=\"feature\" data-content=\"\/wp-content\/uploads\/2024\/06\/App_Notif-FR.jpg\" data-content-en=\"\/wp-content\/uploads\/2024\/06\/App_notif-EN.jpg\" data-content-es=\"\/wp-content\/uploads\/2024\/06\/App_notif-ES.jpg\" data-content-it=\"\/wp-content\/uploads\/2024\/06\/App_notif-IT.jpg\" data-content-de=\"\/wp-content\/uploads\/2024\/06\/App_notif-DE.jpg\">\n<h4 class=\"wp-block-heading has-text-align-left feature-title\"><img decoding=\"async\" src=\"\/wp-content\/uploads\/2025\/12\/P_notifs.png\"> Notificaciones<\/h4>\n<p class=\"feature-text\">Reciba alertas en tiempo real por umbral superado o bater\u00eda baja, mediante notificaciones push.<\/p>\n<\/div>\n<\/div>\n<\/div>\n\n\n\n<div class=\"mobile-slider slider-container\">\n    <div class=\"slider-track\">\n      <div class=\"slide\">\n          <div class=\"slide-content\">\n              <!--<video src=\"\/wp-content\/uploads\/2025\/05\/App_Product_LD.mp4\" autoplay=\"\" loop=\"\" muted=\"\"><\/video>-->\n              <img decoding=\"async\" class=\"mobile-slide-image\" src=\"\/wp-content\/uploads\/2024\/06\/App_modules-FR.jpg\" \/>\n              <img decoding=\"async\" src=\"\/wp-content\/uploads\/2025\/12\/P_installation-actif.png\">\n              <h3>Instalaci\u00f3n r\u00e1pida<\/h3>\n              <p>Agregue sus productos a la aplicaci\u00f3n en pocos minutos y contr\u00f3lelos cerca o a distancia.<\/p>\n          <\/div>\n      <\/div>\n      <div class=\"slide\">\n          <div class=\"slide-content\">\n              <!--<video src=\"\/wp-content\/uploads\/2025\/05\/App_Location_LD.mp4\" loop=\"\" muted=\"\"><\/video>-->\n              <img decoding=\"async\" class=\"mobile-slide-image\" src=\"\/wp-content\/uploads\/2024\/06\/App_location-FR.jpg\" \/>\n              <img decoding=\"async\" src=\"\/wp-content\/uploads\/2025\/12\/P_localisation-actif.png\">\n              <h3>Geolocalizaci\u00f3n de sus productos<\/h3>\n              <p>Geolocalice y rastree su equipo en l\u00ednea en un mapa.<\/p>\n          <\/div>\n      <\/div>\n      <div class=\"slide\">\n          <div class=\"slide-content\">\n              <!--<video src=\"\/wp-content\/uploads\/2025\/05\/App_Dashboard_LD.mp4\" loop=\"\" muted=\"\"><\/video>-->\n              <img decoding=\"async\" class=\"mobile-slide-image\" src=\"\/wp-content\/uploads\/2024\/06\/App_dashboard-FR.jpg\" \/>\n              <img decoding=\"async\" src=\"\/wp-content\/uploads\/2025\/12\/P_dashboard-actif.png\">\n              <h3>Panel de control<\/h3>\n              <p>Vea al instante el estado de sus instalaciones: conexi\u00f3n de los productos, bater\u00edas, umbrales superados, consumo diario de agua y fugas. Compatible con pasarelas Wi-Fi y 4G.<\/p>\n          <\/div>\n      <\/div>\n      <div class=\"slide\">\n          <div class=\"slide-content\">\n              <!--<video src=\"\/wp-content\/uploads\/2025\/05\/App_Assistant-LD.mp4\" loop=\"\" muted=\"\"><\/video>-->\n              <img decoding=\"async\" class=\"mobile-slide-image\" src=\"\/wp-content\/uploads\/2024\/06\/App_prog-FR.jpg\" \/>\n              <img decoding=\"async\" src=\"\/wp-content\/uploads\/2025\/12\/P_Assistant-prog-actif.png\">\n              <h3>Asistente de programaci\u00f3n<\/h3>\n              <p>Con el asistente de programaci\u00f3n MySOLEM, programe f\u00e1cilmente sus v\u00e1lvulas en pocos minutos: frecuencia, hora de inicio y duraci\u00f3n.<\/p>\n          <\/div>\n      <\/div>\n      <div class=\"slide\">\n          <div class=\"slide-content\">\n              <!--<video src=\"\/wp-content\/uploads\/2025\/05\/App_Sensors_LD.mp4\" loop=\"\" muted=\"\"><\/video>-->\n              <img decoding=\"async\" class=\"mobile-slide-image\" src=\"\/wp-content\/uploads\/2024\/06\/App_sondes-FR.jpg\" \/>\n              <img decoding=\"async\" src=\"\/wp-content\/uploads\/2025\/12\/P_donnees-sondes-actif.png\">\n              <h3>Datos de los sensores<\/h3>\n              <p>Visualice los datos de sus sensores en tiempo real y personalice los umbrales de alerta m\u00ednimo\/m\u00e1ximo para cada uno de ellos.<\/p>\n          <\/div>\n      <\/div>\n      <div class=\"slide\">\n          <div class=\"slide-content\">\n              <!--<video src=\"\/wp-content\/uploads\/2025\/05\/App_Notifications-LD.mp4\" loop=\"\" muted=\"\"><\/video>-->\n              <img decoding=\"async\" class=\"mobile-slide-image\" src=\"\/wp-content\/uploads\/2024\/06\/App_Notif-FR.jpg\" \/>\n              <img decoding=\"async\" src=\"\/wp-content\/uploads\/2025\/12\/P_notifs-actif.png\">\n              <h3>Notificaciones<\/h3>\n              <p>Reciba alertas en tiempo real por umbral superado o bater\u00eda baja, mediante notificaciones push.<\/p>\n          <\/div>\n      <\/div>\n  <\/div>\n\n  <!-- Navigation -->\n  <button class=\"prev\"><i class=\"fa-solid fa-chevron-left\"><\/i><\/button>\n  <button class=\"next\"><i class=\"fa-solid fa-chevron-right\"><\/i><\/button>\n<\/div>\n<\/div><\/div>\n\n\n\n<div style=\"height:100px\" aria-hidden=\"true\" class=\"wp-block-spacer\"><\/div>\n\n\n\n<div class=\"wp-block-group download-app-group\"><div class=\"wp-block-group__inner-container is-layout-constrained wp-block-group-is-layout-constrained\">\n<div class=\"download-app-content\">\n  <div class=\"download-link-content\">\n    <h5 class=\"download-title\">Descargue la app gratuita<\/h5>\n    <div class=\"download-app-links\">\n      <a class=\"download-app-link\" href=\"https:\/\/play.google.com\/store\/apps\/details?id=fr.solem.solemwf\" target=\"_blank\">Android<i class=\"far fa-arrow-alt-circle-right\"><\/i><\/a>\n      <a class=\"download-app-link\" href=\"https:\/\/apps.apple.com\/fr\/app\/mysolem\/id626680713\" target=\"_blank\">iOS<i class=\"far fa-arrow-alt-circle-right\"><\/i><\/a>\n    <\/div>\n  <\/div>\n  <img decoding=\"async\" class=\"app-rating-image\" src=\"\/wp-content\/uploads\/2025\/12\/MySOLEM-ratings-Dark.png\"\/>\n<\/div>\n<\/div><\/div>\n\n\n\n<div style=\"height:100px\" aria-hidden=\"true\" class=\"wp-block-spacer\"><\/div>\n\n\n\n<div class=\"wp-block-group next-mysolem-group\"><div class=\"wp-block-group__inner-container is-layout-constrained wp-block-group-is-layout-constrained\">\n<h3 class=\"wp-block-heading has-text-align-center section-title\">Descubra tambi\u00e9n\u2026<\/h3>\n\n\n\n<div style=\"height:100px\" aria-hidden=\"true\" class=\"wp-block-spacer\"><\/div>\n\n\n\n<div class=\"next-mysolem-content\">\n  <img decoding=\"async\" class=\"next-mysolem-image\" src=\"\/wp-content\/uploads\/2025\/12\/PUB_MySOLEM.webp\"\/>\n  <div class=\"next-mysolem-text\">\n    <h5 class=\"next-mysolem-title translation-block\">Plataforma MySOLEM<\/h5>\n    <p class=\"translation-block\">Encuentre todos sus equipos y descubra las funcionalidades avanzadas en <span>MySOLEM.com.<\/span><\/p>\n    <a class=\"next-mysolem-link\" href=\"\/es\/plateforme\/\">Descubrir <i class=\"far fa-arrow-alt-circle-right\"><\/i><\/a>\n  <\/div>\n<\/div>\n<\/div><\/div>\n\n\n\n<div style=\"height:100px\" aria-hidden=\"true\" class=\"wp-block-spacer\"><\/div>","protected":false},"excerpt":{"rendered":"<p>Application MySOLEM Programmez votre arrosage \u00e0 distance,en toute simplicit\u00e9. Android iOS Application MySOLEM Programmez votre&hellip;<\/p>","protected":false},"author":1,"featured_media":0,"parent":0,"menu_order":0,"comment_status":"closed","ping_status":"closed","template":"","meta":{"footnotes":""},"folder":[],"class_list":["post-15916","page","type-page","status-publish","hentry","has-content"],"jetpack_sharing_enabled":true,"_links":{"self":[{"href":"https:\/\/solem-irrigation.com\/es\/wp-json\/wp\/v2\/pages\/15916","targetHints":{"allow":["GET"]}}],"collection":[{"href":"https:\/\/solem-irrigation.com\/es\/wp-json\/wp\/v2\/pages"}],"about":[{"href":"https:\/\/solem-irrigation.com\/es\/wp-json\/wp\/v2\/types\/page"}],"author":[{"embeddable":true,"href":"https:\/\/solem-irrigation.com\/es\/wp-json\/wp\/v2\/users\/1"}],"replies":[{"embeddable":true,"href":"https:\/\/solem-irrigation.com\/es\/wp-json\/wp\/v2\/comments?post=15916"}],"version-history":[{"count":46,"href":"https:\/\/solem-irrigation.com\/es\/wp-json\/wp\/v2\/pages\/15916\/revisions"}],"predecessor-version":[{"id":17311,"href":"https:\/\/solem-irrigation.com\/es\/wp-json\/wp\/v2\/pages\/15916\/revisions\/17311"}],"wp:attachment":[{"href":"https:\/\/solem-irrigation.com\/es\/wp-json\/wp\/v2\/media?parent=15916"}],"wp:term":[{"taxonomy":"folder","embeddable":true,"href":"https:\/\/solem-irrigation.com\/es\/wp-json\/wp\/v2\/folder?post=15916"}],"curies":[{"name":"wp","href":"https:\/\/api.w.org\/{rel}","templated":true}]}}