{"id":15269,"date":"2025-11-28T08:55:10","date_gmt":"2025-11-28T07:55:10","guid":{"rendered":"https:\/\/solem-irrigation.com\/?page_id=15269"},"modified":"2025-12-04T16:16:54","modified_gmt":"2025-12-04T15:16:54","slug":"solem-performance","status":"publish","type":"page","link":"https:\/\/solem-irrigation.com\/es\/solem-performance\/","title":{"rendered":"Solem Performance"},"content":{"rendered":"<div class=\"wp-block-group alignfull page-custom-banner\"><div class=\"wp-block-group__inner-container is-layout-constrained wp-block-group-is-layout-constrained\">\n<div class=\"custom-banner-container\" style=\"background-image: url(\/wp-content\/uploads\/2025\/11\/Banniere-scaled.png); background-size: cover; background-position: center;\">\n  <div class=\"custom-banner-caption\">\n    <img decoding=\"async\" class=\"custom-banner-logo\" src=\"\/wp-content\/uploads\/2025\/11\/Logo-SOLEM-Performance_2.png\" \/>\n    <h3 class=\"custom-banner-title translation-block\">Descubra <span>la nueva generaci\u00f3n.<\/span><\/h3>\n    <div class=\"custom-banner-row\">\n      <div class=\"custom-banner-item\">\n        <div class=\"banner-item-picto-row\">\n          <img decoding=\"async\" class=\"banner-item-picto\" src=\"\/wp-content\/uploads\/2025\/11\/P_autonomie.png\"\/>\n          <img decoding=\"async\" class=\"banner-item-picto\" src=\"\/wp-content\/uploads\/2025\/11\/P_Eco-Mode.png\"\/>\n        <\/div>\n        <h5 class=\"banner-item-title\"><span>+<\/span> autonom\u00eda<\/h5>\n        <p class=\"banner-item-text\">\u00a1Nuestra nueva generaci\u00f3n de productos de 9\u202fV, con mayor autonom\u00eda de hasta 5 a\u00f1os, ya est\u00e1 disponible!<\/p>\n      <\/div>\n      <div class=\"custom-banner-item\">\n        <div class=\"banner-item-picto-row\">\n          <img decoding=\"async\" class=\"banner-item-picto\" src=\"\/wp-content\/uploads\/2025\/11\/P_NFC_2.png\"\/>\n        <\/div>\n        <h5 class=\"banner-item-title\"><span>+<\/span> simplicidad<\/h5>\n        <p class=\"banner-item-text\">\u00a1Instale sus m\u00f3dulos en pocos minutos en campo cercano: acerque el tel\u00e9fono y estar\u00e1 conectado!<\/p>\n      <\/div>\n      <div class=\"custom-banner-item\">\n        <div class=\"banner-item-picto-row\">\n          <img decoding=\"async\" class=\"banner-item-picto\" src=\"\/wp-content\/uploads\/2025\/11\/P_performance.png\"\/>\n        <\/div>\n        <h5 class=\"banner-item-title\"><span>+<\/span> rendimiento<\/h5>\n        <p class=\"banner-item-text\">Mayor autonom\u00eda y siempre m\u00e1s simplicidad para rendir a su lado. Nuestra nueva gama es robusta y fiable para afrontar todos sus desaf\u00edos en proyectos de riego.<\/p>\n      <\/div>\n    <\/div>\n  <\/div>\n<\/div>\n<\/div><\/div>\n\n\n\n<div style=\"height:50px\" aria-hidden=\"true\" class=\"wp-block-spacer\"><\/div>\n\n\n\n<div class=\"wp-block-group product perfo-blutooth-group custom-carousel-group\"><div class=\"wp-block-group__inner-container is-layout-constrained wp-block-group-is-layout-constrained\">\n<p class=\"has-text-align-left section-badge\">Gama Bluetooth\u00ae<\/p>\n\n\n\n<h3 class=\"wp-block-heading has-text-align-left section-title translation-block\">Programe sus v\u00e1lvulas <span>cerca<\/span><\/h3>\n\n\n\n<div class=\"range-carousel-content product\">\n  <div class=\"range-carousel range-columns\">\n    <div class=\"range-carousel-track\">\n      <div class=\"range-carousel-item custom-product-carousel\">\n        <h4 class=\"item-title\">BL-IP<\/h4>\n        <p class=\"item-text\">El mejor programador de 9V de su generaci\u00f3n<\/p>\n        <img decoding=\"async\" src=\"\/wp-content\/uploads\/2022\/06\/BLIP.png\"\/>\n        <div class=\"item-techno\">\n          <img decoding=\"async\" class=\"picto-tech\" src=\"\/wp-content\/uploads\/2025\/11\/P_Eco-Mode2.png\"\/>\n          <img decoding=\"async\" class=\"picto-tech\" src=\"\/wp-content\/uploads\/2025\/11\/P_NFC-2.png\"\/>\n        <\/div>\n        <a class=\"item-button\" href=\"\/wp-content\/uploads\/2025\/11\/BL-IP_V2-FR.pdf\" download=\"BL-IP_FR\"><i class=\"far fa-arrow-alt-circle-down\"><\/i><\/a>\n      <\/div>\n      <div class=\"range-carousel-item custom-product-carousel\">\n        <h4 class=\"item-title\">WooBee<\/h4>\n        <p class=\"item-text\">La simplicidad con o sin pantalla<\/p>\n        <img decoding=\"async\" src=\"\/wp-content\/uploads\/2022\/06\/WooBee_512x512.png\"\/>\n        <div class=\"item-techno\">\n          <img decoding=\"async\" class=\"picto-tech\" src=\"\/wp-content\/uploads\/2025\/11\/P_Eco-Mode2.png\"\/>\n        <\/div>\n        <a class=\"item-button\" href=\"\/wp-content\/uploads\/2025\/11\/WooBee-V2-FR.pdf\" download=\"WooBee_FR\"><i class=\"far fa-arrow-alt-circle-down\"><\/i><\/a>\n      <\/div>\n      <div class=\"range-carousel-item custom-product-carousel\">\n        <h4 class=\"item-title\">BL-NR<\/h4>\n        <p class=\"item-text\">Riego \/ nebulizaci\u00f3n fiable y robusto<\/p>\n        <img decoding=\"async\" src=\"\/wp-content\/uploads\/2025\/11\/BL-NR_V2-512.png\"\/>\n        <div class=\"item-techno\">\n          <img decoding=\"async\" class=\"picto-tech\" src=\"\/wp-content\/uploads\/2025\/11\/P_Eco-Mode2.png\"\/>\n        <\/div>\n        <a class=\"item-button\" href=\"\/wp-content\/uploads\/2025\/11\/BL-NR_V2-FR.pdf\" download=\"BL-NR_FR\"><i class=\"far fa-arrow-alt-circle-down\"><\/i><\/a>\n      <\/div>\n    <\/div>\n  <\/div>\n  <a class=\"range-rigth-arrow\"><i class=\"fa-solid fa-chevron-right\"><\/i><\/a>\n  <a class=\"range-left-arrow\"><i class=\"fa-solid fa-chevron-left\"><\/i><\/a>\n<\/div>\n<\/div><\/div>\n\n\n\n<div style=\"height:100px\" aria-hidden=\"true\" class=\"wp-block-spacer\"><\/div>\n\n\n\n<div class=\"wp-block-group product perfo-blutooth-group custom-carousel-group\"><div class=\"wp-block-group__inner-container is-layout-constrained wp-block-group-is-layout-constrained\">\n<p class=\"has-text-align-left section-badge\">Gama LoRa<sup>TM<\/sup><\/p>\n\n\n\n<h3 class=\"wp-block-heading has-text-align-left section-title translation-block\">Programe sus v\u00e1lvulas <span>a distancia<\/span><\/h3>\n\n\n\n<div class=\"range-carousel-content product\">\n  <div class=\"range-carousel range-columns\">\n    <div class=\"range-carousel-track\">\n      <div class=\"range-carousel-item custom-product-carousel\">\n        <h4 class=\"item-title\">LR-NR<\/h4>\n        <p class=\"item-text\">El programador de grifo LoRa<sup>TM<sup><\/p>\n        <img decoding=\"async\" src=\"\/wp-content\/uploads\/2025\/11\/LR-NR-512.png\"\/>\n        <div class=\"item-techno\">\n          <img decoding=\"async\" class=\"picto-tech\" src=\"\/wp-content\/uploads\/2025\/11\/P_Eco-Mode2.png\"\/>\n        <\/div>\n        <a class=\"item-button\" href=\"\/wp-content\/uploads\/2025\/11\/LR-NR-FR.pdf\" download=\"BL-NR_FR\"><i class=\"far fa-arrow-alt-circle-down\"><\/i><\/a>\n      <\/div>\n      <div class=\"range-carousel-item custom-product-carousel\">\n        <h4 class=\"item-title\">LR-IP<\/h4>\n        <p class=\"item-text\">Ideal para el riego de grandes \u00e1reas<\/p>\n        <img decoding=\"async\" src=\"\/wp-content\/uploads\/2025\/11\/LR-IP-512.png\"\/>\n        <div class=\"item-techno\">\n          <img decoding=\"async\" class=\"picto-tech\" src=\"\/wp-content\/uploads\/2025\/11\/P_Eco-Mode2.png\"\/>\n          <img decoding=\"async\" class=\"picto-tech\" src=\"\/wp-content\/uploads\/2025\/11\/P_NFC-2.png\"\/>\n        <\/div>\n        <a class=\"item-button\" href=\"\/wp-content\/uploads\/2025\/11\/LR-IP-V2-FR.pdf\" download=\"LR-IP_FR\"><i class=\"far fa-arrow-alt-circle-down\"><\/i><\/a>\n      <\/div>\n      <div class=\"range-carousel-item custom-product-carousel\">\n        <h4 class=\"item-title\">LR-AG<\/h4>\n        <p class=\"item-text\">Ideal para la programaci\u00f3n volum\u00e9trica<\/p>\n        <img decoding=\"async\" src=\"\/wp-content\/uploads\/2025\/11\/LR-AG-512.png\"\/>\n        <div class=\"item-techno\">\n          <img decoding=\"async\" class=\"picto-tech\" src=\"\/wp-content\/uploads\/2025\/11\/P_Eco-Mode2.png\"\/>\n          <img decoding=\"async\" class=\"picto-tech\" src=\"\/wp-content\/uploads\/2025\/11\/P_NFC-2.png\"\/>\n        <\/div>\n        <a class=\"item-button\" href=\"\/wp-content\/uploads\/2025\/11\/LR-AG_FR.pdf\" download=\"LR-AG_FR\"><i class=\"far fa-arrow-alt-circle-down\"><\/i><\/a>\n      <\/div>\n    <\/div>\n  <\/div>\n  <a class=\"range-rigth-arrow\"><i class=\"fa-solid fa-chevron-right\"><\/i><\/a>\n  <a class=\"range-left-arrow\"><i class=\"fa-solid fa-chevron-left\"><\/i><\/a>\n<\/div>\n<\/div><\/div>\n\n\n\n<div style=\"height:100px\" aria-hidden=\"true\" class=\"wp-block-spacer\"><\/div>\n\n\n\n<div class=\"wp-block-group product perfo-blutooth-group custom-carousel-group\"><div class=\"wp-block-group__inner-container is-layout-constrained wp-block-group-is-layout-constrained\">\n<p class=\"has-text-align-left section-badge\">Sondas conectadas<\/p>\n\n\n\n<h3 class=\"wp-block-heading has-text-align-left section-title translation-block\"><span>Optimice<\/span> y <span>automatice<\/span> su riego<\/h3>\n\n\n\n<div class=\"range-carousel-content product\">\n  <div class=\"range-carousel range-columns\">\n    <div class=\"range-carousel-track\">\n      <div class=\"range-carousel-item custom-product-carousel\">\n        <h4 class=\"item-title\">LR-MS<\/h4>\n        <p class=\"item-text\">P\u00e1sese a un riego de precisi\u00f3n<\/p>\n        <img decoding=\"async\" src=\"\/wp-content\/uploads\/2022\/06\/photo-lr-ms-512x512-1.png\"\/>\n        <div class=\"item-techno\">\n          <img decoding=\"async\" class=\"picto-tech\" src=\"\/wp-content\/uploads\/2025\/11\/P_Eco-Mode2.png\"\/>\n          <img decoding=\"async\" class=\"picto-tech\" src=\"\/wp-content\/uploads\/2025\/11\/P_NFC-2.png\"\/>\n        <\/div>\n        <a class=\"item-button\" href=\"\/wp-content\/uploads\/2025\/12\/LR-MS-V2.pdf\" download=\"LR-MS_FR\"><i class=\"far fa-arrow-alt-circle-down\"><\/i><\/a>\n      <\/div>\n    <\/div>\n  <\/div>\n  <a class=\"range-rigth-arrow\"><i class=\"fa-solid fa-chevron-right\"><\/i><\/a>\n  <a class=\"range-left-arrow\"><i class=\"fa-solid fa-chevron-left\"><\/i><\/a>\n<\/div>\n<\/div><\/div>\n\n\n\n<div style=\"height:100px\" aria-hidden=\"true\" class=\"wp-block-spacer\"><\/div>\n\n\n\n<div class=\"wp-block-group custom-contact-group\"><div class=\"wp-block-group__inner-container is-layout-constrained wp-block-group-is-layout-constrained\">\n<div class=\"contact-container\">\n  <div class=\"contact-content\">\n    <div class=\"contact-text\">\n       <h6 class=\"contact-content-title\">Para m\u00e1s informaci\u00f3n, contacte al equipo comercial.<\/h6>\n       <a class=\"contact-content-link\" href=\"\/es\/nous-contacter\/\">Cont\u00e1ctenos<i class=\"far fa-arrow-alt-circle-right\"><\/i><\/a>\n    <\/div>\n    <div class=\"contact-image\">\n      <img decoding=\"async\" class=\"contact-icon\" src=\"\/wp-content\/uploads\/2025\/11\/P_Contact.png\" \/>\n    <\/div>\n  <\/div>\n<\/div>\n<\/div><\/div>\n\n\n\n<div style=\"height:100px\" aria-hidden=\"true\" class=\"wp-block-spacer\"><\/div>","protected":false},"excerpt":{"rendered":"<p>D\u00e9couvrez la nouvelle g\u00e9n\u00e9ration. + d\u2019autonomie Notre nouvelle g\u00e9n\u00e9ration de produits 9V avec une autonomie&hellip;<\/p>","protected":false},"author":1,"featured_media":0,"parent":0,"menu_order":0,"comment_status":"closed","ping_status":"closed","template":"","meta":{"footnotes":""},"folder":[],"class_list":["post-15269","page","type-page","status-publish","hentry","has-content"],"jetpack_sharing_enabled":true,"_links":{"self":[{"href":"https:\/\/solem-irrigation.com\/es\/wp-json\/wp\/v2\/pages\/15269","targetHints":{"allow":["GET"]}}],"collection":[{"href":"https:\/\/solem-irrigation.com\/es\/wp-json\/wp\/v2\/pages"}],"about":[{"href":"https:\/\/solem-irrigation.com\/es\/wp-json\/wp\/v2\/types\/page"}],"author":[{"embeddable":true,"href":"https:\/\/solem-irrigation.com\/es\/wp-json\/wp\/v2\/users\/1"}],"replies":[{"embeddable":true,"href":"https:\/\/solem-irrigation.com\/es\/wp-json\/wp\/v2\/comments?post=15269"}],"version-history":[{"count":40,"href":"https:\/\/solem-irrigation.com\/es\/wp-json\/wp\/v2\/pages\/15269\/revisions"}],"predecessor-version":[{"id":15935,"href":"https:\/\/solem-irrigation.com\/es\/wp-json\/wp\/v2\/pages\/15269\/revisions\/15935"}],"wp:attachment":[{"href":"https:\/\/solem-irrigation.com\/es\/wp-json\/wp\/v2\/media?parent=15269"}],"wp:term":[{"taxonomy":"folder","embeddable":true,"href":"https:\/\/solem-irrigation.com\/es\/wp-json\/wp\/v2\/folder?post=15269"}],"curies":[{"name":"wp","href":"https:\/\/api.w.org\/{rel}","templated":true}]}}