{"id":9789,"date":"2024-10-17T16:21:05","date_gmt":"2024-10-17T14:21:05","guid":{"rendered":"https:\/\/solem-irrigation.com\/?post_type=product&#038;p=9789"},"modified":"2026-03-04T08:43:37","modified_gmt":"2026-03-04T07:43:37","slug":"lr-ms-sdi12","status":"publish","type":"product","link":"https:\/\/solem-irrigation.com\/en\/product\/lr-ms-sdi12\/","title":{"rendered":"LR-MS-SDI12"},"content":{"rendered":"<p>Le LR-MS-SDI12 est un module d\u2019acquisition de donn\u00e9es de capteurs divers \u00e9tanche \u00e0 pile reprennant les caract\u00e9ristiques du LR-MS. Ce module est compatible avec divers sondes fonctionnant sur protocole SDI-12. Associ\u00e9 \u00e0 une passerelle Wi-Fi ou 4G, acc\u00e9dez \u00e0 vos donn\u00e9es o\u00f9 que vous soyez. Depuis la plateforme MySOLEM.com, vous pouvez consulter et extraire vos donn\u00e9es et m\u00eame automatiser votre arrosage en fonction des seuils que vous aurez d\u00e9finis pour chaque capteur.<\/p>\n<div class=\"wp-block-columns desciption-spec-columns\">\n<div class=\"desciption-spec active\">\n<div class=\"wp-block-image\">\n<img decoding=\"async\" src=\"https:\/\/solem-irrigation.com\/wp-content\/uploads\/2022\/06\/Picto_ecocouts.png\" alt=\"\" class=\"spec-image\">\n<\/div>\n<div class=\"desciption-spec-text\">\n<p class=\"has-text-align-center title\"><strong>Operating costs optimization<\/strong><\/p>\n<\/div>\n<\/div>\n<div class=\"desciption-spec active\">\n<div class=\"wp-block-image\">\n<img decoding=\"async\" loading=\"lazy\" src=\"https:\/\/solem-irrigation.com\/wp-content\/uploads\/2022\/06\/Picto_Plan-de-travail-25-copie-30.png\" alt=\"\" class=\"spec-image\">\n<\/div>\n<div class=\"desciption-spec-text\">\n<p class=\"has-text-align-center title\"><strong>Stop watering when it rains<\/strong><\/p>\n<\/div>\n<\/div>\n<div class=\"wp-block-column desciption-spec active\">\n<div class=\"wp-block-image\">\n<img decoding=\"async\" loading=\"lazy\" src=\"https:\/\/solem-irrigation.com\/wp-content\/uploads\/2022\/06\/Picto_donne\u0301es.png\" alt=\"\" class=\"spec-image\">\n<\/div>\n<div class=\"desciption-spec-text\">\n<p class=\"has-text-align-center title\"><strong>Data collection to optimize watering<\/strong><\/p>\n<\/div>\n<\/div>\n<\/div>","protected":false},"excerpt":{"rendered":"<h3 class=\"product-name\" style=\"display: none;\">LR-MS-SD12<\/h3>\n<h3>LoRa Sensor Module<\/h3>\n<div class=\"short-spec\">\n<p class=\"techno-icones\"><img decoding=\"async\" src=\"\/wp-content\/uploads\/2024\/09\/BL.png\"\/><img decoding=\"async\" src=\"\/wp-content\/uploads\/2024\/09\/LoRa.png\"\/> <\/p>\n<p><span class=\"spec-icon\"><img decoding=\"async\" src=\"https:\/\/solem-irrigation.com\/wp-content\/uploads\/2026\/03\/P_enteescap.png\"\/><\/span> <span class=\"spec-text\">1 input<\/span><\/p>\n<p><span class=\"spec-icon\"><img decoding=\"async\" src=\"https:\/\/solem-irrigation.com\/wp-content\/uploads\/2026\/03\/P_kit.png\"\/><\/span> <span class=\"spec-text\">Compatible sondes standard et capacitives multi-niveaux<\/span><\/p>\n<\/div>\n<div class=\"product-slide-bottom\">\n<div class=\"product-techno\">\n<span class=\"icon-ble\"><img decoding=\"async\" src=\"https:\/\/solem-irrigation.com\/wp-content\/uploads\/2024\/09\/BL.png\"\/><\/span><br \/>\n<span><img decoding=\"async\" src=\"https:\/\/solem-irrigation.com\/wp-content\/uploads\/2024\/09\/LoRa.png\"\/><\/span>\n<\/div>\n<p class=\"product-link\">View<\/p>\n<\/div>","protected":false},"featured_media":9792,"template":"","meta":[],"product_brand":[],"product_cat":[33,32,44,45],"product_tag":[],"class_list":{"0":"post-9789","1":"product","2":"type-product","3":"status-publish","4":"has-post-thumbnail","6":"product_cat-irrigation-agriculture","7":"product_cat-irrigation-municipalite","8":"product_cat-sondes-municipalite","9":"product_cat-sondes-agriculture","10":"has-content","12":"first","13":"instock","14":"shipping-taxable","15":"purchasable","16":"product-type-variable"},"jetpack_sharing_enabled":true,"_links":{"self":[{"href":"https:\/\/solem-irrigation.com\/en\/wp-json\/wp\/v2\/product\/9789","targetHints":{"allow":["GET"]}}],"collection":[{"href":"https:\/\/solem-irrigation.com\/en\/wp-json\/wp\/v2\/product"}],"about":[{"href":"https:\/\/solem-irrigation.com\/en\/wp-json\/wp\/v2\/types\/product"}],"wp:featuredmedia":[{"embeddable":true,"href":"https:\/\/solem-irrigation.com\/en\/wp-json\/wp\/v2\/media\/9792"}],"wp:attachment":[{"href":"https:\/\/solem-irrigation.com\/en\/wp-json\/wp\/v2\/media?parent=9789"}],"wp:term":[{"taxonomy":"product_brand","embeddable":true,"href":"https:\/\/solem-irrigation.com\/en\/wp-json\/wp\/v2\/product_brand?post=9789"},{"taxonomy":"product_cat","embeddable":true,"href":"https:\/\/solem-irrigation.com\/en\/wp-json\/wp\/v2\/product_cat?post=9789"},{"taxonomy":"product_tag","embeddable":true,"href":"https:\/\/solem-irrigation.com\/en\/wp-json\/wp\/v2\/product_tag?post=9789"}],"curies":[{"name":"wp","href":"https:\/\/api.w.org\/{rel}","templated":true}]}}