{"id":9786,"date":"2024-10-17T15:17:59","date_gmt":"2024-10-17T13:17:59","guid":{"rendered":"https:\/\/solem-irrigation.com\/?post_type=product&#038;p=9786"},"modified":"2025-12-22T10:43:39","modified_gmt":"2025-12-22T09:43:39","slug":"lr-ms-wan","status":"publish","type":"product","link":"https:\/\/solem-irrigation.com\/en\/product\/lr-ms-wan\/","title":{"rendered":"LR-MS-WAN"},"content":{"rendered":"<p>Le LR-MS-WAN est un module d\u2019acquisition de donn\u00e9es de capteurs divers. Ce module peut connecter de nombreux capteurs : des sondes m\u00e9t\u00e9o (pluie, humidit\u00e9 de l\u2019air, an\u00e9mom\u00e9trie et temp\u00e9rature) mais aussi des compteurs d\u2019eau, des sondes d\u2019humidit\u00e9 du sol, des tensiom\u00e8tres, des sondes de niveaux et bien d\u2019autres. Les donn\u00e9es sont envoy\u00e9es automatiquement sur la plateforme MySOLEM via une antenne de la ville et permettent d\u2019arr\u00eater l\u2019irrigation en fonction des seuils min.-max. d\u00e9finis par l\u2019utilisateur. Id\u00e9al pour les zones isol\u00e9es ou \u00e0 faible densit\u00e9 de produits.<\/p>\n<div class=\"wp-block-columns desciption-spec-columns\">\n<div class=\"desciption-spec active\">\n<div class=\"wp-block-image\">\n<img decoding=\"async\" loading=\"lazy\" src=\"https:\/\/solem-irrigation.com\/wp-content\/uploads\/2022\/06\/Picto_pilotage-a\u0300-distance.png\" alt=\"\" class=\"spec-image\">\n<\/div>\n<div class=\"desciption-spec-text\">\n<p class=\"has-text-align-center title\"><strong>Remote management<\/strong><\/p>\n<\/div>\n<\/div>\n<div class=\"desciption-spec active\">\n<div class=\"wp-block-image\">\n<img decoding=\"async\" src=\"https:\/\/solem-irrigation.com\/wp-content\/uploads\/2024\/10\/Reseau-public_prive.png\" alt=\"\" class=\"spec-image\">\n<\/div>\n<div class=\"desciption-spec-text\">\n<p class=\"has-text-align-center title\"><strong>R\u00e9seau public ou priv\u00e9<\/strong><\/p>\n<\/div>\n<\/div>\n<div class=\"desciption-spec active\">\n<div class=\"wp-block-image\">\n<img decoding=\"async\" loading=\"lazy\" src=\"https:\/\/solem-irrigation.com\/wp-content\/uploads\/2022\/06\/Picto_donne\u0301es.png\" alt=\"\" class=\"spec-image\"><\/div>\n<div class=\"desciption-spec-text\">\n<p class=\"has-text-align-center title\"><strong>Data collection to optimize watering<\/strong><\/p>\n<\/div>\n<\/div>\n<\/div>","protected":false},"excerpt":{"rendered":"<h3 class=\"product-name\" style=\"display: none;\">LR-MS-WAN<\/h3>\n<h3>Module sonde LoRaWAN<\/h3>\n<div class=\"short-spec\">\n<p class=\"techno-icones\"><img decoding=\"async\" src=\"\/wp-content\/uploads\/2024\/09\/BL.png\"\/><img decoding=\"async\" src=\"\/wp-content\/uploads\/2024\/09\/LoRa.png\"\/><\/p>\n<p><span class=\"spec-icon\"><img decoding=\"async\" src=\"https:\/\/solem-irrigation.com\/wp-content\/uploads\/2022\/06\/Picto_stations-1.png\"\/><\/span> <span class=\"spec-text\">1 \/ 4 input(s)<\/span><\/p>\n<\/div>\n<div class=\"product-slide-bottom\">\n<div class=\"product-techno\">\n<span class=\"icon-ble\"><img decoding=\"async\" src=\"https:\/\/solem-irrigation.com\/wp-content\/uploads\/2024\/09\/BL.png\"\/><\/span><br \/>\n<span><img decoding=\"async\" src=\"https:\/\/solem-irrigation.com\/wp-content\/uploads\/2024\/09\/LoRa.png\"\/><\/span>\n<\/div>\n<p class=\"product-link\">View<\/p>\n<\/div>","protected":false},"featured_media":9788,"template":"","meta":[],"product_brand":[],"product_cat":[33,32,45,44],"product_tag":[],"class_list":{"0":"post-9786","1":"product","2":"type-product","3":"status-publish","4":"has-post-thumbnail","6":"product_cat-irrigation-agriculture","7":"product_cat-irrigation-municipalite","8":"product_cat-sondes-agriculture","9":"product_cat-sondes-municipalite","10":"has-content","12":"first","13":"instock","14":"shipping-taxable","15":"purchasable","16":"product-type-variable"},"jetpack_sharing_enabled":true,"_links":{"self":[{"href":"https:\/\/solem-irrigation.com\/en\/wp-json\/wp\/v2\/product\/9786","targetHints":{"allow":["GET"]}}],"collection":[{"href":"https:\/\/solem-irrigation.com\/en\/wp-json\/wp\/v2\/product"}],"about":[{"href":"https:\/\/solem-irrigation.com\/en\/wp-json\/wp\/v2\/types\/product"}],"wp:featuredmedia":[{"embeddable":true,"href":"https:\/\/solem-irrigation.com\/en\/wp-json\/wp\/v2\/media\/9788"}],"wp:attachment":[{"href":"https:\/\/solem-irrigation.com\/en\/wp-json\/wp\/v2\/media?parent=9786"}],"wp:term":[{"taxonomy":"product_brand","embeddable":true,"href":"https:\/\/solem-irrigation.com\/en\/wp-json\/wp\/v2\/product_brand?post=9786"},{"taxonomy":"product_cat","embeddable":true,"href":"https:\/\/solem-irrigation.com\/en\/wp-json\/wp\/v2\/product_cat?post=9786"},{"taxonomy":"product_tag","embeddable":true,"href":"https:\/\/solem-irrigation.com\/en\/wp-json\/wp\/v2\/product_tag?post=9786"}],"curies":[{"name":"wp","href":"https:\/\/api.w.org\/{rel}","templated":true}]}}