{"id":292,"date":"2022-05-20T15:38:25","date_gmt":"2022-05-20T13:38:25","guid":{"rendered":"http:\/\/solem.com\/?page_id=292"},"modified":"2024-06-18T14:23:18","modified_gmt":"2024-06-18T12:23:18","slug":"plateforme","status":"publish","type":"page","link":"https:\/\/solem-irrigation.com\/en\/plateforme\/","title":{"rendered":"Online Platform"},"content":{"rendered":"<div id=\"first-element\" class=\"wp-block-group column-icon-group\"><div class=\"wp-block-group__inner-container is-layout-flow wp-block-group-is-layout-flow\">\n<h4 class=\"wp-block-heading has-text-align-center\"><span>Benefits<\/span><br>A free platform at your service<\/h4>\n\n\n\n<div class=\"wp-block-columns is-layout-flex wp-container-core-columns-is-layout-9d6595d7 wp-block-columns-is-layout-flex\">\n<div class=\"wp-block-column is-layout-flow wp-block-column-is-layout-flow\"><div class=\"wp-block-image\">\n<figure class=\"aligncenter size-full is-resized\"><img loading=\"lazy\" decoding=\"async\" width=\"213\" height=\"212\" src=\"https:\/\/solem-irrigation.com\/wp-content\/uploads\/2022\/07\/Picto_fonctionnalite\u0301s-expertes.png\" alt=\"\" class=\"wp-image-1711\" style=\"width:106px;height:106px\"\/><\/figure>\n<\/div>\n\n\n<p class=\"has-text-align-center title\"><strong>EXPERT FEATURES<\/strong><\/p>\n\n\n\n<p class=\"has-text-align-center args translation-block\">Make your life easier using features designed for your business.<\/p>\n<\/div>\n\n\n\n<div class=\"wp-block-column is-layout-flow wp-block-column-is-layout-flow\"><div class=\"wp-block-image\">\n<figure class=\"aligncenter size-large is-resized\"><img decoding=\"async\" src=\"https:\/\/solem-irrigation.com\/wp-content\/uploads\/2022\/06\/Picto_plateforme_Plan-de-travail-22-copie-4.png\" alt=\"\" style=\"width:106px;height:106px\"\/><\/figure>\n<\/div>\n\n\n<p class=\"has-text-align-center title\"><strong>INTUITIVE INTERFACE<\/strong><\/p>\n\n\n\n<p class=\"has-text-align-center args\">Fully-implemented and easy-to-use platform for professionals<\/p>\n<\/div>\n\n\n\n<div class=\"wp-block-column is-layout-flow wp-block-column-is-layout-flow\"><div class=\"wp-block-image\">\n<figure class=\"aligncenter size-large is-resized\"><img decoding=\"async\" src=\"https:\/\/solem-irrigation.com\/wp-content\/uploads\/2022\/06\/Picto_plateforme_Plan-de-travail-22-copie-8.png\" alt=\"\" style=\"width:106px;height:106px\"\/><\/figure>\n<\/div>\n\n\n<p class=\"has-text-align-center title\"><strong>REMOTE<\/strong> <strong>CONTROL<\/strong><\/p>\n\n\n\n<p class=\"has-text-align-center args\">Program your installations remotely in seconds.<\/p>\n<\/div>\n<\/div>\n<\/div><\/div>\n\n\n\n<div style=\"height:30px\" aria-hidden=\"true\" class=\"wp-block-spacer\"><\/div>\n\n\n\n<div class=\"wp-block-group alignfull features-group\"><div class=\"wp-block-group__inner-container is-layout-flow wp-block-group-is-layout-flow\">\n<h4 class=\"wp-block-heading alignfull has-text-align-center\">Features<\/h4>\n\n\n\n<div class=\"wp-block-columns alignfull are-vertically-aligned-center features-columns is-layout-flex wp-container-core-columns-is-layout-9d6595d7 wp-block-columns-is-layout-flex\">\n<div class=\"wp-block-column is-vertically-aligned-center features-left is-layout-flow wp-block-column-is-layout-flow\">\n<div class=\"wp-block-columns feature active is-layout-flex wp-container-core-columns-is-layout-9d6595d7 wp-block-columns-is-layout-flex\">\n<div class=\"wp-block-column platform-feature is-layout-flow wp-block-column-is-layout-flow\"><div class=\"wp-block-image feature-icon\">\n<figure class=\"aligncenter size-large\"><img decoding=\"async\" src=\"https:\/\/solem-irrigation.com\/wp-content\/uploads\/2022\/06\/Picto_plateforme_produits.png\" alt=\"\"\/><\/figure>\n<\/div>\n\n\n<h6 class=\"wp-block-heading has-text-align-right\"><a data-content=\"https:\/\/solem-irrigation.com\/wp-content\/uploads\/2024\/06\/PRODUITS.jpg\" data-content-en=\"https:\/\/solem-irrigation.com\/wp-content\/uploads\/2024\/06\/PRODUITS_EN.jpg\">Product management<\/a><\/h6>\n\n\n\n<p class=\"has-text-align-right\">Manage your controllers: programming, manual commands, on\/off commands, waterbudget and more.<\/p>\n<\/div>\n<\/div>\n\n\n\n<div class=\"wp-block-columns feature is-layout-flex wp-container-core-columns-is-layout-9d6595d7 wp-block-columns-is-layout-flex\">\n<div class=\"wp-block-column platform-feature is-layout-flow wp-block-column-is-layout-flow\"><div class=\"wp-block-image feature-icon\">\n<figure class=\"aligncenter size-large\"><img decoding=\"async\" src=\"https:\/\/solem-irrigation.com\/wp-content\/uploads\/2022\/06\/Picto_releve\u0301s-sondes.png\" alt=\"\"\/><\/figure>\n<\/div>\n\n\n<h6 class=\"wp-block-heading has-text-align-right\"><a data-content=\"https:\/\/solem-irrigation.com\/wp-content\/uploads\/2023\/03\/Sondes.jpg\" data-content-en=\"https:\/\/solem-irrigation.com\/wp-content\/uploads\/2024\/06\/STATION_EN.jpg\">Sensors data visualization<\/a><\/h6>\n\n\n\n<p class=\"has-text-align-right\">View your sensor data at a glance, set min\/max thresholds for each of you sensors and be alerted by push notification and email in case of threshold overruns.<\/p>\n<\/div>\n<\/div>\n\n\n\n<div class=\"wp-block-columns feature is-layout-flex wp-container-core-columns-is-layout-9d6595d7 wp-block-columns-is-layout-flex\">\n<div class=\"wp-block-column platform-feature is-layout-flow wp-block-column-is-layout-flow\"><div class=\"wp-block-image feature-icon\">\n<figure class=\"aligncenter size-large\"><img decoding=\"async\" src=\"https:\/\/solem-irrigation.com\/wp-content\/uploads\/2022\/06\/Picto_plateforme_historique-evenements.png\" alt=\"\" title=\"\"\/><\/figure>\n<\/div>\n\n\n<h6 class=\"wp-block-heading has-text-align-right\"><a data-content=\"https:\/\/solem-irrigation.com\/wp-content\/uploads\/2023\/03\/Event.jpg\" data-content-en=\"https:\/\/solem-irrigation.com\/wp-content\/uploads\/2024\/06\/ALERTES_EN.jpg\">Event history<\/a><\/h6>\n\n\n\n<p class=\"has-text-align-right\">View the history of events at a glance: controllers switch-off, manual orders, programming changes and more.<\/p>\n<\/div>\n<\/div>\n\n\n\n<div class=\"wp-block-columns feature is-layout-flex wp-container-core-columns-is-layout-9d6595d7 wp-block-columns-is-layout-flex\">\n<div class=\"wp-block-column platform-feature is-layout-flow wp-block-column-is-layout-flow\"><div class=\"wp-block-image feature-icon\">\n<figure class=\"aligncenter size-large\"><img decoding=\"async\" src=\"https:\/\/solem-irrigation.com\/wp-content\/uploads\/2022\/06\/Picto_plateforme_moteur-de-recherche.png\" alt=\"\"\/><\/figure>\n<\/div>\n\n\n<h6 class=\"wp-block-heading has-text-align-right\"><a data-content=\"https:\/\/solem-irrigation.com\/wp-content\/uploads\/2023\/03\/Recherche.jpg\" data-content-en=\"https:\/\/solem-irrigation.com\/wp-content\/uploads\/2024\/06\/RECHERCHE_EN.jpg\">Search engine<\/a><\/h6>\n\n\n\n<p class=\"has-text-align-right\">Benefit from a powerful internal search engine to save you time: find customers, products, Canopy sites and clusters easily.<\/p>\n<\/div>\n<\/div>\n<\/div>\n\n\n\n<div class=\"wp-block-column is-vertically-aligned-center feature-image-column is-layout-flow wp-block-column-is-layout-flow\"><div class=\"wp-block-image\">\n<figure class=\"aligncenter size-full\"><img loading=\"lazy\" decoding=\"async\" width=\"1428\" height=\"1193\" src=\"https:\/\/solem-irrigation.com\/wp-content\/uploads\/2024\/06\/PRODUITS_EN.jpg\" alt=\"\" class=\"wp-image-8487\"\/><\/figure>\n<\/div><\/div>\n\n\n\n<div class=\"wp-block-column is-vertically-aligned-center features-right is-layout-flow wp-block-column-is-layout-flow\">\n<div class=\"wp-block-columns feature is-layout-flex wp-container-core-columns-is-layout-9d6595d7 wp-block-columns-is-layout-flex\">\n<div class=\"wp-block-column platform-feature is-layout-flow wp-block-column-is-layout-flow\"><div class=\"wp-block-image feature-icon\">\n<figure class=\"aligncenter size-large\"><img decoding=\"async\" src=\"https:\/\/solem-irrigation.com\/wp-content\/uploads\/2022\/06\/Picto_plateforme_canopy.png\" alt=\"\" title=\"feature-icon\"\/><\/figure>\n<\/div>\n\n\n<h6 class=\"wp-block-heading\"><a data-content=\"https:\/\/solem-irrigation.com\/wp-content\/uploads\/2024\/06\/MAP-1.jpg\" data-content-en=\"https:\/\/solem-irrigation.com\/wp-content\/uploads\/2024\/06\/MAP-EN.jpg\">Creation of Canopy sites<\/a><\/h6>\n\n\n\n<p>Group your products into sites and sub-sites: give users access by site and view water consumption by site and in total.<\/p>\n<\/div>\n<\/div>\n\n\n\n<div class=\"wp-block-columns feature is-layout-flex wp-container-core-columns-is-layout-9d6595d7 wp-block-columns-is-layout-flex\">\n<div class=\"wp-block-column platform-feature is-layout-flow wp-block-column-is-layout-flow\"><div class=\"wp-block-image feature-icon\">\n<figure class=\"aligncenter size-large\"><img decoding=\"async\" src=\"https:\/\/solem-irrigation.com\/wp-content\/uploads\/2022\/06\/Picto_plateforme_tableau-de-bord.png\" alt=\"\"\/><\/figure>\n<\/div>\n\n\n<h6 class=\"wp-block-heading\"><a data-content=\"https:\/\/solem-irrigation.com\/wp-content\/uploads\/2024\/06\/DASHBOARD.jpg\" data-content-en=\"https:\/\/solem-irrigation.com\/wp-content\/uploads\/2024\/06\/DASHBOARD-EN.jpg\">Dashboard<\/a><\/h6>\n\n\n\n<p>View the operating status of your installations at a glance and in real time: product connection status, battery status, thresholds exceeded, daily water consumption and leaks.<\/p>\n<\/div>\n<\/div>\n\n\n\n<div class=\"wp-block-columns feature is-layout-flex wp-container-core-columns-is-layout-9d6595d7 wp-block-columns-is-layout-flex\">\n<div class=\"wp-block-column platform-feature is-layout-flow wp-block-column-is-layout-flow\"><div class=\"wp-block-image feature-icon\">\n<figure class=\"aligncenter size-large\"><img decoding=\"async\" src=\"https:\/\/solem-irrigation.com\/wp-content\/uploads\/2022\/06\/Picto_plateforme_cluster.png\" alt=\"\"\/><\/figure>\n<\/div>\n\n\n<h6 class=\"wp-block-heading\"><a data-content=\"https:\/\/solem-irrigation.com\/wp-content\/uploads\/2024\/06\/CLUSTER.jpg\" data-content-en=\"https:\/\/solem-irrigation.com\/wp-content\/uploads\/2024\/06\/CLUSTER-EN.jpg\">Cluster creation : group your waterways<\/a><\/h6>\n\n\n\n<p>Group all the stations of your controllers of a same main line to see them on a single screen: view all your programming at a glance.<\/p>\n<\/div>\n<\/div>\n\n\n\n<div class=\"wp-block-columns feature is-layout-flex wp-container-core-columns-is-layout-9d6595d7 wp-block-columns-is-layout-flex\">\n<div class=\"wp-block-column platform-feature is-layout-flow wp-block-column-is-layout-flow\"><div class=\"wp-block-image feature-icon\">\n<figure class=\"aligncenter size-large\"><img decoding=\"async\" src=\"https:\/\/solem-irrigation.com\/wp-content\/uploads\/2022\/06\/Picto_plateforme_compte-client.png\" alt=\"\"\/><\/figure>\n<\/div>\n\n\n<h6 class=\"wp-block-heading\"><a data-content=\"https:\/\/solem-irrigation.com\/wp-content\/uploads\/2024\/06\/CLIENTS_FR.jpg\" data-content-en=\"https:\/\/solem-irrigation.com\/wp-content\/uploads\/2024\/06\/CLIENT-EN.jpg\">Customer account management<\/a><\/h6>\n\n\n\n<p class=\"has-text-align-left\">With the professional functionality, add your customers and manage their products.<\/p>\n<\/div>\n<\/div>\n<\/div>\n<\/div>\n<\/div><\/div>\n\n\n\n<div class=\"wp-block-group mobile-custom-slider\"><div class=\"wp-block-group__inner-container is-layout-flow wp-block-group-is-layout-flow\">\n<div class=\"wp-block-columns slide active is-layout-flex wp-container-core-columns-is-layout-9d6595d7 wp-block-columns-is-layout-flex\">\n<div class=\"wp-block-column is-layout-flow wp-block-column-is-layout-flow\">\n<figure class=\"wp-block-image size-full\"><img loading=\"lazy\" decoding=\"async\" width=\"1428\" height=\"1193\" src=\"https:\/\/solem-irrigation.com\/wp-content\/uploads\/2024\/06\/PRODUITS_EN.jpg\" alt=\"\" class=\"wp-image-8486\"\/><\/figure>\n<\/div>\n\n\n\n<div class=\"wp-block-column is-vertically-aligned-center slide-description is-layout-flow wp-block-column-is-layout-flow\">\n<h4 class=\"wp-block-heading\">Product management<\/h4>\n\n\n\n<p>Manage your controllers: programming, manual commands, on\/off commands, waterbudget and more.<\/p>\n<\/div>\n<\/div>\n\n\n\n<div class=\"wp-block-columns slide is-layout-flex wp-container-core-columns-is-layout-9d6595d7 wp-block-columns-is-layout-flex\">\n<div class=\"wp-block-column is-layout-flow wp-block-column-is-layout-flow\">\n<figure class=\"wp-block-image size-full\"><img loading=\"lazy\" decoding=\"async\" width=\"1428\" height=\"1212\" src=\"https:\/\/solem-irrigation.com\/wp-content\/uploads\/2023\/03\/Sondes.jpg\" alt=\"\" class=\"wp-image-4785\"\/><\/figure>\n<\/div>\n\n\n\n<div class=\"wp-block-column is-vertically-aligned-center slide-description is-layout-flow wp-block-column-is-layout-flow\">\n<h4 class=\"wp-block-heading\">Sensors data visualization<\/h4>\n\n\n\n<p>View your sensor data at a glance, set min\/max thresholds for each of you sensors and be alerted by push notification and email in case of threshold overruns.<\/p>\n<\/div>\n<\/div>\n\n\n\n<div class=\"wp-block-columns slide is-layout-flex wp-container-core-columns-is-layout-9d6595d7 wp-block-columns-is-layout-flex\">\n<div class=\"wp-block-column is-layout-flow wp-block-column-is-layout-flow\">\n<figure class=\"wp-block-image size-full\"><img loading=\"lazy\" decoding=\"async\" width=\"1428\" height=\"1212\" src=\"https:\/\/solem-irrigation.com\/wp-content\/uploads\/2023\/03\/Event.jpg\" alt=\"\" class=\"wp-image-4782\"\/><\/figure>\n<\/div>\n\n\n\n<div class=\"wp-block-column is-vertically-aligned-center slide-description is-layout-flow wp-block-column-is-layout-flow\">\n<h4 class=\"wp-block-heading\">Event history<\/h4>\n\n\n\n<p>View the history of events at a glance: controllers switch-off, manual orders, programming changes and more.<\/p>\n<\/div>\n<\/div>\n\n\n\n<div class=\"wp-block-columns slide is-layout-flex wp-container-core-columns-is-layout-9d6595d7 wp-block-columns-is-layout-flex\">\n<div class=\"wp-block-column is-layout-flow wp-block-column-is-layout-flow\">\n<figure class=\"wp-block-image size-full\"><img loading=\"lazy\" decoding=\"async\" width=\"1428\" height=\"1212\" src=\"https:\/\/solem-irrigation.com\/wp-content\/uploads\/2023\/03\/Recherche.jpg\" alt=\"\" class=\"wp-image-4784\"\/><\/figure>\n<\/div>\n\n\n\n<div class=\"wp-block-column is-vertically-aligned-center slide-description is-layout-flow wp-block-column-is-layout-flow\">\n<h4 class=\"wp-block-heading\">Search engine<\/h4>\n\n\n\n<p>Benefit from a powerful internal search engine to save you time: find customers, products, Canopy sites and clusters easily.<\/p>\n<\/div>\n<\/div>\n\n\n\n<div class=\"wp-block-columns slide is-layout-flex wp-container-core-columns-is-layout-9d6595d7 wp-block-columns-is-layout-flex\">\n<div class=\"wp-block-column is-layout-flow wp-block-column-is-layout-flow\">\n<figure class=\"wp-block-image size-full\"><img loading=\"lazy\" decoding=\"async\" width=\"1428\" height=\"1193\" src=\"https:\/\/solem-irrigation.com\/wp-content\/uploads\/2024\/06\/MAP-1.jpg\" alt=\"\" class=\"wp-image-8442\"\/><\/figure>\n<\/div>\n\n\n\n<div class=\"wp-block-column is-vertically-aligned-center slide-description is-layout-flow wp-block-column-is-layout-flow\">\n<h4 class=\"wp-block-heading\">Creation of Canopy sites<\/h4>\n\n\n\n<p>Group your products into sites and sub-sites: give users access by site and view water consumption by site and in total.<\/p>\n<\/div>\n<\/div>\n\n\n\n<div class=\"wp-block-columns slide is-layout-flex wp-container-core-columns-is-layout-9d6595d7 wp-block-columns-is-layout-flex\">\n<div class=\"wp-block-column is-layout-flow wp-block-column-is-layout-flow\">\n<figure class=\"wp-block-image size-full\"><img decoding=\"async\" src=\"https:\/\/solem-irrigation.com\/wp-content\/uploads\/2023\/03\/Dashboard.jpg\" alt=\"\" class=\"wp-image-4781\"\/><\/figure>\n<\/div>\n\n\n\n<div class=\"wp-block-column is-vertically-aligned-center slide-description is-layout-flow wp-block-column-is-layout-flow\">\n<h4 class=\"wp-block-heading\">Dashboard<\/h4>\n\n\n\n<p>View the operating status of your installations at a glance and in real time: product connection status, battery status, thresholds exceeded, daily water consumption and leaks.<\/p>\n<\/div>\n<\/div>\n\n\n\n<div class=\"wp-block-columns slide is-layout-flex wp-container-core-columns-is-layout-9d6595d7 wp-block-columns-is-layout-flex\">\n<div class=\"wp-block-column is-layout-flow wp-block-column-is-layout-flow\">\n<figure class=\"wp-block-image size-full\"><img decoding=\"async\" src=\"https:\/\/solem-irrigation.com\/wp-content\/uploads\/2023\/03\/Cluster.jpg\" alt=\"\" class=\"wp-image-4779\"\/><\/figure>\n<\/div>\n\n\n\n<div class=\"wp-block-column is-vertically-aligned-center slide-description is-layout-flow wp-block-column-is-layout-flow\">\n<h4 class=\"wp-block-heading\">Cluster creation : group your waterways<\/h4>\n\n\n\n<p>Regroupez toutes les stations de vos programmateurs d\u2019un m\u00eame r\u00e9seau primaire pour ne les voir que sur un seul et m\u00eame \u00e9cran : visualisez toutes vos programmations en un clin d\u2019oeil.<\/p>\n<\/div>\n<\/div>\n\n\n\n<div class=\"wp-block-columns slide is-layout-flex wp-container-core-columns-is-layout-9d6595d7 wp-block-columns-is-layout-flex\">\n<div class=\"wp-block-column is-layout-flow wp-block-column-is-layout-flow\">\n<figure class=\"wp-block-image size-full\"><img loading=\"lazy\" decoding=\"async\" width=\"1428\" height=\"1193\" src=\"https:\/\/solem-irrigation.com\/wp-content\/uploads\/2024\/06\/CLIENTS_FR.jpg\" alt=\"\" class=\"wp-image-8424\"\/><\/figure>\n<\/div>\n\n\n\n<div class=\"wp-block-column is-vertically-aligned-center slide-description is-layout-flow wp-block-column-is-layout-flow\">\n<h4 class=\"wp-block-heading\">Customer account management<\/h4>\n\n\n\n<p>With the professional functionality, add your customers and manage their products.<\/p>\n<\/div>\n<\/div>\n\n\n\n<div class=\"wp-block-group slide-indicators-group\"><div class=\"wp-block-group__inner-container is-layout-flow wp-block-group-is-layout-flow\"><\/div><\/div>\n<\/div><\/div>\n\n\n\n<div style=\"height:50px\" aria-hidden=\"true\" class=\"wp-block-spacer\"><\/div>","protected":false},"excerpt":{"rendered":"<p>B\u00e9n\u00e9ficesUne plateforme gratuite \u00e0 votre service FONCTIONNALIT\u00c9S EXPERTES Simplifiez vous la vie \u00e0 l&#8217;aide de&hellip;<\/p>","protected":false},"author":1,"featured_media":0,"parent":0,"menu_order":0,"comment_status":"closed","ping_status":"closed","template":"","meta":{"footnotes":""},"folder":[],"class_list":["post-292","page","type-page","status-publish","hentry","has-content"],"jetpack_sharing_enabled":true,"_links":{"self":[{"href":"https:\/\/solem-irrigation.com\/en\/wp-json\/wp\/v2\/pages\/292","targetHints":{"allow":["GET"]}}],"collection":[{"href":"https:\/\/solem-irrigation.com\/en\/wp-json\/wp\/v2\/pages"}],"about":[{"href":"https:\/\/solem-irrigation.com\/en\/wp-json\/wp\/v2\/types\/page"}],"author":[{"embeddable":true,"href":"https:\/\/solem-irrigation.com\/en\/wp-json\/wp\/v2\/users\/1"}],"replies":[{"embeddable":true,"href":"https:\/\/solem-irrigation.com\/en\/wp-json\/wp\/v2\/comments?post=292"}],"version-history":[{"count":76,"href":"https:\/\/solem-irrigation.com\/en\/wp-json\/wp\/v2\/pages\/292\/revisions"}],"predecessor-version":[{"id":16010,"href":"https:\/\/solem-irrigation.com\/en\/wp-json\/wp\/v2\/pages\/292\/revisions\/16010"}],"wp:attachment":[{"href":"https:\/\/solem-irrigation.com\/en\/wp-json\/wp\/v2\/media?parent=292"}],"wp:term":[{"taxonomy":"folder","embeddable":true,"href":"https:\/\/solem-irrigation.com\/en\/wp-json\/wp\/v2\/folder?post=292"}],"curies":[{"name":"wp","href":"https:\/\/api.w.org\/{rel}","templated":true}]}}