{"id":265,"date":"2022-05-20T11:01:34","date_gmt":"2022-05-20T09:01:34","guid":{"rendered":"http:\/\/solem.com\/?page_id=265"},"modified":"2024-06-18T14:26:18","modified_gmt":"2024-06-18T12:26:18","slug":"application","status":"publish","type":"page","link":"https:\/\/solem-irrigation.com\/en\/application\/","title":{"rendered":"Mobile App"},"content":{"rendered":"<div id=\"first-element\" class=\"wp-block-group column-icon-group\"><div class=\"wp-block-group__inner-container is-layout-flow wp-block-group-is-layout-flow\">\n<h4 class=\"wp-block-heading has-text-align-center\"><span>Benefits<\/span><br>Manage your installations wherever you are<\/h4>\n\n\n\n<div class=\"wp-block-columns is-layout-flex wp-container-core-columns-is-layout-9d6595d7 wp-block-columns-is-layout-flex\">\n<div class=\"wp-block-column is-layout-flow wp-block-column-is-layout-flow\"><div class=\"wp-block-image\">\n<figure class=\"aligncenter size-large is-resized\"><img decoding=\"async\" src=\"https:\/\/solem-irrigation.com\/wp-content\/uploads\/2022\/06\/Picto_plateforme_Plan-de-travail-22-copie-3.png\" alt=\"\" style=\"width:106px;height:106px\"\/><\/figure>\n<\/div>\n\n\n<p class=\"has-text-align-center title\"><strong>BE ALERTED<\/strong><\/p>\n\n\n\n<p class=\"has-text-align-center args\">Receive real-time notifications and stay informed about the status of your installations.<\/p>\n<\/div>\n\n\n\n<div class=\"wp-block-column is-layout-flow wp-block-column-is-layout-flow\"><div class=\"wp-block-image\">\n<figure class=\"aligncenter size-large is-resized\"><img decoding=\"async\" src=\"https:\/\/solem-irrigation.com\/wp-content\/uploads\/2022\/06\/Picto_plateforme_Plan-de-travail-22-copie-4.png\" alt=\"\" style=\"width:106px;height:106px\"\/><\/figure>\n<\/div>\n\n\n<p class=\"has-text-align-center title\"><strong>INTUITIVE INTERFACE<\/strong><\/p>\n\n\n\n<p class=\"has-text-align-center args\">Easy-to-use for a controlled management.<\/p>\n<\/div>\n\n\n\n<div class=\"wp-block-column is-layout-flow wp-block-column-is-layout-flow\"><div class=\"wp-block-image\">\n<figure class=\"aligncenter size-large is-resized\"><img decoding=\"async\" src=\"https:\/\/solem-irrigation.com\/wp-content\/uploads\/2022\/06\/Picto_plateforme_Plan-de-travail-22-copie-5.png\" alt=\"\" style=\"width:106px;height:106px\"\/><\/figure>\n<\/div>\n\n\n<p class=\"has-text-align-center title\"><strong>COMFORT<\/strong><\/p>\n\n\n\n<p class=\"has-text-align-center args\">Manage your installations remotely from your smartphone.<\/p>\n<\/div>\n<\/div>\n<\/div><\/div>\n\n\n\n<div style=\"height:30px\" aria-hidden=\"true\" class=\"wp-block-spacer\"><\/div>\n\n\n\n<div class=\"wp-block-group alignfull features-group\"><div class=\"wp-block-group__inner-container is-layout-flow wp-block-group-is-layout-flow\">\n<h4 class=\"wp-block-heading alignfull has-text-align-center\">Features<\/h4>\n\n\n\n<div class=\"wp-block-columns alignfull features-columns is-layout-flex wp-container-core-columns-is-layout-9d6595d7 wp-block-columns-is-layout-flex\">\n<div class=\"wp-block-column is-vertically-aligned-center features-left is-layout-flow wp-block-column-is-layout-flow\">\n<div class=\"wp-block-columns feature active is-layout-flex wp-container-core-columns-is-layout-9d6595d7 wp-block-columns-is-layout-flex\">\n<div class=\"wp-block-column is-vertically-aligned-top app-feature is-layout-flow wp-block-column-is-layout-flow\"><div class=\"wp-block-image feature-icon\">\n<figure class=\"aligncenter size-large\"><img decoding=\"async\" src=\"https:\/\/solem-irrigation.com\/wp-content\/uploads\/2022\/06\/Picto_app-gestion-produits.png\" alt=\"\"\/><\/figure>\n<\/div>\n\n\n<h6 class=\"wp-block-heading has-text-align-right\"><a data-content=\"https:\/\/solem-irrigation.com\/wp-content\/uploads\/2024\/06\/App_modules-FR.jpg\" data-content-en=\"https:\/\/solem-irrigation.com\/wp-content\/uploads\/2024\/06\/App_modules-EN.jpg\" data-content-es=\"https:\/\/solem-irrigation.com\/wp-content\/uploads\/2024\/06\/App_modules-ES.jpg\" data-content-it=\"https:\/\/solem-irrigation.com\/wp-content\/uploads\/2024\/06\/App_modules-IT.jpg\" data-content-de=\"https:\/\/solem-irrigation.com\/wp-content\/uploads\/2024\/06\/App_modules-DE.jpg\">Product installation<\/a><\/h6>\n\n\n\n<p class=\"has-text-align-right\">Add and control your products simply.<\/p>\n<\/div>\n<\/div>\n\n\n\n<div class=\"wp-block-columns feature is-layout-flex wp-container-core-columns-is-layout-9d6595d7 wp-block-columns-is-layout-flex\">\n<div class=\"wp-block-column is-vertically-aligned-top app-feature is-layout-flow wp-block-column-is-layout-flow\"><div class=\"wp-block-image feature-icon\">\n<figure class=\"aligncenter size-large\"><img decoding=\"async\" src=\"https:\/\/solem-irrigation.com\/wp-content\/uploads\/2022\/06\/Picto_app-ge\u0301oloc.png\" alt=\"\"\/><\/figure>\n<\/div>\n\n\n<h6 class=\"wp-block-heading has-text-align-right\"><a data-content=\"https:\/\/solem-irrigation.com\/wp-content\/uploads\/2024\/06\/App_location-FR.jpg\" data-content-en=\"https:\/\/solem-irrigation.com\/wp-content\/uploads\/2024\/06\/App_location-EN.jpg\" data-content-es=\"https:\/\/solem-irrigation.com\/wp-content\/uploads\/2024\/06\/App_location-ES.jpg\" data-content-it=\"https:\/\/solem-irrigation.com\/wp-content\/uploads\/2024\/06\/App_location-IT.jpg\" data-content-de=\"https:\/\/solem-irrigation.com\/wp-content\/uploads\/2024\/06\/App_location-DE.jpg\">Product geolocation<\/a><\/h6>\n\n\n\n<p class=\"has-text-align-right\">View your equipment location on a map.<\/p>\n<\/div>\n<\/div>\n\n\n\n<div class=\"wp-block-columns feature is-layout-flex wp-container-core-columns-is-layout-9d6595d7 wp-block-columns-is-layout-flex\">\n<div class=\"wp-block-column is-vertically-aligned-top app-feature is-layout-flow wp-block-column-is-layout-flow\"><div class=\"wp-block-image feature-icon\">\n<figure class=\"aligncenter size-large\"><img decoding=\"async\" src=\"https:\/\/solem-irrigation.com\/wp-content\/uploads\/2022\/06\/Picto_app-tableau-de-bord.png\" alt=\"\"\/><\/figure>\n<\/div>\n\n\n<h6 class=\"wp-block-heading has-text-align-right\"><a data-content=\"https:\/\/solem-irrigation.com\/wp-content\/uploads\/2024\/06\/App_dashboard-FR.jpg\" data-content-en=\"https:\/\/solem-irrigation.com\/wp-content\/uploads\/2024\/06\/App_dashboard-EN.jpg\" data-content-es=\"https:\/\/solem-irrigation.com\/wp-content\/uploads\/2024\/06\/App_dashboard-ES.jpg\" data-content-it=\"https:\/\/solem-irrigation.com\/wp-content\/uploads\/2024\/06\/App_dashboard-IT.jpg\" data-content-de=\"https:\/\/solem-irrigation.com\/wp-content\/uploads\/2024\/06\/App_dashboard-DE.jpg\">Dashboard<\/a><\/h6>\n\n\n\n<p class=\"has-text-align-right\">View the status of your installations at a glance: product connection status, battery status, thresholds exceeded, daily water consumption and leaks. Available on 3G\/4G gateways.<\/p>\n<\/div>\n<\/div>\n<\/div>\n\n\n\n<div class=\"wp-block-column is-vertically-aligned-center feature-image-column is-layout-flow wp-block-column-is-layout-flow\"><div class=\"wp-block-image\">\n<figure class=\"aligncenter size-large is-resized\"><img decoding=\"async\" src=\"https:\/\/solem-irrigation.com\/wp-content\/uploads\/2024\/06\/App_modules-EN.jpg\" alt=\"\" style=\"width:291px;height:589px\"\/><\/figure>\n<\/div><\/div>\n\n\n\n<div class=\"wp-block-column is-vertically-aligned-center features-right is-layout-flow wp-block-column-is-layout-flow\">\n<div class=\"wp-block-columns feature is-layout-flex wp-container-core-columns-is-layout-9d6595d7 wp-block-columns-is-layout-flex\">\n<div class=\"wp-block-column is-vertically-aligned-top app-feature is-layout-flow wp-block-column-is-layout-flow\"><div class=\"wp-block-image feature-icon\">\n<figure class=\"aligncenter size-large\"><img decoding=\"async\" src=\"https:\/\/solem-irrigation.com\/wp-content\/uploads\/2022\/06\/Picto_app-programmations.png\" alt=\"\"\/><\/figure>\n<\/div>\n\n\n<h6 class=\"wp-block-heading\"><a data-content=\"https:\/\/solem-irrigation.com\/wp-content\/uploads\/2024\/06\/App_prog-FR.jpg\" data-content-en=\"https:\/\/solem-irrigation.com\/wp-content\/uploads\/2024\/06\/App_prog-EN.jpg\" data-content-es=\"https:\/\/solem-irrigation.com\/wp-content\/uploads\/2024\/06\/App_prog-ES.jpg\" data-content-it=\"https:\/\/solem-irrigation.com\/wp-content\/uploads\/2024\/06\/App_prog-IT.jpg\" data-content-de=\"https:\/\/solem-irrigation.com\/wp-content\/uploads\/2024\/06\/App_prog-DE-1.jpg\">Product programming<\/a><\/h6>\n\n\n\n<p>Start and modify your programs, send manual commands and on\/off commands and modify the water budget.<\/p>\n<\/div>\n<\/div>\n\n\n\n<div class=\"wp-block-columns feature is-layout-flex wp-container-core-columns-is-layout-9d6595d7 wp-block-columns-is-layout-flex\">\n<div class=\"wp-block-column is-vertically-aligned-top app-feature is-layout-flow wp-block-column-is-layout-flow\"><div class=\"wp-block-image feature-icon\">\n<figure class=\"aligncenter size-large\"><img decoding=\"async\" src=\"https:\/\/solem-irrigation.com\/wp-content\/uploads\/2022\/06\/Picto_releve\u0301s-sondes.png\" alt=\"\" title=\"feature-icon\"\/><\/figure>\n<\/div>\n\n\n<h6 class=\"wp-block-heading\"><a data-content=\"https:\/\/solem-irrigation.com\/wp-content\/uploads\/2024\/06\/App_sondes-FR.jpg\" data-content-en=\"https:\/\/solem-irrigation.com\/wp-content\/uploads\/2024\/06\/App_sondes-EN.jpg\" data-content-es=\"https:\/\/solem-irrigation.com\/wp-content\/uploads\/2024\/06\/App_sondes-ES.jpg\" data-content-it=\"https:\/\/solem-irrigation.com\/wp-content\/uploads\/2024\/06\/App_sondes-IT.jpg\" data-content-de=\"https:\/\/solem-irrigation.com\/wp-content\/uploads\/2024\/06\/App_sondes-DE.jpg\">Sensors data visualization<\/a><\/h6>\n\n\n\n<p>Measure sensors data in real time and set min.\/max. thresholds for each of your sensors.<\/p>\n<\/div>\n<\/div>\n\n\n\n<div class=\"wp-block-columns feature is-layout-flex wp-container-core-columns-is-layout-9d6595d7 wp-block-columns-is-layout-flex\">\n<div class=\"wp-block-column is-vertically-aligned-top app-feature is-layout-flow wp-block-column-is-layout-flow\"><div class=\"wp-block-image feature-icon\">\n<figure class=\"aligncenter size-large\"><img decoding=\"async\" src=\"https:\/\/solem-irrigation.com\/wp-content\/uploads\/2022\/06\/Picto_app_alertes.png\" alt=\"\"\/><\/figure>\n<\/div>\n\n\n<h6 class=\"wp-block-heading\"><a data-content=\"https:\/\/solem-irrigation.com\/wp-content\/uploads\/2024\/06\/App_Notif-FR.jpg\" data-content-en=\"https:\/\/solem-irrigation.com\/wp-content\/uploads\/2024\/06\/App_notif-EN.jpg\" data-content-es=\"https:\/\/solem-irrigation.com\/wp-content\/uploads\/2024\/06\/App_notif-ES.jpg\" data-content-it=\"https:\/\/solem-irrigation.com\/wp-content\/uploads\/2024\/06\/App_notif-IT.jpg\" data-content-de=\"https:\/\/solem-irrigation.com\/wp-content\/uploads\/2024\/06\/App_notif-DE.jpg\">Sensors alerts<\/a><\/h6>\n\n\n\n<p>Receive alerts from your sensors directly by push notifications if thresholds are exceeded.<\/p>\n<\/div>\n<\/div>\n<\/div>\n<\/div>\n<\/div><\/div>\n\n\n\n<div class=\"wp-block-group mobile-custom-slider\"><div class=\"wp-block-group__inner-container is-layout-flow wp-block-group-is-layout-flow\">\n<div class=\"wp-block-columns slide active is-layout-flex wp-container-core-columns-is-layout-9d6595d7 wp-block-columns-is-layout-flex\">\n<div class=\"wp-block-column is-layout-flow wp-block-column-is-layout-flow\">\n<figure class=\"wp-block-image size-full is-resized\"><img decoding=\"async\" src=\"https:\/\/solem-irrigation.com\/wp-content\/uploads\/2024\/06\/App_modules-EN.jpg\" alt=\"\" class=\"wp-image-4768\" style=\"width:291px;height:589px\"\/><\/figure>\n<\/div>\n\n\n\n<div class=\"wp-block-column is-vertically-aligned-center slide-description is-layout-flow wp-block-column-is-layout-flow\">\n<h4 class=\"wp-block-heading\">Product installation<\/h4>\n\n\n\n<p>Add and control your products simply.<\/p>\n<\/div>\n<\/div>\n\n\n\n<div class=\"wp-block-columns slide is-layout-flex wp-container-core-columns-is-layout-9d6595d7 wp-block-columns-is-layout-flex\">\n<div class=\"wp-block-column is-layout-flow wp-block-column-is-layout-flow\">\n<figure class=\"wp-block-image size-full is-resized\"><img decoding=\"async\" src=\"https:\/\/solem-irrigation.com\/wp-content\/uploads\/2024\/06\/App_location-EN.jpg\" alt=\"\" class=\"wp-image-4771\" style=\"width:291px;height:589px\"\/><\/figure>\n<\/div>\n\n\n\n<div class=\"wp-block-column is-vertically-aligned-center slide-description is-layout-flow wp-block-column-is-layout-flow\">\n<h4 class=\"wp-block-heading\">Product geolocation<\/h4>\n\n\n\n<p>View your equipment location on a map.<\/p>\n<\/div>\n<\/div>\n\n\n\n<div class=\"wp-block-columns slide is-layout-flex wp-container-core-columns-is-layout-9d6595d7 wp-block-columns-is-layout-flex\">\n<div class=\"wp-block-column is-layout-flow wp-block-column-is-layout-flow\">\n<figure class=\"wp-block-image size-full is-resized\"><img decoding=\"async\" src=\"https:\/\/solem-irrigation.com\/wp-content\/uploads\/2024\/06\/App_dashboard-EN.jpg\" alt=\"\" class=\"wp-image-4773\" style=\"width:291px;height:589px\"\/><\/figure>\n<\/div>\n\n\n\n<div class=\"wp-block-column is-vertically-aligned-center slide-description is-layout-flow wp-block-column-is-layout-flow\">\n<h4 class=\"wp-block-heading\">Dashboard<\/h4>\n\n\n\n<p>View the status of your installations at a glance: product connection status, battery status, thresholds exceeded, daily water consumption and leaks. Available on 3G\/4G gateways.<\/p>\n<\/div>\n<\/div>\n\n\n\n<div class=\"wp-block-columns slide is-layout-flex wp-container-core-columns-is-layout-9d6595d7 wp-block-columns-is-layout-flex\">\n<div class=\"wp-block-column is-layout-flow wp-block-column-is-layout-flow\">\n<figure class=\"wp-block-image size-full is-resized\"><img decoding=\"async\" src=\"https:\/\/solem-irrigation.com\/wp-content\/uploads\/2024\/06\/App_prog-EN.jpg\" alt=\"\" class=\"wp-image-4770\" style=\"width:291px;height:589px\"\/><\/figure>\n<\/div>\n\n\n\n<div class=\"wp-block-column is-vertically-aligned-center slide-description is-layout-flow wp-block-column-is-layout-flow\">\n<h4 class=\"wp-block-heading\">Product programming<\/h4>\n\n\n\n<p>Start and modify your programs, send manual commands and on\/off commands and modify the water budget.<\/p>\n<\/div>\n<\/div>\n\n\n\n<div class=\"wp-block-columns slide is-layout-flex wp-container-core-columns-is-layout-9d6595d7 wp-block-columns-is-layout-flex\">\n<div class=\"wp-block-column is-layout-flow wp-block-column-is-layout-flow\">\n<figure class=\"wp-block-image size-full is-resized\"><img decoding=\"async\" src=\"https:\/\/solem-irrigation.com\/wp-content\/uploads\/2024\/06\/App_sondes-EN.jpg\" alt=\"\" class=\"wp-image-4777\" style=\"width:291px;height:589px\"\/><\/figure>\n<\/div>\n\n\n\n<div class=\"wp-block-column is-vertically-aligned-center slide-description is-layout-flow wp-block-column-is-layout-flow\">\n<h4 class=\"wp-block-heading\">Sensors data visualization<\/h4>\n\n\n\n<p>Measure sensors data in real time and set min.\/max. thresholds for each of your sensors.<\/p>\n<\/div>\n<\/div>\n\n\n\n<div class=\"wp-block-columns slide is-layout-flex wp-container-core-columns-is-layout-9d6595d7 wp-block-columns-is-layout-flex\">\n<div class=\"wp-block-column is-layout-flow wp-block-column-is-layout-flow\">\n<figure class=\"wp-block-image size-full is-resized\"><img decoding=\"async\" src=\"https:\/\/solem-irrigation.com\/wp-content\/uploads\/2024\/06\/App_notif-EN.jpg\" alt=\"\" class=\"wp-image-4805\" style=\"width:291px;height:589px\"\/><\/figure>\n<\/div>\n\n\n\n<div class=\"wp-block-column is-vertically-aligned-center slide-description is-layout-flow wp-block-column-is-layout-flow\">\n<h4 class=\"wp-block-heading\">Sensors alerts<\/h4>\n\n\n\n<p>Receive alerts from your sensors directly by push notifications if thresholds are exceeded.<\/p>\n<\/div>\n<\/div>\n\n\n\n<div class=\"wp-block-group slide-indicators-group\"><div class=\"wp-block-group__inner-container is-layout-flow wp-block-group-is-layout-flow\"><\/div><\/div>\n<\/div><\/div>\n\n\n\n<div style=\"height:50px\" aria-hidden=\"true\" class=\"wp-block-spacer\"><\/div>","protected":false},"excerpt":{"rendered":"<p>B\u00e9n\u00e9ficesPilotez vos installations o\u00f9 que vous soyez SOYEZ ALERT\u00c9 Recevez des notifications en temps r\u00e9el&hellip;<\/p>","protected":false},"author":1,"featured_media":0,"parent":0,"menu_order":0,"comment_status":"closed","ping_status":"closed","template":"","meta":{"footnotes":""},"folder":[],"class_list":["post-265","page","type-page","status-publish","hentry","has-content"],"jetpack_sharing_enabled":true,"_links":{"self":[{"href":"https:\/\/solem-irrigation.com\/en\/wp-json\/wp\/v2\/pages\/265","targetHints":{"allow":["GET"]}}],"collection":[{"href":"https:\/\/solem-irrigation.com\/en\/wp-json\/wp\/v2\/pages"}],"about":[{"href":"https:\/\/solem-irrigation.com\/en\/wp-json\/wp\/v2\/types\/page"}],"author":[{"embeddable":true,"href":"https:\/\/solem-irrigation.com\/en\/wp-json\/wp\/v2\/users\/1"}],"replies":[{"embeddable":true,"href":"https:\/\/solem-irrigation.com\/en\/wp-json\/wp\/v2\/comments?post=265"}],"version-history":[{"count":83,"href":"https:\/\/solem-irrigation.com\/en\/wp-json\/wp\/v2\/pages\/265\/revisions"}],"predecessor-version":[{"id":15961,"href":"https:\/\/solem-irrigation.com\/en\/wp-json\/wp\/v2\/pages\/265\/revisions\/15961"}],"wp:attachment":[{"href":"https:\/\/solem-irrigation.com\/en\/wp-json\/wp\/v2\/media?parent=265"}],"wp:term":[{"taxonomy":"folder","embeddable":true,"href":"https:\/\/solem-irrigation.com\/en\/wp-json\/wp\/v2\/folder?post=265"}],"curies":[{"name":"wp","href":"https:\/\/api.w.org\/{rel}","templated":true}]}}