{"id":856,"date":"2022-06-15T17:41:03","date_gmt":"2022-06-15T15:41:03","guid":{"rendered":"http:\/\/solem.com\/?post_type=product&#038;p=856"},"modified":"2025-12-22T12:03:56","modified_gmt":"2025-12-22T11:03:56","slug":"hm1500-lf","status":"publish","type":"product","link":"https:\/\/solem-irrigation.com\/de\/produkt\/hm1500-lf\/","title":{"rendered":"HM1500 LF"},"content":{"rendered":"<p>Der HM1500LF ist ein dedizierter Feuchtigkeitssensor, der eine zuverl\u00e4ssige und genaue Messung der Luftfeuchtigkeit erm\u00f6glicht. Diese Ma\u00dfnahmen erm\u00f6glichen es, die Bew\u00e4sserung zum richtigen Zeitpunkt anzupassen und gleichzeitig Wasser und Energie zu sparen.<\/p>\n<div class=\"wp-block-columns desciption-spec-columns\">\n<div class=\"desciption-spec active\">\n<div class=\"wp-block-image\">\n<img decoding=\"async\" src=\"https:\/\/solem-irrigation.com\/wp-content\/uploads\/2022\/07\/Picto_hygrome\u0301trie.png\" alt=\"\" class=\"spec-image\">\n<\/div>\n<div class=\"desciption-spec-text\">\n<p class=\"has-text-align-center title\"><strong>Genaue Messung der Luftfeuchtigkeit<\/strong><\/p>\n<\/div>\n<\/div>\n<\/div>","protected":false},"excerpt":{"rendered":"<h3 class=\"product-name\" style=\"display: none;\">HM1500 LF<\/h3>\n<h3>Hygrometer-Sonde<\/h3>\n<div class=\"short-spec\">\n<p><span class=\"spec-icon\"><img decoding=\"async\" src=\"https:\/\/solem-irrigation.com\/wp-content\/uploads\/2022\/07\/Picto_sondehygro-lrms.png\"\/><\/span> <span class=\"spec-text\">Ben\u00f6tigt einen LR-MS<\/span><\/p>\n<\/div>\n<div class=\"product-slide-bottom\">\n<p class=\"product-info-icon\" data-title=\"Requiert un module sonde\"><i class=\"fas fa-exclamation-circle\"><\/i><\/p>\n<p class=\"product-link\">SEHEN<\/p>\n<\/div>","protected":false},"featured_media":857,"template":"","meta":[],"product_brand":[],"product_cat":[33,32,44,45],"product_tag":[],"class_list":{"0":"post-856","1":"product","2":"type-product","3":"status-publish","4":"has-post-thumbnail","6":"product_cat-irrigation-agriculture","7":"product_cat-irrigation-municipalite","8":"product_cat-sondes-municipalite","9":"product_cat-sondes-agriculture","10":"has-content","12":"first","13":"instock","14":"shipping-taxable","15":"purchasable","16":"product-type-simple"},"jetpack_sharing_enabled":true,"_links":{"self":[{"href":"https:\/\/solem-irrigation.com\/de\/wp-json\/wp\/v2\/product\/856","targetHints":{"allow":["GET"]}}],"collection":[{"href":"https:\/\/solem-irrigation.com\/de\/wp-json\/wp\/v2\/product"}],"about":[{"href":"https:\/\/solem-irrigation.com\/de\/wp-json\/wp\/v2\/types\/product"}],"wp:featuredmedia":[{"embeddable":true,"href":"https:\/\/solem-irrigation.com\/de\/wp-json\/wp\/v2\/media\/857"}],"wp:attachment":[{"href":"https:\/\/solem-irrigation.com\/de\/wp-json\/wp\/v2\/media?parent=856"}],"wp:term":[{"taxonomy":"product_brand","embeddable":true,"href":"https:\/\/solem-irrigation.com\/de\/wp-json\/wp\/v2\/product_brand?post=856"},{"taxonomy":"product_cat","embeddable":true,"href":"https:\/\/solem-irrigation.com\/de\/wp-json\/wp\/v2\/product_cat?post=856"},{"taxonomy":"product_tag","embeddable":true,"href":"https:\/\/solem-irrigation.com\/de\/wp-json\/wp\/v2\/product_tag?post=856"}],"curies":[{"name":"wp","href":"https:\/\/api.w.org\/{rel}","templated":true}]}}