{"id":847,"date":"2022-06-15T17:27:53","date_gmt":"2022-06-15T15:27:53","guid":{"rendered":"http:\/\/solem.com\/?post_type=product&#038;p=847"},"modified":"2025-12-22T13:22:40","modified_gmt":"2025-12-22T12:22:40","slug":"ec-10-hs","status":"publish","type":"product","link":"https:\/\/solem-irrigation.com\/de\/produkt\/ec-10-hs\/","title":{"rendered":"EC 10 HS DECAGON"},"content":{"rendered":"<p>Der Feuchtigkeitssensor EC10 HS wird verwendet, um den volumetrischen Feuchtigkeitsgehalt von B\u00f6den zu messen. Es verwendet eine Frequenz von 70 MHz, was es zu einem\nein idealer Sensor f\u00fcr Ihre landwirtschaftlichen Projekte. Die hohe Aufl\u00f6sung erm\u00f6glicht eine t\u00e4gliche oder st\u00fcndliche \u00dcberwachung des Wassereintrags in den Boden. Au\u00dferdem kann die Sonde EC10 HS\n bietet das gleiche Messvolumen wie die meisten Bodensensoren, die 20 cm mehr messen. Es ist also das perfekte Gleichgewicht zwischen dem Einflussvolumen \nund die Gr\u00f6\u00dfe des Sensors.<\/p>\n<div class=\"wp-block-columns desciption-spec-columns\">\n<div class=\"desciption-spec active\">\n<div class=\"wp-block-image\">\n<img decoding=\"async\" src=\"https:\/\/solem-irrigation.com\/wp-content\/uploads\/2022\/07\/Picto_mesure-humidite-sol.png\" alt=\"\" class=\"spec-image\">\n<\/div>\n<div class=\"desciption-spec-text\">\n<p class=\"has-text-align-center title\"><strong>Genaue Messung der Bodenfeuchtigkeit<\/strong><\/p>\n<\/div>\n<\/div>\n<div class=\"desciption-spec active\">\n<div class=\"wp-block-image\">\n<img decoding=\"async\" loading=\"lazy\" src=\"https:\/\/solem-irrigation.com\/wp-content\/uploads\/2022\/07\/Picto_sols.png\" alt=\"\" class=\"spec-image\">\n<\/div>\n<div class=\"desciption-spec-text\">\n<p class=\"has-text-align-center title\"><strong>Alle Arten von B\u00f6den<\/strong><\/p>\n<\/div>\n<\/div>\n<div class=\"desciption-spec active\">\n<div class=\"wp-block-image\">\n<img decoding=\"async\" loading=\"lazy\" src=\"https:\/\/solem-irrigation.com\/wp-content\/uploads\/2022\/07\/Picto_agricole.png\" alt=\"\" class=\"spec-image\">\n<\/div>\n<div class=\"desciption-spec-text\">\n<p class=\"has-text-align-center title\"><strong>Landwirtschaftliche Anwendung (Nutzung)<\/strong><\/p>\n<\/div>\n<\/div>\n<\/div>","protected":false},"excerpt":{"rendered":"<h3 class=\"product-name\" style=\"display: none;\">EC 10 HS DECAGON<\/h3>\n<h3>Feuchtigkeitssonde<\/h3>\n<div class=\"short-spec\">\n<p><span class=\"spec-icon\"><img decoding=\"async\" src=\"https:\/\/solem-irrigation.com\/wp-content\/uploads\/2022\/07\/Picto_decagon-lrms.png\"\/><\/span> <span class=\"spec-text\">Ben\u00f6tigt einen LR-MS<\/span><\/p>\n<\/div>\n<div class=\"product-slide-bottom\">\n<p class=\"product-info-icon\" data-title=\"Requiert un module sonde\"><i class=\"fas fa-exclamation-circle\"><\/i><\/p>\n<p class=\"product-link\">SEHEN<\/p>\n<\/div>","protected":false},"featured_media":848,"template":"","meta":[],"product_brand":[],"product_cat":[33,32,45,44],"product_tag":[],"class_list":{"0":"post-847","1":"product","2":"type-product","3":"status-publish","4":"has-post-thumbnail","6":"product_cat-irrigation-agriculture","7":"product_cat-irrigation-municipalite","8":"product_cat-sondes-agriculture","9":"product_cat-sondes-municipalite","10":"has-content","12":"first","13":"instock","14":"shipping-taxable","15":"purchasable","16":"product-type-simple"},"jetpack_sharing_enabled":true,"_links":{"self":[{"href":"https:\/\/solem-irrigation.com\/de\/wp-json\/wp\/v2\/product\/847","targetHints":{"allow":["GET"]}}],"collection":[{"href":"https:\/\/solem-irrigation.com\/de\/wp-json\/wp\/v2\/product"}],"about":[{"href":"https:\/\/solem-irrigation.com\/de\/wp-json\/wp\/v2\/types\/product"}],"wp:featuredmedia":[{"embeddable":true,"href":"https:\/\/solem-irrigation.com\/de\/wp-json\/wp\/v2\/media\/848"}],"wp:attachment":[{"href":"https:\/\/solem-irrigation.com\/de\/wp-json\/wp\/v2\/media?parent=847"}],"wp:term":[{"taxonomy":"product_brand","embeddable":true,"href":"https:\/\/solem-irrigation.com\/de\/wp-json\/wp\/v2\/product_brand?post=847"},{"taxonomy":"product_cat","embeddable":true,"href":"https:\/\/solem-irrigation.com\/de\/wp-json\/wp\/v2\/product_cat?post=847"},{"taxonomy":"product_tag","embeddable":true,"href":"https:\/\/solem-irrigation.com\/de\/wp-json\/wp\/v2\/product_tag?post=847"}],"curies":[{"name":"wp","href":"https:\/\/api.w.org\/{rel}","templated":true}]}}