{"id":842,"date":"2022-06-15T16:30:13","date_gmt":"2022-06-15T14:30:13","guid":{"rendered":"http:\/\/solem.com\/?post_type=product&#038;p=842"},"modified":"2025-12-22T13:32:35","modified_gmt":"2025-12-22T12:32:35","slug":"pt100","status":"publish","type":"product","link":"https:\/\/solem-irrigation.com\/de\/produkt\/pt100\/","title":{"rendered":"PT100"},"content":{"rendered":"<p>Die PT100-Sonde ist ein Temperatursensor. Robust dank sch\u00fctzender Metallh\u00fclle, widersteht sie Umweltsch\u00e4den. Sie ist das ideale Werkzeug, um die Temperatur zu kennen und zu wissen, wann man gie\u00dfen muss.<\/p>\n<div class=\"wp-block-columns desciption-spec-columns\">\n<div class=\"desciption-spec active\">\n<div class=\"wp-block-image\">\n<img decoding=\"async\" src=\"https:\/\/solem-irrigation.com\/wp-content\/uploads\/2022\/07\/Picto_mesure-temperature.png\" alt=\"\" class=\"spec-image\">\n<\/div>\n<div class=\"desciption-spec-text\">\n<p class=\"has-text-align-center title\"><strong>Pr\u00e4zise Temperaturmessung<\/strong><\/p>\n<\/div>\n<\/div>\n<div class=\"desciption-spec active\">\n<div class=\"wp-block-image\">\n<img decoding=\"async\" loading=\"lazy\" src=\"https:\/\/solem-irrigation.com\/wp-content\/uploads\/2022\/07\/Picto_mesure-large.png\" alt=\"\" class=\"spec-image\">\n<\/div>\n<div class=\"desciption-spec-text\">\n<p class=\"has-text-align-center title\"><strong>Gro\u00dfe Messamplitude<\/strong><\/p>\n<\/div>\n<\/div>\n<\/div>","protected":false},"excerpt":{"rendered":"<h3 class=\"product-name\" style=\"display: none;\">PT100<\/h3>\n<h3>Temperatursonde<\/h3>\n<div class=\"short-spec\">\n<p><span class=\"spec-icon\"><img decoding=\"async\" src=\"https:\/\/solem-irrigation.com\/wp-content\/uploads\/2022\/07\/Picto_sonde-lrms_1.png\"\/><\/span> <span class=\"spec-text\">Ben\u00f6tigt einen LR-MS<\/span><\/p>\n<\/div>\n<div class=\"product-slide-bottom\">\n<p class=\"product-info-icon\" data-title=\"Requiert un module sonde\"><i class=\"fas fa-exclamation-circle\"><\/i><\/p>\n<p class=\"product-link\">SEHEN<\/p>\n<\/div>","protected":false},"featured_media":841,"template":"","meta":[],"product_brand":[],"product_cat":[19,33,32,20,43,44,45,46],"product_tag":[],"class_list":{"0":"post-842","1":"product","2":"type-product","3":"status-publish","4":"has-post-thumbnail","6":"product_cat-arrosage-residentiel","7":"product_cat-irrigation-agriculture","8":"product_cat-irrigation-municipalite","9":"product_cat-jardin-connecte","10":"product_cat-sondes-residentiel","11":"product_cat-sondes-municipalite","12":"product_cat-sondes-agriculture","13":"product_cat-sondes-jardin-connecte","14":"has-content","16":"first","17":"instock","18":"shipping-taxable","19":"purchasable","20":"product-type-simple"},"jetpack_sharing_enabled":true,"_links":{"self":[{"href":"https:\/\/solem-irrigation.com\/de\/wp-json\/wp\/v2\/product\/842","targetHints":{"allow":["GET"]}}],"collection":[{"href":"https:\/\/solem-irrigation.com\/de\/wp-json\/wp\/v2\/product"}],"about":[{"href":"https:\/\/solem-irrigation.com\/de\/wp-json\/wp\/v2\/types\/product"}],"wp:featuredmedia":[{"embeddable":true,"href":"https:\/\/solem-irrigation.com\/de\/wp-json\/wp\/v2\/media\/841"}],"wp:attachment":[{"href":"https:\/\/solem-irrigation.com\/de\/wp-json\/wp\/v2\/media?parent=842"}],"wp:term":[{"taxonomy":"product_brand","embeddable":true,"href":"https:\/\/solem-irrigation.com\/de\/wp-json\/wp\/v2\/product_brand?post=842"},{"taxonomy":"product_cat","embeddable":true,"href":"https:\/\/solem-irrigation.com\/de\/wp-json\/wp\/v2\/product_cat?post=842"},{"taxonomy":"product_tag","embeddable":true,"href":"https:\/\/solem-irrigation.com\/de\/wp-json\/wp\/v2\/product_tag?post=842"}],"curies":[{"name":"wp","href":"https:\/\/api.w.org\/{rel}","templated":true}]}}