{"id":838,"date":"2022-06-15T16:04:08","date_gmt":"2022-06-15T14:04:08","guid":{"rendered":"http:\/\/solem.com\/?post_type=product&#038;p=838"},"modified":"2025-12-22T13:35:07","modified_gmt":"2025-12-22T12:35:07","slug":"watermark-ss200-adaptateur","status":"publish","type":"product","link":"https:\/\/solem-irrigation.com\/de\/produkt\/watermark-ss200-adaptateur\/","title":{"rendered":"WATERMARK SS200 + ADAPTER"},"content":{"rendered":"<p>Die Watermark-Sonde ist robust, benutzerfreundlich, wartungsfrei und frostbest\u00e4ndig. Sie misst Ver\u00e4nderungen der Bodenfeuchtigkeit, um einen Wasser\u00fcberschuss und die damit einhergehende Gefahr des Erstickens der Kulturen zu vermeiden. Sie beugt auch Wassermangel vor, der f\u00fcr eine Produktion fatal ist, und erm\u00f6glicht es Ihnen, Ihre Kosten zu senken und Wasser zu sparen.<\/p>\n<div class=\"wp-block-columns desciption-spec-columns\">\n<div class=\"desciption-spec active\">\n<div class=\"wp-block-image\">\n<img decoding=\"async\" src=\"https:\/\/solem-irrigation.com\/wp-content\/uploads\/2022\/07\/Picto_mesure-humidite-sol.png\" alt=\"\" class=\"spec-image\">\n<\/div>\n<div class=\"desciption-spec-text\">\n<p class=\"has-text-align-center title\"><strong>Tiefenmessung der Bodenfeuchtigkeit<\/strong><\/p>\n<\/div>\n<\/div>\n<div class=\"desciption-spec active\">\n<div class=\"wp-block-image\">\n<img decoding=\"async\" loading=\"lazy\" src=\"https:\/\/solem-irrigation.com\/wp-content\/uploads\/2022\/07\/Picto_protection-cultures.png\" alt=\"\" class=\"spec-image\">\n<\/div>\n<div class=\"desciption-spec-text\">\n<p class=\"has-text-align-center title\"><strong>Sch\u00fctzt Ihre Kulturen<\/strong><\/p>\n<\/div>\n<\/div>\n<\/div>","protected":false},"excerpt":{"rendered":"<h3 class=\"product-name\" style=\"display: none;\">WATERMARK SS200 + ADAPTER<\/h3>\n<h3>Tensiometrische Sonde<\/h3>\n<div class=\"short-spec\">\n<p><span class=\"spec-icon\"><img decoding=\"async\" src=\"https:\/\/solem-irrigation.com\/wp-content\/uploads\/2022\/07\/Picto_sondetensio-lrms.png\"\/><\/span> <span class=\"spec-text\">Ben\u00f6tigt einen LR-MS<\/span><\/p>\n<\/div>\n<div class=\"product-slide-bottom\">\n<p class=\"product-info-icon\" data-title=\"Requiert un module sonde\"><i class=\"fas fa-exclamation-circle\"><\/i><\/p>\n<p class=\"product-link\">SEHEN<\/p>\n<\/div>","protected":false},"featured_media":839,"template":"","meta":[],"product_brand":[],"product_cat":[33,32,44,45],"product_tag":[],"class_list":{"0":"post-838","1":"product","2":"type-product","3":"status-publish","4":"has-post-thumbnail","6":"product_cat-irrigation-agriculture","7":"product_cat-irrigation-municipalite","8":"product_cat-sondes-municipalite","9":"product_cat-sondes-agriculture","10":"has-content","12":"first","13":"instock","14":"shipping-taxable","15":"purchasable","16":"product-type-simple"},"jetpack_sharing_enabled":true,"_links":{"self":[{"href":"https:\/\/solem-irrigation.com\/de\/wp-json\/wp\/v2\/product\/838","targetHints":{"allow":["GET"]}}],"collection":[{"href":"https:\/\/solem-irrigation.com\/de\/wp-json\/wp\/v2\/product"}],"about":[{"href":"https:\/\/solem-irrigation.com\/de\/wp-json\/wp\/v2\/types\/product"}],"wp:featuredmedia":[{"embeddable":true,"href":"https:\/\/solem-irrigation.com\/de\/wp-json\/wp\/v2\/media\/839"}],"wp:attachment":[{"href":"https:\/\/solem-irrigation.com\/de\/wp-json\/wp\/v2\/media?parent=838"}],"wp:term":[{"taxonomy":"product_brand","embeddable":true,"href":"https:\/\/solem-irrigation.com\/de\/wp-json\/wp\/v2\/product_brand?post=838"},{"taxonomy":"product_cat","embeddable":true,"href":"https:\/\/solem-irrigation.com\/de\/wp-json\/wp\/v2\/product_cat?post=838"},{"taxonomy":"product_tag","embeddable":true,"href":"https:\/\/solem-irrigation.com\/de\/wp-json\/wp\/v2\/product_tag?post=838"}],"curies":[{"name":"wp","href":"https:\/\/api.w.org\/{rel}","templated":true}]}}