{"id":4814,"date":"2023-06-19T13:40:30","date_gmt":"2023-06-19T11:40:30","guid":{"rendered":"https:\/\/solem-irrigation.com\/?post_type=product&#038;p=4814"},"modified":"2026-03-05T11:10:45","modified_gmt":"2026-03-05T10:10:45","slug":"712-hubacontrol","status":"publish","type":"product","link":"https:\/\/solem-irrigation.com\/de\/produkt\/712-hubacontrol\/","title":{"rendered":"712 HUBACONTROL"},"content":{"rendered":"<p>Die Niveausonde Typ 712 verf\u00fcgt \u00fcber eine Relativdruckmesszelle. In Verbindung mit einem LR-MS-Sondenmodul kann sie den Wasserstand in allen Arten von Beh\u00e4ltern oder Tanks bis zu einer H\u00f6he von 10 m messen. Eine Basisstation vom Typ LR-MB oder LR-BST ist erforderlich, um die Daten an die MySOLEM-Plattform zu \u00fcbertragen und Sie entsprechend den von Ihnen festgelegten oberen und unteren Schwellenwerten zu benachrichtigen. Es sind zwei Modelle von Niveausonden erh\u00e4ltlich: 6 m f\u00fcr kleine bis mittelgro\u00dfe Beh\u00e4lter und Tanks und 10 m f\u00fcr gro\u00dfe Beh\u00e4lter und Tanks. Diese Niveausonden k\u00f6nnen in allen Trinkwassertanks oder in landwirtschaftlichen Beh\u00e4ltern verwendet werden. Sie k\u00f6nnen f\u00fcr den Einbau in Rohre mit einem Durchmesser von 1 Zoll angepasst werden.<\/p>\n<div class=\"wp-block-columns desciption-spec-columns\">\n<div class=\"desciption-spec active\">\n<div class=\"wp-block-image\">\n<img decoding=\"async\" src=\"https:\/\/solem-irrigation.com\/wp-content\/uploads\/2023\/03\/Picto_mesure-eau.png\" alt=\"\" class=\"spec-image\">\n<\/div>\n<div class=\"desciption-spec-text\">\n<p class=\"has-text-align-center title\"><strong>Genaue Messung des Wasserstands<\/strong><\/p>\n<\/div>\n<\/div>\n<div class=\"desciption-spec active\">\n<div class=\"wp-block-image\">\n<img decoding=\"async\" loading=\"lazy\" src=\"https:\/\/solem-irrigation.com\/wp-content\/uploads\/2023\/03\/Picto_cuve-eau.png\" alt=\"\" class=\"spec-image\">\n<\/div>\n<div class=\"desciption-spec-text\">\n<p class=\"has-text-align-center title\"><strong>Alle Arten von Tanks (bis zu 10m)<\/strong><\/p>\n<\/div>\n<\/div>\n<\/div>","protected":false},"excerpt":{"rendered":"<h3 class=\"product-name\" style=\"display: none;\">Typ 712<\/h3>\n<h3>Niveausonde<\/h3>\n<div class=\"short-spec\">\n<p><span class=\"spec-icon\"><img decoding=\"async\" src=\"https:\/\/solem-irrigation.com\/wp-content\/uploads\/2022\/07\/Picto_sondehygro-lrms.png\"\/><\/span> <span class=\"spec-text\">Ben\u00f6tigt einen LR-MS<\/span><\/p>\n<p><span class=\"spec-icon\"><img decoding=\"async\" src=\"https:\/\/solem-irrigation.com\/wp-content\/uploads\/2023\/06\/Picto_plug-and-play.png\"\/><\/span> <span class=\"spec-text\">Existiert als Kit LR-MS-1 dedizierter Eingang<\/span><\/p>\n<\/div>\n<div class=\"product-slide-bottom\">\n<p class=\"product-info-icon\" data-title=\"Requiert un module sonde\"><i class=\"fas fa-exclamation-circle\"><\/i><\/p>\n<p class=\"product-link\">SEHEN<\/p>\n<\/div>","protected":false},"featured_media":4816,"template":"","meta":[],"product_brand":[],"product_cat":[19,33,32,20,45,46,43,44],"product_tag":[],"class_list":{"0":"post-4814","1":"product","2":"type-product","3":"status-publish","4":"has-post-thumbnail","6":"product_cat-arrosage-residentiel","7":"product_cat-irrigation-agriculture","8":"product_cat-irrigation-municipalite","9":"product_cat-jardin-connecte","10":"product_cat-sondes-agriculture","11":"product_cat-sondes-jardin-connecte","12":"product_cat-sondes-residentiel","13":"product_cat-sondes-municipalite","14":"has-content","16":"first","17":"instock","18":"shipping-taxable","19":"purchasable","20":"product-type-simple"},"jetpack_sharing_enabled":true,"_links":{"self":[{"href":"https:\/\/solem-irrigation.com\/de\/wp-json\/wp\/v2\/product\/4814","targetHints":{"allow":["GET"]}}],"collection":[{"href":"https:\/\/solem-irrigation.com\/de\/wp-json\/wp\/v2\/product"}],"about":[{"href":"https:\/\/solem-irrigation.com\/de\/wp-json\/wp\/v2\/types\/product"}],"wp:featuredmedia":[{"embeddable":true,"href":"https:\/\/solem-irrigation.com\/de\/wp-json\/wp\/v2\/media\/4816"}],"wp:attachment":[{"href":"https:\/\/solem-irrigation.com\/de\/wp-json\/wp\/v2\/media?parent=4814"}],"wp:term":[{"taxonomy":"product_brand","embeddable":true,"href":"https:\/\/solem-irrigation.com\/de\/wp-json\/wp\/v2\/product_brand?post=4814"},{"taxonomy":"product_cat","embeddable":true,"href":"https:\/\/solem-irrigation.com\/de\/wp-json\/wp\/v2\/product_cat?post=4814"},{"taxonomy":"product_tag","embeddable":true,"href":"https:\/\/solem-irrigation.com\/de\/wp-json\/wp\/v2\/product_tag?post=4814"}],"curies":[{"name":"wp","href":"https:\/\/api.w.org\/{rel}","templated":true}]}}