{"id":478,"date":"2022-06-07T11:11:07","date_gmt":"2022-06-07T09:11:07","guid":{"rendered":"http:\/\/solem.com\/?post_type=product&#038;p=478"},"modified":"2026-04-02T14:56:56","modified_gmt":"2026-04-02T12:56:56","slug":"lr-is","status":"publish","type":"product","link":"https:\/\/solem-irrigation.com\/de\/produkt\/lr-is\/","title":{"rendered":"LR-IS"},"content":{"rendered":"<p>Le LR-IS est un programmateur d\u2019arrosage Bluetooth et LoRa sur secteur capable de controller en s\u00e9quentiel des \u00e9lectrovannes 24V. Il est id\u00e9al pour les installations situ\u00e9es dans un local. En association avec une passerelle Wi-Fi ou 4G, il est pilotable \u00e0 distance o\u00f9 que vous soyez.<\/p>\n<div class=\"wp-block-columns desciption-spec-columns\">\n<div class=\"desciption-spec active\">\n<div class=\"wp-block-image\"><img decoding=\"async\" class=\"spec-image\" src=\"https:\/\/solem-irrigation.com\/wp-content\/uploads\/2026\/03\/P_meteo.png\" alt=\"\" \/><\/div>\n<div class=\"desciption-spec-text\">\n<p class=\"has-text-align-center title\"><strong>Mit dem Wetterbericht verbunden<\/strong><\/p>\n<\/div>\n<\/div>\n<div class=\"desciption-spec active\">\n<div class=\"wp-block-image\"><img decoding=\"async\" class=\"spec-image\" src=\"https:\/\/solem-irrigation.com\/wp-content\/uploads\/2026\/02\/P_distance.png\" alt=\"\" \/><\/div>\n<div class=\"desciption-spec-text\">\n<p class=\"has-text-align-center title\"><strong>Programmation \u00e0 distance<\/strong><\/p>\n<\/div>\n<\/div>\n<div class=\"desciption-spec active\">\n<div class=\"wp-block-image\"><img decoding=\"async\" class=\"spec-image\" src=\"https:\/\/solem-irrigation.com\/wp-content\/uploads\/2026\/03\/P_pressure-switch_2.png\" alt=\"\" \/><\/div>\n<div class=\"desciption-spec-text\">\n<p class=\"has-text-align-center title\"><strong>Contr\u00f4le du statut de la vanne<\/strong><\/p>\n<\/div>\n<\/div>\n<div class=\"desciption-spec active\">\n<div class=\"wp-block-image\">\n<img decoding=\"async\" loading=\"lazy\" src=\"https:\/\/solem-irrigation.com\/wp-content\/uploads\/2026\/03\/P_compteur-deau_.png\" alt=\"\" class=\"spec-image\">\n<\/div>\n<div class=\"desciption-spec-text\">\n<p class=\"has-text-align-center title\"><strong>Ma\u00eetrise de la conso. d&#8217;eau<\/strong><\/p>\n<\/div>\n<\/div>\n<\/div>","protected":false},"excerpt":{"rendered":"<h3 class=\"product-name\" style=\"display: none;\">LR-IS<\/h3>\n<h3>LoRa-Steuerger\u00e4t<\/h3>\n<div class=\"short-spec\">\n<p class=\"techno-icones\"><img decoding=\"async\" src=\"\/wp-content\/uploads\/2024\/09\/BL.png\"\/><img decoding=\"async\" src=\"\/wp-content\/uploads\/2024\/09\/LoRa.png\"\/><\/p>\n<p><span class=\"spec-icon\"><img decoding=\"async\" src=\"https:\/\/solem-irrigation.com\/wp-content\/uploads\/2026\/03\/P_vannes.png\"\/><\/span> <span class=\"spec-text\">2\/4\/6\/9\/12 station(s)<\/span><\/p>\n<p><span class=\"spec-icon\"><img decoding=\"async\" src=\"https:\/\/solem-irrigation.com\/wp-content\/uploads\/2026\/03\/P_enteescap.png\"\/><\/span> <span class=\"spec-text\">Eingang f\u00fcr Wassermesser oder Regensensor oder Druckschalter<\/span><\/p>\n<\/div>\n<div class=\"product-slide-bottom\">\n<div class=\"product-techno\">\n<span class=\"icon-ble\"><img decoding=\"async\" src=\"https:\/\/solem-irrigation.com\/wp-content\/uploads\/2024\/09\/BL.png\"\/><\/span><br \/>\n<span><img decoding=\"async\" src=\"https:\/\/solem-irrigation.com\/wp-content\/uploads\/2024\/09\/LoRa.png\"\/><\/span>\n<\/div>\n<p class=\"product-link\">SEHEN<\/p>\n<\/div>","protected":false},"featured_media":458,"template":"","meta":[],"product_brand":[],"product_cat":[19,32,38,42],"product_tag":[],"class_list":{"0":"post-478","1":"product","2":"type-product","3":"status-publish","4":"has-post-thumbnail","6":"product_cat-arrosage-residentiel","7":"product_cat-irrigation-municipalite","8":"product_cat-programmateurs-secteur-residentiel","9":"product_cat-programmateurs-secteur-municipalite","10":"has-content","12":"first","13":"instock","14":"shipping-taxable","15":"purchasable","16":"product-type-variable"},"jetpack_sharing_enabled":true,"_links":{"self":[{"href":"https:\/\/solem-irrigation.com\/de\/wp-json\/wp\/v2\/product\/478","targetHints":{"allow":["GET"]}}],"collection":[{"href":"https:\/\/solem-irrigation.com\/de\/wp-json\/wp\/v2\/product"}],"about":[{"href":"https:\/\/solem-irrigation.com\/de\/wp-json\/wp\/v2\/types\/product"}],"wp:featuredmedia":[{"embeddable":true,"href":"https:\/\/solem-irrigation.com\/de\/wp-json\/wp\/v2\/media\/458"}],"wp:attachment":[{"href":"https:\/\/solem-irrigation.com\/de\/wp-json\/wp\/v2\/media?parent=478"}],"wp:term":[{"taxonomy":"product_brand","embeddable":true,"href":"https:\/\/solem-irrigation.com\/de\/wp-json\/wp\/v2\/product_brand?post=478"},{"taxonomy":"product_cat","embeddable":true,"href":"https:\/\/solem-irrigation.com\/de\/wp-json\/wp\/v2\/product_cat?post=478"},{"taxonomy":"product_tag","embeddable":true,"href":"https:\/\/solem-irrigation.com\/de\/wp-json\/wp\/v2\/product_tag?post=478"}],"curies":[{"name":"wp","href":"https:\/\/api.w.org\/{rel}","templated":true}]}}