{"id":682,"date":"2022-06-09T17:27:02","date_gmt":"2022-06-09T15:27:02","guid":{"rendered":"http:\/\/solem.com\/?page_id=682"},"modified":"2026-03-23T11:37:40","modified_gmt":"2026-03-23T10:37:40","slug":"catalogues","status":"publish","type":"page","link":"https:\/\/solem-irrigation.com\/de\/catalogues\/","title":{"rendered":"Kataloge"},"content":{"rendered":"<div class=\"wp-block-group alignfull page-custom-banner\"><div class=\"wp-block-group__inner-container is-layout-constrained wp-block-group-is-layout-constrained\">\n<div class=\"custom-banner-container\" style=\"background-image: url(\/wp-content\/uploads\/2025\/12\/B_Cat-2026-FR.webp); background-size: cover; background-position: center;\">\n  <div class=\"custom-banner-caption\">\n    <h3 class=\"custom-banner-title\">Kataloge<\/h3>\n    <h5 class=\"custom-banner-text translation-block\">Entdecken Sie die volle Produktpalette<br>unserer vernetzten L\u00f6sung.<\/h5>\n    <a class=\"banner-link\" href=\"#all-catalogs\">Kataloge ansehen<i class=\"far fa-arrow-alt-circle-right\"><\/i><\/a>\n  <\/div>\n<\/div>\n<\/div><\/div>\n\n\n\n<div style=\"height:50px\" aria-hidden=\"true\" class=\"wp-block-spacer\"><\/div>\n\n\n\n<div id=\"all-catalogs\" class=\"wp-block-group solution custom-carousel-group\"><div class=\"wp-block-group__inner-container is-layout-constrained wp-block-group-is-layout-constrained\">\n<h3 class=\"wp-block-heading has-text-align-center section-title translation-block\">Entdecken Sie <span>unsere Produktpaletten<\/span><\/h3>\n\n\n\n<div class=\"range-carousel-content profile\">\n  <div class=\"range-carousel range-columns\">\n    <div class=\"range-carousel-track\">\n      <div class=\"range-carousel-item\">\n        <img decoding=\"async\" class=\"item-image\" src=\"\/wp-content\/uploads\/2025\/12\/Bg_CAT-2026-AR-FR.jpg\">\n        <div class=\"item-caption\">\n          <svg width=\"42\" height=\"36\" fill=\"none\" xmlns=\"http:\/\/www.w3.org\/2000\/svg\"><g clip-path=\"url(#a)\" fill=\"#051A26\"><path d=\"M38.3585 21.3027c-.4064 0-.7397.3282-.7397.732 0 .4066.3304.7348.7397.7348.9355 0 1.6956.7697 1.6986 1.7079v1.7049h-6.3149v-1.7078c-.0029-1.7486-1.4266-3.1747-3.1749-3.1747-.4064 0-.7397.3282-.7397.7319 0 .4067.3304.7349.7397.7349.9355 0 1.6956.7697 1.6986 1.7079v10.1223c0 .4037.3303.7349.7396.7349.4093 0 .7397-.3283.7397-.7349v-3.3199H40.06v3.3199c0 .4037.3303.7349.7396.7349.4093 0 .7397-.3283.7397-.7349V24.4745c0-1.7486-1.4267-3.1747-3.175-3.1747l-.0058.0029Zm1.6956 8.5103h-6.3148v-2.161h6.3148v2.161Z\"\/><path d=\"M36.7392 20.6812v-7.2556l-1.836-1.3593a.8317.8317 0 0 0-.0643.3195v8.2954c0 .4937.4268.8917.9501.8917.5233 0 .9502-.4009.9502-.8917Z\"\/><path d=\"m41.4548 14.0036-6.5575-5.144V1.0173c0-.5054-.4122-.9149-.9209-.9149h-3.6808c-.5086 0-.9209.4095-.9209.915v3.5144L23.9691.2883c-.2046-.1336-.4122-.1888-.6051-.1859-.193.003-.3743.0668-.5467.1859L5.3346 14.0007c-.4035.3195-.459.912-.158 1.3012.2983.3805.9298.4415 1.3098.1423L23.3961 2.1879l16.9097 13.2563c.3801.2992.994.2353 1.2951-.1423.2982-.3747.2661-.9992-.1432-1.3012l-.0029.0029Zm-8.3964-6.5847-1.8418-1.4435V1.9323h1.8418V7.419Z\"\/><path d=\"M30.5383 27.7305H12.2692V12.4061a.949.949 0 0 0-.0643-.3398l-1.836 1.4377v14.2265H8.5446v-5.3328l1.4939-.3369v-1.3796l-1.4939.3514v-4.9174c0-.2614-.2865-.4792-.6344-.4792s-.6344.2149-.6344.4792v2.2191l-.6812-.6768c-.2572-.241-.6665-.241-.9063 0-.2426.2556-.2426.6623 0 .9004l1.5875 1.5772v1.0079c-2.9527-.3166-5.2477-2.8087-5.2477-5.812 0-1.7892.8156-3.4709 2.2394-4.5834.2573-.1946.3187-.5402.1666-.8103-.3332-.5868-.5145-1.2635-.5145-1.9374 0-2.1784 1.7863-3.9676 3.9935-3.9676 1.9471 0 3.5638 1.3884 3.9176 3.2124l1.0641-.9004c-.7045-2.0651-2.6691-3.558-4.9846-3.558-2.903 0-5.2653 2.344-5.2653 5.231 0 .7204.152 1.429.4386 2.0884-1.4823 1.3535-2.33 3.2299-2.33 5.2456 0 3.7091 2.8679 6.7589 6.5194 7.0784v5.3008H3.3554c-.4298 0-.7777.3456-.7777.7726 0 .427.3479.7726.7777.7726h7.7561a.9893.9893 0 0 0 .2076.0232.9891.9891 0 0 0 .2075-.0232h19.0088c.4298 0 .7777-.3456.7777-.7726 0-.427-.3479-.7726-.7777-.7726h.0029ZM25.4013 8.5924a.1076.1076 0 0 0 .1082-.1074v-.0697c0-.8743-.7134-1.583-1.5933-1.583h-.8859c-.8799 0-1.5933.7087-1.5933 1.583v.0697c0 .061.0497.1074.1082.1074h3.8561Z\"\/><\/g><defs><clippath id=\"a\"><path fill=\"#fff\" d=\"M0 0h42v36H0z\"\/><\/clippath><\/defs><\/svg>\n          <h5 class=\"item-title translation-block\">Bew\u00e4sserung und<br><span>vernetzter Garten<\/span><\/h5>\n          <div class=\"dropdown catalogue-dropdown dropdown-v2\">\n            <button class=\"dropbtn catalogue-residentiel-dropdown\" type=\"button\"><span class=\"dropdown-btn-label\">Herunterladen<\/span><span class=\"dropdown-btn-indicator\"><i class=\"far fa-arrow-alt-circle-down\"><\/i><\/span><\/button>\n            <div id=\"catalogue-resi-content\" class=\"dropdown-content catalogue-content\">\n\n              <!-- Liste des catalogues r\u00e9sidentiel par langues -->\n              <a href=\"https:\/\/solem-irrigation.com\/wp-content\/uploads\/2026\/02\/CAT-RESI-FR-2026_LD.pdf\" download=\"CAT R\u00e9sidentiel 2026 FR.pdf\"><i class=\"far fa-arrow-alt-circle-down\"><\/i>Franz\u00f6sisch<\/a>\n              <a href=\"https:\/\/solem-irrigation.com\/wp-content\/uploads\/2026\/03\/CAT-RESI-EN-2026-LD.pdf\" download=\"CAT Residential 2026 EN.pdf\"><i class=\"far fa-arrow-alt-circle-down\"><\/i>Englisch<\/a>\n              <a href=\"https:\/\/solem-irrigation.com\/wp-content\/uploads\/2026\/03\/CAT-RW-US-2026_LD.pdf\" download=\"CAT Residential 2026 US.pdf\"><i class=\"far fa-arrow-alt-circle-down\"><\/i>Englisch (USA)<\/a>\n              <a href=\"https:\/\/solem-irrigation.com\/wp-content\/uploads\/2024\/07\/CAT_ES_Residentiel_2024-LD.pdf\" download=\"CAT Residential 2024 ES.pdf\"><i class=\"far fa-arrow-alt-circle-down\"><\/i>Spanisch<\/a>\n              <a href=\"https:\/\/solem-irrigation.com\/wp-content\/uploads\/2024\/04\/CAT_DE_Residentiel_2024-V2.pdf\" download=\"CAT Residential 2024 DE.pdf\"><i class=\"far fa-arrow-alt-circle-down\"><\/i>Deutsch<\/a>\n\n              <!-- fin de la liste -->\n            <\/div>\n          <\/div>\n        <\/div>\n      <\/div>\n\n      <div class=\"range-carousel-item\">\n        <img decoding=\"async\" class=\"item-image\" src=\"\/wp-content\/uploads\/2025\/12\/Bg-CAT-2026-IU-FR.jpg\">\n        <div class=\"item-caption\">\n          <svg width=\"49\" height=\"36\" viewbox=\"0 0 34 25\" fill=\"none\" xmlns=\"http:\/\/www.w3.org\/2000\/svg\">\n<g clip-path=\"url(#clip0_6440_6949)\">\n<path d=\"M28.9327 24.6571C28.7061 24.6571 28.5195 24.4687 28.5195 24.2398V13.842C28.5195 13.6131 28.7061 13.4247 28.9327 13.4247C29.1592 13.4247 29.3458 13.6131 29.3458 13.842V24.2398C29.3458 24.4687 29.1592 24.6571 28.9327 24.6571Z\" fill=\"#051A26\"\/>\n<path d=\"M28.9331 18.3668C28.8246 18.3668 28.7161 18.3264 28.638 18.2476C28.48 18.088 28.48 17.8207 28.638 17.6514L29.7898 16.488C29.9479 16.3284 30.2125 16.3284 30.38 16.488C30.538 16.6476 30.538 16.9149 30.38 17.0841L29.2282 18.2476C29.1502 18.3264 29.0416 18.3668 28.9331 18.3668Z\" fill=\"#051A26\"\/>\n<path d=\"M28.9326 17.0245C28.8241 17.0245 28.7156 16.9841 28.6375 16.9053L27.4857 15.7418C27.3277 15.5822 27.3277 15.3149 27.4857 15.1457C27.6437 14.9861 27.9083 14.9861 28.0759 15.1457L29.2277 16.3091C29.3857 16.4688 29.3857 16.7361 29.2277 16.9053C29.1496 16.9841 29.0411 17.0245 28.9326 17.0245Z\" fill=\"#051A26\"\/>\n<path d=\"M28.932 20.6668C26.3619 20.6668 24.2734 18.5572 24.2734 15.9611C24.2734 14.6285 24.8255 13.3843 25.7908 12.4881C25.6042 12.0497 25.5052 11.5824 25.5052 11.1055C25.5052 9.1959 27.0416 7.64209 28.9339 7.64209C30.8263 7.64209 32.3627 9.19398 32.3627 11.1055C32.3627 11.5824 32.2637 12.0516 32.0771 12.4881C33.0424 13.3843 33.5945 14.6265 33.5945 15.9611C33.5945 18.5476 31.506 20.6668 28.9358 20.6668H28.932ZM28.932 8.46707C27.4947 8.46707 26.3314 9.65166 26.3314 11.0939C26.3314 11.542 26.4495 11.9901 26.6665 12.3766C26.7655 12.5554 26.7255 12.7843 26.558 12.9131C25.6328 13.6496 25.0997 14.7631 25.0997 15.9477C25.0997 18.0765 26.8131 19.8187 28.932 19.8187C31.051 19.8187 32.7644 18.088 32.7644 15.9477C32.7644 14.7535 32.2332 13.6496 31.3061 12.9131C31.1481 12.7843 31.0986 12.5554 31.1976 12.3766C31.4146 11.9881 31.5326 11.5401 31.5326 11.0939C31.5326 9.65166 30.3694 8.46707 28.932 8.46707Z\" fill=\"#051A26\"\/>\n<path d=\"M5.95609 24.6571C5.72954 24.6571 5.54297 24.4687 5.54297 24.2398V13.842C5.54297 13.6131 5.72954 13.4247 5.95609 13.4247C6.18265 13.4247 6.36922 13.6131 6.36922 13.842V24.2398C6.36922 24.4687 6.18265 24.6571 5.95609 24.6571Z\" fill=\"#051A26\"\/>\n<path d=\"M5.95266 18.3668C5.84415 18.3668 5.73563 18.3264 5.65757 18.2476C5.49956 18.088 5.49956 17.8207 5.65757 17.6514L6.80938 16.488C6.96739 16.3284 7.23202 16.3284 7.39955 16.488C7.55757 16.6476 7.55757 16.9149 7.39955 17.0841L6.24775 18.2476C6.1697 18.3264 6.06118 18.3668 5.95266 18.3668Z\" fill=\"#051A26\"\/>\n<path d=\"M5.95603 17.0245C5.84751 17.0245 5.73899 16.9841 5.66094 16.9053L4.50914 15.7418C4.35112 15.5822 4.35112 15.3149 4.50914 15.1457C4.66715 14.9861 4.93178 14.9861 5.09932 15.1457L6.25112 16.3091C6.40913 16.4688 6.40913 16.7361 6.25112 16.9053C6.17306 16.9841 6.06454 17.0245 5.95603 17.0245Z\" fill=\"#051A26\"\/>\n<path d=\"M5.95548 20.6668C3.38535 20.6668 1.29688 18.5572 1.29688 15.9611C1.29688 14.6285 1.84898 13.3843 2.81421 12.4881C2.62763 12.0497 2.52864 11.5824 2.52864 11.1055C2.52864 9.1959 4.065 7.64209 5.95738 7.64209C7.84976 7.64209 9.38613 9.19398 9.38613 11.1055C9.38613 11.5824 9.28713 12.0516 9.10056 12.4881C10.0658 13.3843 10.6179 14.6265 10.6179 15.9611C10.6179 18.5476 8.52942 20.6668 5.95929 20.6668H5.95548ZM5.95548 8.46707C4.51811 8.46707 3.35489 9.65166 3.35489 11.0939C3.35489 11.542 3.47292 11.9901 3.68995 12.3766C3.78895 12.5554 3.74897 12.7843 3.58144 12.9131C2.65619 13.6496 2.12313 14.7631 2.12313 15.9477C2.12313 18.0765 3.83655 19.8187 5.95548 19.8187C8.07441 19.8187 9.78783 18.088 9.78783 15.9477C9.78783 14.7535 9.25667 13.6496 8.32952 12.9131C8.17151 12.7843 8.12201 12.5554 8.22101 12.3766C8.43804 11.9881 8.55607 11.5401 8.55607 11.0939C8.55607 9.65166 7.39285 8.46707 5.95548 8.46707Z\" fill=\"#051A26\"\/>\n<path d=\"M17.4786 24.6571C17.1511 24.6571 16.8789 24.384 16.8789 24.0513V8.98246C16.8789 8.6517 17.1492 8.37671 17.4786 8.37671C17.808 8.37671 18.0783 8.64978 18.0783 8.98246V24.0513C18.0783 24.3821 17.808 24.6571 17.4786 24.6571Z\" fill=\"#051A26\"\/>\n<path d=\"M17.4786 15.5439C17.3225 15.5439 17.1645 15.4862 17.0502 15.3708C16.8218 15.14 16.8218 14.7516 17.0502 14.5054L18.7199 12.8189C18.9483 12.5882 19.3329 12.5882 19.5766 12.8189C19.8051 13.0497 19.8051 13.4382 19.5766 13.6843L17.907 15.3708C17.7927 15.4862 17.6366 15.5439 17.4786 15.5439Z\" fill=\"#051A26\"\/>\n<path d=\"M17.4764 13.5959C17.3203 13.5959 17.1622 13.5382 17.048 13.4228L15.3784 11.7363C15.1499 11.5055 15.1499 11.1171 15.3784 10.8709C15.6068 10.6402 15.9914 10.6402 16.2351 10.8709L17.9047 12.5574C18.1332 12.7882 18.1332 13.1767 17.9047 13.4228C17.7905 13.5382 17.6344 13.5959 17.4764 13.5959Z\" fill=\"#051A26\"\/>\n<path d=\"M17.4793 18.8746C13.7536 18.8746 10.7266 15.8169 10.7266 12.0536C10.7266 10.1209 11.5262 8.31904 12.9255 7.02099C12.6551 6.38639 12.5123 5.70949 12.5123 5.01719C12.5123 2.24803 14.7398 0 17.4793 0C20.2189 0 22.4464 2.24995 22.4464 5.01719C22.4464 5.70949 22.3036 6.38639 22.0332 7.02099C23.4325 8.31904 24.2321 10.1209 24.2321 12.0536C24.2321 15.8035 21.2051 18.8746 17.4793 18.8746ZM17.4793 0.980747C15.3414 0.980747 13.6127 2.74225 13.6127 4.88643C13.6127 5.5518 13.7879 6.21717 14.1115 6.796C14.2581 7.06138 14.1991 7.40175 13.9497 7.59406C12.5733 8.68826 11.7813 10.3459 11.7813 12.1074C11.7813 15.2727 14.3305 17.8631 17.4793 17.8631C20.6282 17.8631 23.1774 15.2881 23.1774 12.1074C23.1774 10.3325 22.3874 8.69019 21.009 7.59406C20.7748 7.40175 20.7006 7.06138 20.8472 6.796C21.1689 6.21909 21.346 5.55372 21.346 4.88643C21.346 2.74032 19.6173 0.980747 17.4793 0.980747Z\" fill=\"#051A26\"\/>\n<\/g>\n<defs><clippath id=\"a\"><path fill=\"#fff\" d=\"M0 0h42v36H0z\"\/><\/clippath><\/defs>\n<\/svg>\n<h5 class=\"item-title translation-block\">Stadt-<br>bew\u00e4sserung<\/h5>\n          <div class=\"dropdown catalogue-dropdown dropdown-v2\">\n            <button class=\"dropbtn catalogue-municipalite-dropdown\" type=\"button\"><span class=\"dropdown-btn-label\">Herunterladen<\/span><span class=\"dropdown-btn-indicator\"><i class=\"far fa-arrow-alt-circle-down\"><\/i><\/span><\/button>\n            <div id=\"catalogue-muni-content\" class=\"dropdown-content catalogue-content\">\n\n              <!-- Liste des catalogues municipalit\u00e9 par langues -->\n              <a href=\"https:\/\/solem-irrigation.com\/wp-content\/uploads\/2026\/02\/CAT-MUNI-FR-2026_LD.pdf\" download=\"CAT Irrigation urbaine 2026 FR.pdf\"><i class=\"far fa-arrow-alt-circle-down\"><\/i>Franz\u00f6sisch<\/a>\n              <a href=\"https:\/\/solem-irrigation.com\/wp-content\/uploads\/2026\/03\/CAT-MUNI-EN-2026-LD.pdf\" download=\"CAT Urban Irrigation 2026 EN.pdf\"><i class=\"far fa-arrow-alt-circle-down\"><\/i>Englisch<\/a>\n              <a href=\"https:\/\/solem-irrigation.com\/wp-content\/uploads\/2026\/03\/CAT-UI-US-2026_LD.pdf\" download=\"CAT Urban Irrigation 2026 US.pdf\"><i class=\"far fa-arrow-alt-circle-down\"><\/i>Englisch (USA)<\/a>\n              <a href=\"https:\/\/solem-irrigation.com\/wp-content\/uploads\/2026\/03\/CAT-Muni-2026-ES-LD.pdf\" download=\"CAT Urban Irrigation 2024 ES.pdf\"><i class=\"far fa-arrow-alt-circle-down\"><\/i>Spanisch<\/a>\n<a href=\"https:\/\/solem-irrigation.com\/wp-content\/uploads\/2026\/03\/CAT-MUNI-2026-PT-LD.pdf\" download=\"CAT Urban Irrigation 2026 PT.pdf\"><i class=\"far fa-arrow-alt-circle-down\"><\/i>Portugiesisch<\/a>\n              <a href=\"https:\/\/solem-irrigation.com\/wp-content\/uploads\/2024\/04\/CAT_AL_Muni_2024-HD-V3.pdf\" download=\"CAT Urban Irrigation 2024 DE.pdf\"><i class=\"far fa-arrow-alt-circle-down\"><\/i>Deutsch<\/a>\n\n              <!-- fin de la liste -->\n            <\/div>\n          <\/div>\n        <\/div>\n      <\/div>\n\n      <div class=\"range-carousel-item\">\n        <img decoding=\"async\" class=\"item-image\" src=\"\/wp-content\/uploads\/2025\/12\/Bg-CAT-2026-AC-FR.jpg\">\n        <div class=\"item-caption\">\n          <svg width=\"27\" height=\"36\" fill=\"none\" xmlns=\"http:\/\/www.w3.org\/2000\/svg\"><g clip-path=\"url(#a)\"><path d=\"m10.3195 36-.1843-.199c-.4675-.5055.1576-1.3043.4595-1.6919l.024-.0288a2.9126 2.9126 0 0 1 .0855-.1047c.1443-.1729.2965-.3536.2298-.5265-.1149-.309-.2191-.6364-.1309-.9899-.8442.1021-1.7017.1414-2.5299.1807l-.5129.0262c-.3767.0183-.8815.4662-1.09.7673-.3018.44-.454.8643-.4941 1.3802l-.0641.8145-.147-.804c-.0881-.4767-.1416-1.3278.3767-1.9904-.39.0576-.8362.1728-1.2262.4426-.2057.1414-.4007.3143-.5904.4793-.219.1938-.4488.3954-.6999.5552l-.4808.3038.3366-.4531c.0614-.0838.1309-.1912.211-.3143.3366-.5264.8468-1.3225 1.7097-1.7075.8522-.3772 1.7845-.4217 2.6874-.4662h.0188c-.2645-.1624-.5958-.2907-.8736-.3981l-.1416-.055c-.521-.2043-.9163-.2619-1.3624-.1964l-.4515.0681.374-.2567c.74-.5054 1.4853-.1938 2.2093.1048.2858.1179.5556.2305.8228.2907 1.0338.2357 2.2226.0105 3.179-.6076.2217-.1414.3472-.2828.3259-.3745l-.0428-.1912a20.9958 20.9958 0 0 1-.1416-.6835c-.1282-.7071-.1549-1.2912-.0854-1.8385.1282-1.0188.5583-2.069 1.317-3.2135.2644-.4007.561-.8014.8789-1.223 1.0979-1.4719 2.2333-2.9909 2.0837-4.7298-.1176-1.3828-2.4871-3.2789-3.0428-3.4675-.5289-.1781-1.1033-.2907-1.7551-.3379-.6064-.0445-1.2315-.0078-1.862.1127-.2858.055-.553.1388-.7533.2095-.1069.0366-.1282.3614-.139.5395-.0053.0838-.0106.1624-.0213.22-.2137 1.3199-.8068 2.1946-1.8112 2.6687-.7213.3404-1.4933.563-2.236.7778-.422.1205-.8548.2488-1.2742.3928-1.2877.4479-2.3429.9979-3.2271 1.6814l-.1363.1048-.0347-.1677c-.6411-3.0798 1.7017-5.3531 4.1514-6.1623.617-.2043 1.2903-.3614 2.0009-.4688.2671-.0393.545-.0603.8148-.0838.4514-.0341.9162-.0707 1.3357-.1938l.2484-.0734c.5957-.1728 1.154-.3378 1.7818-.4164.7-.089 1.3651-.0262 2.0116.055-.6144-.7071-1.2636-1.5059-1.5574-2.488-.0347-.1126-.0615-.2304-.0908-.3457-.0374-.1466-.0722-.2985-.1229-.4426-.0561-.1597-.1817-.3038-.3019-.4426-.0347-.0419-.0695-.0812-.1015-.1204-.0721-.0838-.1416-.1677-.2137-.254-.3072-.3615-.6225-.736-.8362-1.1655-.8068-1.6447-.8949-3.2056-.2671-4.6434 1.0231-2.3282 3.6278-3.58 4.2181-3.7634L13.4718 0l-.1736.2514c-1.261 1.8228-.3393 4.8634-.1069 5.3872.4782 1.0685.4007 2.2916-.2004 3.1872-.2057.3065-.4862.5945-.8842.9036a2.4245 2.4245 0 0 1-.1496.11c-.3045.22-.5129.3954-.4515.6599.1897.8093.8282 1.6369 1.3598 2.268.5904.6967 1.2876 1.3095 1.9581 1.904.6118.5395 1.2422 1.0947 1.7979 1.7154.1015-.495.2591-.9559.4675-1.3723a4.7523 4.7523 0 0 1 .4301-.7045c.0561-.0812.1336-.1597.2137-.2436.1443-.1519.3072-.3195.3259-.4687.171-1.2912.6973-2.4566 1.5254-3.3654.7186-.7935 1.7124-1.4404 3.1336-2.0323.8228-.343 3.4007-.736 4.0712-.736h.2057l-.1175.165c-.6038.8408-.919 1.7574-1.2476 2.7238l-.0641.1885c-.4007 1.1707-1.2876 2.014-1.9608 2.5142-.8495.6338-1.9021 1.0398-3.1282 1.2021-.5103.0681-1.1167.1231-1.7124.0157l-.0561-.0104c-.0695-.0131-.1309-.0262-.1977-.0288v.0052a8.5046 8.5046 0 0 0-.2057.2488c-.1897.2436-.3526.495-.4835.7464a4.9393 4.9393 0 0 0-.4969 1.4666l-.016.0917c-.0348.1938-.0748.4164-.0401.5971.0267.1362.0748.2697.1282.4112.0534.144.1069.2907.1389.4452.1844.9611-.024 2.0139-.6571 3.3077-.3527.7202-.7935 1.4011-1.2209 2.0585-.2137.33-.4354.6704-.6411 1.0135-.5583.9219-1.1487 2.0009-1.114 3.1559.0294.8694.2431 1.6106.6572 2.2758.3953.6286 1.2395 1.0554 1.8967 1.244.8762.2514 1.7043-.0576 2.3989-.3928l.2565-.1257c.3205-.1624.6518-.33 1.0151-.4007.0962-.0184.9483-.165 1.2449.254l.187.2645-.3099-.1047c-.2992-.0996-.5984-.1493-1.2529.2723-.1416.0917-.2698.1886-.3954.2803-.195.1466-.3953.2959-.6518.4295.0935.0131.1897.0262.2858.0366.9137.1126 1.8593.2305 2.5459.9114.3847.3876.724.804 1.0712 1.3069.2779.4059.6011.563.8629.6888.0988.0497.1924.0942.2725.1492l.3954.2645-.4729-.0759c-.6064-.0969-1.154-.3352-1.5841-.6914-.0989-.0838-.195-.165-.2912-.2488-.3874-.3326-.7534-.6495-1.2155-.8904-.4835-.2541-1.0232-.3955-1.7444-.4584-.6358-.055-1.6082-.1152-1.9609-.0733.0909.3431.1309.7386-.0988 1.1654-.1523.2776-.5156.5395-.8736.4924l-.2671-.0314.2137-.1545c.4274-.3091.5637-.6653.4248-1.1131-.0348-.1074-.0855-.2095-.1523-.33-.0427-.0759-.0641-.0785-.1683-.0916-.0294-.0053-.0614-.0079-.0988-.0131l-.1496-.0262c-.2218-.0393-.4515-.076-.6732-.1441-.4595-.1414-.9457-.4085-1.4426-.7909-.1843-.1414-.3152-.2305-.4648-.1414-.0641.0393-.1256.0786-.187.1178-.1416.0891-.2859.1807-.4381.2593a4.9237 4.9237 0 0 1-.7267.3038l-.0294.0105c-.2484.0786-.2938.0943-.3579.3221-.1176.4217.1656.8695.4675 1.1523.3392.3169.748.516 1.1781.7281l.2805.1388c.4194.2069 1.0498.516 1.0498 1.0502v.2383l-.1789-.1623c-.3393-.3065-.6946-.5055-1.1114-.6312l-.0721-.0209c-.4969-.1467-1.3864-.4112-1.7818-.7857-.1069.1204-.2431.2304-.39.3457-.3687.2959-.7534.6023-.7561 1.1418v.2698l.0107.0026Z\" fill=\"#051A26\"\/><\/g><defs><clippath id=\"a\"><path fill=\"#fff\" d=\"M0 0h42v36H0z\"\/><\/clippath><\/defs><\/svg>\n          <h5 class=\"item-title translation-block\">Vernetzte<br>Landwirtschaft<\/h5>\n          <div class=\"dropdown catalogue-dropdown dropdown-v2\">\n            <button class=\"dropbtn catalogue-agriculture-dropdown\" type=\"button\"><span class=\"dropdown-btn-label\">Herunterladen<\/span><span class=\"dropdown-btn-indicator\"><i class=\"far fa-arrow-alt-circle-down\"><\/i><\/span><\/button>\n            <div id=\"catalogue-ag-content\" class=\"dropdown-content catalogue-content\">\n\n              <!-- Liste des catalogues agriculture par langues -->\n              <a href=\"https:\/\/solem-irrigation.com\/wp-content\/uploads\/2026\/02\/CAT-AG-FR-2026_LD.pdf\" download=\"CAT Agriculture connect\u00e9e 2026 FR.pdf\"><i class=\"far fa-arrow-alt-circle-down\"><\/i>Franz\u00f6sisch<\/a>\n              <a href=\"https:\/\/solem-irrigation.com\/wp-content\/uploads\/2026\/03\/CAT-AG-EN-2026-LD.pdf\" download=\"CAT Connected Agriculture 2026 EN.pdf\"><i class=\"far fa-arrow-alt-circle-down\"><\/i>Englisch<\/a>\n              <a href=\"https:\/\/solem-irrigation.com\/wp-content\/uploads\/2026\/03\/CAT-AG-ES-2026-LD.pdf\" download=\"CAT Connected Agriculture 2026 ES.pdf\"><i class=\"far fa-arrow-alt-circle-down\"><\/i>Spanisch<\/a>\n              <a href=\"https:\/\/solem-irrigation.com\/wp-content\/uploads\/2024\/04\/CAT_DE_AG_2024-HD.pdf\" download=\"CAT Connected Agriculture 2024 DE.pdf\"><i class=\"far fa-arrow-alt-circle-down\"><\/i>Deutsch<\/a>\n\n              <!-- fin de la liste -->\n            <\/div>\n          <\/div>\n        <\/div>\n      <\/div>\n    <\/div>\n  <\/div>\n  <a class=\"range-rigth-arrow\"><i class=\"fa-solid fa-chevron-right\"><\/i><\/a>\n  <a class=\"range-left-arrow\"><i class=\"fa-solid fa-chevron-left\"><\/i><\/a>\n<\/div>\n<\/div><\/div>\n\n\n\n<div style=\"height:100px\" aria-hidden=\"true\" class=\"wp-block-spacer\"><\/div>\n\n\n\n<div class=\"wp-block-group custom-contact-group\"><div class=\"wp-block-group__inner-container is-layout-constrained wp-block-group-is-layout-constrained\">\n<div class=\"contact-container\">\n  <div class=\"contact-content\">\n    <div class=\"contact-text\">\n       <h6 class=\"contact-content-title\">Erz\u00e4hlen Sie uns von Ihren Bew\u00e4sserungsprojekten.<\/h6>\n       <a class=\"contact-content-link\" href=\"\/de\/nous-contacter\/\">Kontakt<i class=\"far fa-arrow-alt-circle-right\"><\/i><\/a>\n    <\/div>\n    <div class=\"contact-image\">\n      <img decoding=\"async\" class=\"contact-icon\" src=\"\/wp-content\/uploads\/2025\/11\/P_Contact.png\" \/>\n    <\/div>\n  <\/div>\n<\/div>\n<\/div><\/div>\n\n\n\n<div style=\"height:100px\" aria-hidden=\"true\" class=\"wp-block-spacer\"><\/div>","protected":false},"excerpt":{"rendered":"<p>Catalogues D\u00e9couvrez toute l\u2019\u00e9tenduede notre solution connect\u00e9e. Voir les gammes D\u00e9couvrez nos gammes Arrosageet jardin&hellip;<\/p>","protected":false},"author":2,"featured_media":0,"parent":0,"menu_order":0,"comment_status":"closed","ping_status":"closed","template":"","meta":{"footnotes":""},"folder":[],"class_list":["post-682","page","type-page","status-publish","hentry","has-content"],"jetpack_sharing_enabled":true,"_links":{"self":[{"href":"https:\/\/solem-irrigation.com\/de\/wp-json\/wp\/v2\/pages\/682","targetHints":{"allow":["GET"]}}],"collection":[{"href":"https:\/\/solem-irrigation.com\/de\/wp-json\/wp\/v2\/pages"}],"about":[{"href":"https:\/\/solem-irrigation.com\/de\/wp-json\/wp\/v2\/types\/page"}],"author":[{"embeddable":true,"href":"https:\/\/solem-irrigation.com\/de\/wp-json\/wp\/v2\/users\/2"}],"replies":[{"embeddable":true,"href":"https:\/\/solem-irrigation.com\/de\/wp-json\/wp\/v2\/comments?post=682"}],"version-history":[{"count":43,"href":"https:\/\/solem-irrigation.com\/de\/wp-json\/wp\/v2\/pages\/682\/revisions"}],"predecessor-version":[{"id":17274,"href":"https:\/\/solem-irrigation.com\/de\/wp-json\/wp\/v2\/pages\/682\/revisions\/17274"}],"wp:attachment":[{"href":"https:\/\/solem-irrigation.com\/de\/wp-json\/wp\/v2\/media?parent=682"}],"wp:term":[{"taxonomy":"folder","embeddable":true,"href":"https:\/\/solem-irrigation.com\/de\/wp-json\/wp\/v2\/folder?post=682"}],"curies":[{"name":"wp","href":"https:\/\/api.w.org\/{rel}","templated":true}]}}