{"id":3,"date":"2022-05-11T17:00:09","date_gmt":"2022-05-11T15:00:09","guid":{"rendered":"http:\/\/solem.com\/?page_id=3"},"modified":"2022-09-20T14:58:03","modified_gmt":"2022-09-20T12:58:03","slug":"politique-de-confidentialite","status":"publish","type":"page","link":"https:\/\/solem-irrigation.com\/de\/politique-de-confidentialite\/","title":{"rendered":"Datenschutzrichtlinie"},"content":{"rendered":"<h4 class=\"wp-block-heading\">POLITIQUE DE PROTECTION DES DONNEES PERSONNELLES<\/h4>\n\n\n\n<p>Solem s\u2019engage, dans le cadre de ses activit\u00e9s et conform\u00e9ment \u00e0 la l\u00e9gislation en vigueur en France et en Europe, \u00e0 assurer la protection, la confidentialit\u00e9 et la s\u00e9curit\u00e9 des donn\u00e9es \u00e0 caract\u00e8re personnel des utilisateurs de ses services, ainsi qu\u2019\u00e0 respecter leur vie priv\u00e9e.<\/p>\n\n\n\n<h4 class=\"wp-block-heading\">Pourquoi Solem traite vos donn\u00e9es ?<\/h4>\n\n\n\n<p>Solem ne traite les donn\u00e9es personnelles que pour des finalit\u00e9s d\u00e9termin\u00e9es, explicites et l\u00e9gitimes. Solem ne traite pas ces donn\u00e9es de mani\u00e8re incompatible avec ces finalit\u00e9s.<\/p>\n\n\n\n<h6 class=\"wp-block-heading\">1) Solem traite vos donn\u00e9es dans le cadre de l\u2019ex\u00e9cution d\u2019un contrat<\/h6>\n\n\n\n<p>A cet effet, les finalit\u00e9s poursuivies par Solem sont les suivantes :<\/p>\n\n\n\n<ul class=\"wp-block-list\"><li>Gestion, traitement et suivi des commandes<\/li><li>Cr\u00e9ation de compte<\/li><li>Cr\u00e9ation et partage de contenu<\/li><li>Cr\u00e9ation et partage de photos (donn\u00e9es compress\u00e9es)<\/li><li>Cr\u00e9ation et partage de messages audio (donn\u00e9es compress\u00e9es)<\/li><li>Notifications n\u00e9cessaires au fonctionnement des services propos\u00e9s (exemple : actim\u00e9trie, utilisation de badges)<\/li><li>G\u00e9olocalisations n\u00e9cessaires au fonctionnement des services propos\u00e9s (exemple : utilisation des fonctions BLE, WIFI, GPS, 3G)<\/li><\/ul>\n\n\n\n<p>Vos donn\u00e9es sont conserv\u00e9es pour la dur\u00e9e n\u00e9cessaire \u00e0 l\u2019accomplissement des finalit\u00e9s mentionn\u00e9es ci-dessus. S\u2019agissant des traitements relatifs \u00e0 l\u2019ex\u00e9cution du contrat, les donn\u00e9es peuvent \u00eatre conserv\u00e9es au maximum pour une dur\u00e9e de trois ans \u00e0 compter de la fin de la relation contractuelle.<\/p>\n\n\n\n<h6 class=\"wp-block-heading\">2) Solem r\u00e9alise \u00e9galement des traitements de donn\u00e9es pour d\u2019autres finalit\u00e9s que la stricte ex\u00e9cution de contrats. Dans ce cas, Solem s\u2019assure d\u2019avoir un int\u00e9r\u00eat l\u00e9gitime \u00e0 r\u00e9aliser le traitement. Par ailleurs, des traitements pourront faire l\u2019objet, autant que de besoin, du recueil de votre consentement, que vous pourrez retirer \u00e0 tout moment.<\/h6>\n\n\n\n<p>A cet effet, les finalit\u00e9s poursuivies par Solem sont les suivantes :<\/p>\n\n\n\n<ul class=\"wp-block-list\"><li>Informer via l\u2019inscription aux Newsletters<\/li><li>R\u00e9pondre aux questions, conseiller<\/li><li>R\u00e9pondre aux besoins de fonctionnement des services (Cookies).<\/li><li>Les cookies utilis\u00e9s par Solem servent uniquement au maintien de la session utilisateur apr\u00e8s son authentification. Il s\u2019agit exclusivement de cookies de fonctionnement, qui peuvent toutefois \u00eatre refus\u00e9s en configurant les param\u00e8tres de votre navigateur.<\/li><\/ul>\n\n\n\n<p>Vos donn\u00e9es sont conserv\u00e9es pour la dur\u00e9e n\u00e9cessaire \u00e0 l\u2019accomplissement des finalit\u00e9s mentionn\u00e9es ci-dessus.<\/p>\n\n\n\n<h4 class=\"wp-block-heading\">Quelles sont les donn\u00e9es trait\u00e9es ?<\/h4>\n\n\n\n<p>Selon le cas, Solem traite vos donn\u00e9es personnelles, directement collect\u00e9es aupr\u00e8s de vous ou r\u00e9sultant de l\u2019utilisation des produits ou services.<br>Solem ne traite une donn\u00e9e ou une cat\u00e9gorie de donn\u00e9es que si elle est strictement n\u00e9cessaire \u00e0 la finalit\u00e9 poursuivie.<br><br>Solem traite les cat\u00e9gories de donn\u00e9es suivantes :<\/p>\n\n\n\n<ul class=\"wp-block-list\"><li>Donn\u00e9es d\u2019identification : Nom, pr\u00e9nom\u2026<\/li><li>Caract\u00e9ristiques personnelles : date de naissance<\/li><li>Donn\u00e9es de contact : adresse postale, email, num\u00e9ro de t\u00e9l\u00e9phone\u2026<\/li><li>Donn\u00e9es \u00e9conomiques et financi\u00e8res : moyens de paiement, historique des paiements\u2026<\/li><li>Donn\u00e9es de connexion, d\u2019usage des services et d\u2019interaction<\/li><li>Produits et services d\u00e9tenus ou utilis\u00e9s et contenus associ\u00e9s<\/li><li>Donn\u00e9es de localisation<\/li><\/ul>\n\n\n\n<h4 class=\"wp-block-heading\">Quels sont les destinataires de vos donn\u00e9es ?<\/h4>\n\n\n\n<p>Les donn\u00e9es collect\u00e9es sont destin\u00e9es aux services en ligne de Solem et aux services internes de Solem (selon conditions contractuelles).<\/p>\n\n\n\n<h4 class=\"wp-block-heading\">Quels sont vos droits ?<\/h4>\n\n\n\n<p>Vous disposez d\u2019un droit d\u2019acc\u00e8s, de modification, d\u2019oubli num\u00e9rique et de suppression des donn\u00e9es qui vous concernent. Vous pouvez demander la portabilit\u00e9 de ces derni\u00e8res. Vous avez \u00e9galement le droit de vous opposer aux traitements r\u00e9alis\u00e9s ou d\u2019en demander la limitation.<\/p>\n\n\n\n<h4 class=\"wp-block-heading\">Comment exercer vos droits ?<\/h4>\n\n\n\n<p>Vous pouvez exercer vos droits \u00e0 tout moment en contactant le D\u00e9l\u00e9gu\u00e9 \u00e0 la Protection des Donn\u00e9es personnelles : dpo@solem.fr<\/p>\n\n\n\n<h4 class=\"wp-block-heading\">Comment vos donn\u00e9es sont-elles s\u00e9curis\u00e9es ?<\/h4>\n\n\n\n<p>SOLEM s\u2019assure que vos donn\u00e9es sont trait\u00e9es en toute s\u00e9curit\u00e9 et confidentialit\u00e9, y compris lorsque certaines op\u00e9rations sont r\u00e9alis\u00e9es par des partenaires.<br>A cet effet, SOLEM a mis en \u0153uvre les mesures organisationnelles appropri\u00e9es afin de pr\u00e9server la confidentialit\u00e9 et la vie priv\u00e9e des personnes concern\u00e9es.<br>Ces mesures sont adapt\u00e9es selon le niveau de sensibilit\u00e9 des donn\u00e9es trait\u00e9es et selon le niveau de risque que pr\u00e9sente le traitement ou sa mise en \u0153uvre. Ces mesures pr\u00e9servent d\u2019\u00e9viter la perte, la mauvaise utilisation, la modification et la suppression des donn\u00e9es personnelles concern\u00e9es.<br>SOLEM garantit la s\u00e9curisation des donn\u00e9es et serveurs, l\u2019accessibilit\u00e9 ainsi que la maintenance \u00e9volutive et corrective aux services associ\u00e9s. SOLEM assure l\u2019int\u00e9grit\u00e9 des sauvegardes partitionn\u00e9es.<br>Les demandes ou requ\u00eates clients se font directement \u00e0 l\u2019adresse dpo@solem.fr.<\/p>\n\n\n\n<h4 class=\"wp-block-heading\">INFORMATIONS LEGALES<\/h4>\n\n\n\n<p>SOLEM SAS<br>ZAE La plaine<br>5, rue Georges BESSE<br>34830 CLAPIERS<br>contact@solem.fr<br>+33 (0)4 67 59 24 25<\/p>\n\n\n\n<p>SAS au capital de 337 088 \u20ac<br>RCS Montpellier B 329.605.760<br>Num\u00e9ro TVA intracommunautaire : FR68 329 605 760<\/p>\n\n\n\n<p>Directeur de publication : M. Fr\u00e9d\u00e9ric COMTE<br>L\u2019h\u00e9bergement des sites et des plateformes est g\u00e9r\u00e9 par SOLEM.<\/p>","protected":false},"excerpt":{"rendered":"<p>POLITIQUE DE PROTECTION DES DONNEES PERSONNELLES Solem s\u2019engage, dans le cadre de ses activit\u00e9s et&hellip;<\/p>","protected":false},"author":1,"featured_media":0,"parent":0,"menu_order":0,"comment_status":"closed","ping_status":"open","template":"","meta":{"footnotes":""},"folder":[],"class_list":["post-3","page","type-page","status-publish","hentry","has-content"],"jetpack_sharing_enabled":true,"_links":{"self":[{"href":"https:\/\/solem-irrigation.com\/de\/wp-json\/wp\/v2\/pages\/3","targetHints":{"allow":["GET"]}}],"collection":[{"href":"https:\/\/solem-irrigation.com\/de\/wp-json\/wp\/v2\/pages"}],"about":[{"href":"https:\/\/solem-irrigation.com\/de\/wp-json\/wp\/v2\/types\/page"}],"author":[{"embeddable":true,"href":"https:\/\/solem-irrigation.com\/de\/wp-json\/wp\/v2\/users\/1"}],"replies":[{"embeddable":true,"href":"https:\/\/solem-irrigation.com\/de\/wp-json\/wp\/v2\/comments?post=3"}],"version-history":[{"count":1,"href":"https:\/\/solem-irrigation.com\/de\/wp-json\/wp\/v2\/pages\/3\/revisions"}],"predecessor-version":[{"id":1427,"href":"https:\/\/solem-irrigation.com\/de\/wp-json\/wp\/v2\/pages\/3\/revisions\/1427"}],"wp:attachment":[{"href":"https:\/\/solem-irrigation.com\/de\/wp-json\/wp\/v2\/media?parent=3"}],"wp:term":[{"taxonomy":"folder","embeddable":true,"href":"https:\/\/solem-irrigation.com\/de\/wp-json\/wp\/v2\/folder?post=3"}],"curies":[{"name":"wp","href":"https:\/\/api.w.org\/{rel}","templated":true}]}}