{"id":292,"date":"2022-05-20T15:38:25","date_gmt":"2022-05-20T13:38:25","guid":{"rendered":"http:\/\/solem.com\/?page_id=292"},"modified":"2024-06-18T14:23:18","modified_gmt":"2024-06-18T12:23:18","slug":"plateforme","status":"publish","type":"page","link":"https:\/\/solem-irrigation.com\/de\/plateforme\/","title":{"rendered":"Plattform"},"content":{"rendered":"<div id=\"first-element\" class=\"wp-block-group column-icon-group\"><div class=\"wp-block-group__inner-container is-layout-flow wp-block-group-is-layout-flow\">\n<h4 class=\"wp-block-heading has-text-align-center\"><span>Vorteile<\/span><br>Eine kostenlose Plattform zu Ihren Diensten<\/h4>\n\n\n\n<div class=\"wp-block-columns is-layout-flex wp-container-core-columns-is-layout-9d6595d7 wp-block-columns-is-layout-flex\">\n<div class=\"wp-block-column is-layout-flow wp-block-column-is-layout-flow\"><div class=\"wp-block-image\">\n<figure class=\"aligncenter size-full is-resized\"><img loading=\"lazy\" decoding=\"async\" width=\"213\" height=\"212\" src=\"https:\/\/solem-irrigation.com\/wp-content\/uploads\/2022\/07\/Picto_fonctionnalite\u0301s-expertes.png\" alt=\"\" class=\"wp-image-1711\" style=\"width:106px;height:106px\"\/><\/figure>\n<\/div>\n\n\n<p class=\"has-text-align-center title\"><strong>EXPERTENFUNKTIONEN<\/strong><\/p>\n\n\n\n<p class=\"has-text-align-center args translation-block\">Erleichtern Sie sich das Leben mithilfe von Funktionen, die speziell auf Ihre Branche zugeschnitten sind.<\/p>\n<\/div>\n\n\n\n<div class=\"wp-block-column is-layout-flow wp-block-column-is-layout-flow\"><div class=\"wp-block-image\">\n<figure class=\"aligncenter size-large is-resized\"><img decoding=\"async\" src=\"https:\/\/solem-irrigation.com\/wp-content\/uploads\/2022\/06\/Picto_plateforme_Plan-de-travail-22-copie-4.png\" alt=\"\" style=\"width:106px;height:106px\"\/><\/figure>\n<\/div>\n\n\n<p class=\"has-text-align-center title\"><strong>INTUITIVE BENUTZEROBERFL\u00c4CHE<\/strong><\/p>\n\n\n\n<p class=\"has-text-align-center args\">Umfassende und einfach zu bedienende Plattform speziell f\u00fcr Berufst\u00e4tige.<\/p>\n<\/div>\n\n\n\n<div class=\"wp-block-column is-layout-flow wp-block-column-is-layout-flow\"><div class=\"wp-block-image\">\n<figure class=\"aligncenter size-large is-resized\"><img decoding=\"async\" src=\"https:\/\/solem-irrigation.com\/wp-content\/uploads\/2022\/06\/Picto_plateforme_Plan-de-travail-22-copie-8.png\" alt=\"\" style=\"width:106px;height:106px\"\/><\/figure>\n<\/div>\n\n\n<p class=\"has-text-align-center title\"><strong>FERNSTEUERUNG<\/strong> <strong>DISTANCE<\/strong><\/p>\n\n\n\n<p class=\"has-text-align-center args\">Programmieren Sie Ihre Installationen in wenigen Sekunden aus der Ferne.<\/p>\n<\/div>\n<\/div>\n<\/div><\/div>\n\n\n\n<div style=\"height:30px\" aria-hidden=\"true\" class=\"wp-block-spacer\"><\/div>\n\n\n\n<div class=\"wp-block-group alignfull features-group\"><div class=\"wp-block-group__inner-container is-layout-flow wp-block-group-is-layout-flow\">\n<h4 class=\"wp-block-heading alignfull has-text-align-center\">Funktionen<\/h4>\n\n\n\n<div class=\"wp-block-columns alignfull are-vertically-aligned-center features-columns is-layout-flex wp-container-core-columns-is-layout-9d6595d7 wp-block-columns-is-layout-flex\">\n<div class=\"wp-block-column is-vertically-aligned-center features-left is-layout-flow wp-block-column-is-layout-flow\">\n<div class=\"wp-block-columns feature active is-layout-flex wp-container-core-columns-is-layout-9d6595d7 wp-block-columns-is-layout-flex\">\n<div class=\"wp-block-column platform-feature is-layout-flow wp-block-column-is-layout-flow\"><div class=\"wp-block-image feature-icon\">\n<figure class=\"aligncenter size-large\"><img decoding=\"async\" src=\"https:\/\/solem-irrigation.com\/wp-content\/uploads\/2022\/06\/Picto_plateforme_produits.png\" alt=\"\"\/><\/figure>\n<\/div>\n\n\n<h6 class=\"wp-block-heading has-text-align-right\"><a data-content=\"https:\/\/solem-irrigation.com\/wp-content\/uploads\/2024\/06\/PRODUITS.jpg\" data-content-en=\"https:\/\/solem-irrigation.com\/wp-content\/uploads\/2024\/06\/PRODUITS_EN.jpg\">Verwaltung Ihrer Produkte<\/a><\/h6>\n\n\n\n<p class=\"has-text-align-right\">Verwalten Sie Ihre Steuerger\u00e4te: Programmierungen, manuelle Befehle, Ein-\/Aus-Befehle, Waterbudget usw.<\/p>\n<\/div>\n<\/div>\n\n\n\n<div class=\"wp-block-columns feature is-layout-flex wp-container-core-columns-is-layout-9d6595d7 wp-block-columns-is-layout-flex\">\n<div class=\"wp-block-column platform-feature is-layout-flow wp-block-column-is-layout-flow\"><div class=\"wp-block-image feature-icon\">\n<figure class=\"aligncenter size-large\"><img decoding=\"async\" src=\"https:\/\/solem-irrigation.com\/wp-content\/uploads\/2022\/06\/Picto_releve\u0301s-sondes.png\" alt=\"\"\/><\/figure>\n<\/div>\n\n\n<h6 class=\"wp-block-heading has-text-align-right\"><a data-content=\"https:\/\/solem-irrigation.com\/wp-content\/uploads\/2023\/03\/Sondes.jpg\" data-content-en=\"https:\/\/solem-irrigation.com\/wp-content\/uploads\/2024\/06\/STATION_EN.jpg\">Visualisierung der Daten Ihrer Sonden<\/a><\/h6>\n\n\n\n<p class=\"has-text-align-right\">Sehen Sie auf einen Blick die Daten Ihrer Sensoren, legen Sie die Min-\/Max-Schwellenwerte f\u00fcr Ihre Sonden fest und lassen Sie sich bei \u00dcberschreitung der Schwellenwerte per Push-Benachrichtigung und E-Mail benachrichtigen.<\/p>\n<\/div>\n<\/div>\n\n\n\n<div class=\"wp-block-columns feature is-layout-flex wp-container-core-columns-is-layout-9d6595d7 wp-block-columns-is-layout-flex\">\n<div class=\"wp-block-column platform-feature is-layout-flow wp-block-column-is-layout-flow\"><div class=\"wp-block-image feature-icon\">\n<figure class=\"aligncenter size-large\"><img decoding=\"async\" src=\"https:\/\/solem-irrigation.com\/wp-content\/uploads\/2022\/06\/Picto_plateforme_historique-evenements.png\" alt=\"\" title=\"\"\/><\/figure>\n<\/div>\n\n\n<h6 class=\"wp-block-heading has-text-align-right\"><a data-content=\"https:\/\/solem-irrigation.com\/wp-content\/uploads\/2023\/03\/Event.jpg\" data-content-en=\"https:\/\/solem-irrigation.com\/wp-content\/uploads\/2024\/06\/ALERTES_EN.jpg\">Verlauf der Ereignisse<\/a><\/h6>\n\n\n\n<p class=\"has-text-align-right\">Sehen Sie den Verlauf von Ereignissen auf einen Blick: Einschalten von Ger\u00e4ten, manuelle Befehle, \u00c4nderung der Programmierung usw.<\/p>\n<\/div>\n<\/div>\n\n\n\n<div class=\"wp-block-columns feature is-layout-flex wp-container-core-columns-is-layout-9d6595d7 wp-block-columns-is-layout-flex\">\n<div class=\"wp-block-column platform-feature is-layout-flow wp-block-column-is-layout-flow\"><div class=\"wp-block-image feature-icon\">\n<figure class=\"aligncenter size-large\"><img decoding=\"async\" src=\"https:\/\/solem-irrigation.com\/wp-content\/uploads\/2022\/06\/Picto_plateforme_moteur-de-recherche.png\" alt=\"\"\/><\/figure>\n<\/div>\n\n\n<h6 class=\"wp-block-heading has-text-align-right\"><a data-content=\"https:\/\/solem-irrigation.com\/wp-content\/uploads\/2023\/03\/Recherche.jpg\" data-content-en=\"https:\/\/solem-irrigation.com\/wp-content\/uploads\/2024\/06\/RECHERCHE_EN.jpg\">Suchmaschine<\/a><\/h6>\n\n\n\n<p class=\"has-text-align-right\">Profitieren Sie von einer leistungsstarken internen Suchmaschine, die Ihnen Zeit spart: Suchen Sie nach Kunden, Produkten, Canopy-Websites und Clusters.<\/p>\n<\/div>\n<\/div>\n<\/div>\n\n\n\n<div class=\"wp-block-column is-vertically-aligned-center feature-image-column is-layout-flow wp-block-column-is-layout-flow\"><div class=\"wp-block-image\">\n<figure class=\"aligncenter size-full\"><img loading=\"lazy\" decoding=\"async\" width=\"1428\" height=\"1193\" src=\"https:\/\/solem-irrigation.com\/wp-content\/uploads\/2024\/06\/PRODUITS.jpg\" alt=\"\" class=\"wp-image-8487\"\/><\/figure>\n<\/div><\/div>\n\n\n\n<div class=\"wp-block-column is-vertically-aligned-center features-right is-layout-flow wp-block-column-is-layout-flow\">\n<div class=\"wp-block-columns feature is-layout-flex wp-container-core-columns-is-layout-9d6595d7 wp-block-columns-is-layout-flex\">\n<div class=\"wp-block-column platform-feature is-layout-flow wp-block-column-is-layout-flow\"><div class=\"wp-block-image feature-icon\">\n<figure class=\"aligncenter size-large\"><img decoding=\"async\" src=\"https:\/\/solem-irrigation.com\/wp-content\/uploads\/2022\/06\/Picto_plateforme_canopy.png\" alt=\"\" title=\"feature-icon\"\/><\/figure>\n<\/div>\n\n\n<h6 class=\"wp-block-heading\"><a data-content=\"https:\/\/solem-irrigation.com\/wp-content\/uploads\/2024\/06\/MAP-1.jpg\" data-content-en=\"https:\/\/solem-irrigation.com\/wp-content\/uploads\/2024\/06\/MAP-EN.jpg\">Erstellung von CANOPY-Websites<\/a><\/h6>\n\n\n\n<p>Gruppieren Sie Ihre Produkte in Standorte und Unterstandorte: Erteilen Sie Benutzerzug\u00e4nge pro Standort und visualisieren Sie den Wasserverbrauch pro Standort und als Ganzes.<\/p>\n<\/div>\n<\/div>\n\n\n\n<div class=\"wp-block-columns feature is-layout-flex wp-container-core-columns-is-layout-9d6595d7 wp-block-columns-is-layout-flex\">\n<div class=\"wp-block-column platform-feature is-layout-flow wp-block-column-is-layout-flow\"><div class=\"wp-block-image feature-icon\">\n<figure class=\"aligncenter size-large\"><img decoding=\"async\" src=\"https:\/\/solem-irrigation.com\/wp-content\/uploads\/2022\/06\/Picto_plateforme_tableau-de-bord.png\" alt=\"\"\/><\/figure>\n<\/div>\n\n\n<h6 class=\"wp-block-heading\"><a data-content=\"https:\/\/solem-irrigation.com\/wp-content\/uploads\/2024\/06\/DASHBOARD.jpg\" data-content-en=\"https:\/\/solem-irrigation.com\/wp-content\/uploads\/2024\/06\/DASHBOARD-EN.jpg\">Dashboard<\/a><\/h6>\n\n\n\n<p>Sehen Sie auf einen Blick und in Echtzeit den Betriebsstatus Ihrer Anlagen: Verbindungsstatus der Produkte, Batteriestatus, \u00fcberschrittene Schwellenwerte, t\u00e4glicher Wasserverbrauch und Lecks.<\/p>\n<\/div>\n<\/div>\n\n\n\n<div class=\"wp-block-columns feature is-layout-flex wp-container-core-columns-is-layout-9d6595d7 wp-block-columns-is-layout-flex\">\n<div class=\"wp-block-column platform-feature is-layout-flow wp-block-column-is-layout-flow\"><div class=\"wp-block-image feature-icon\">\n<figure class=\"aligncenter size-large\"><img decoding=\"async\" src=\"https:\/\/solem-irrigation.com\/wp-content\/uploads\/2022\/06\/Picto_plateforme_cluster.png\" alt=\"\"\/><\/figure>\n<\/div>\n\n\n<h6 class=\"wp-block-heading\"><a data-content=\"https:\/\/solem-irrigation.com\/wp-content\/uploads\/2024\/06\/CLUSTER.jpg\" data-content-en=\"https:\/\/solem-irrigation.com\/wp-content\/uploads\/2024\/06\/CLUSTER-EN.jpg\">Cluster erstellen<\/a><\/h6>\n\n\n\n<p>Fassen Sie alle Stationen Ihrer Steuerger\u00e4te in einem Prim\u00e4rnetz zusammen, um sie nur auf einem Bildschirm zu sehen: Sehen Sie alle Ihre Programmierungen auf einen Blick.<\/p>\n<\/div>\n<\/div>\n\n\n\n<div class=\"wp-block-columns feature is-layout-flex wp-container-core-columns-is-layout-9d6595d7 wp-block-columns-is-layout-flex\">\n<div class=\"wp-block-column platform-feature is-layout-flow wp-block-column-is-layout-flow\"><div class=\"wp-block-image feature-icon\">\n<figure class=\"aligncenter size-large\"><img decoding=\"async\" src=\"https:\/\/solem-irrigation.com\/wp-content\/uploads\/2022\/06\/Picto_plateforme_compte-client.png\" alt=\"\"\/><\/figure>\n<\/div>\n\n\n<h6 class=\"wp-block-heading\"><a data-content=\"https:\/\/solem-irrigation.com\/wp-content\/uploads\/2024\/06\/CLIENTS_FR.jpg\" data-content-en=\"https:\/\/solem-irrigation.com\/wp-content\/uploads\/2024\/06\/CLIENT-EN.jpg\">Verwaltung von Kundenkonten<\/a><\/h6>\n\n\n\n<p class=\"has-text-align-left\">Mit der Professional-Funktion f\u00fcgen Sie Ihre Kunden hinzu und verwalten deren Produkte.<\/p>\n<\/div>\n<\/div>\n<\/div>\n<\/div>\n<\/div><\/div>\n\n\n\n<div class=\"wp-block-group mobile-custom-slider\"><div class=\"wp-block-group__inner-container is-layout-flow wp-block-group-is-layout-flow\">\n<div class=\"wp-block-columns slide active is-layout-flex wp-container-core-columns-is-layout-9d6595d7 wp-block-columns-is-layout-flex\">\n<div class=\"wp-block-column is-layout-flow wp-block-column-is-layout-flow\">\n<figure class=\"wp-block-image size-full\"><img loading=\"lazy\" decoding=\"async\" width=\"1428\" height=\"1193\" src=\"https:\/\/solem-irrigation.com\/wp-content\/uploads\/2024\/06\/PRODUITS_EN.jpg\" alt=\"\" class=\"wp-image-8486\"\/><\/figure>\n<\/div>\n\n\n\n<div class=\"wp-block-column is-vertically-aligned-center slide-description is-layout-flow wp-block-column-is-layout-flow\">\n<h4 class=\"wp-block-heading\">Verwaltung Ihrer Produkte<\/h4>\n\n\n\n<p>Verwalten Sie Ihre Steuerger\u00e4te: Programmierungen, manuelle Befehle, Ein-\/Aus-Befehle, Waterbudget usw.<\/p>\n<\/div>\n<\/div>\n\n\n\n<div class=\"wp-block-columns slide is-layout-flex wp-container-core-columns-is-layout-9d6595d7 wp-block-columns-is-layout-flex\">\n<div class=\"wp-block-column is-layout-flow wp-block-column-is-layout-flow\">\n<figure class=\"wp-block-image size-full\"><img loading=\"lazy\" decoding=\"async\" width=\"1428\" height=\"1212\" src=\"https:\/\/solem-irrigation.com\/wp-content\/uploads\/2023\/03\/Sondes.jpg\" alt=\"\" class=\"wp-image-4785\"\/><\/figure>\n<\/div>\n\n\n\n<div class=\"wp-block-column is-vertically-aligned-center slide-description is-layout-flow wp-block-column-is-layout-flow\">\n<h4 class=\"wp-block-heading\">Visualisierung der Daten Ihrer Sonden<\/h4>\n\n\n\n<p>Sehen Sie auf einen Blick die Daten Ihrer Sensoren, legen Sie die Min-\/Max-Schwellenwerte f\u00fcr Ihre Sonden fest und lassen Sie sich bei \u00dcberschreitung der Schwellenwerte per Push-Benachrichtigung und E-Mail benachrichtigen.<\/p>\n<\/div>\n<\/div>\n\n\n\n<div class=\"wp-block-columns slide is-layout-flex wp-container-core-columns-is-layout-9d6595d7 wp-block-columns-is-layout-flex\">\n<div class=\"wp-block-column is-layout-flow wp-block-column-is-layout-flow\">\n<figure class=\"wp-block-image size-full\"><img loading=\"lazy\" decoding=\"async\" width=\"1428\" height=\"1212\" src=\"https:\/\/solem-irrigation.com\/wp-content\/uploads\/2023\/03\/Event.jpg\" alt=\"\" class=\"wp-image-4782\"\/><\/figure>\n<\/div>\n\n\n\n<div class=\"wp-block-column is-vertically-aligned-center slide-description is-layout-flow wp-block-column-is-layout-flow\">\n<h4 class=\"wp-block-heading\">Verlauf der Ereignisse<\/h4>\n\n\n\n<p>Sehen Sie den Verlauf von Ereignissen auf einen Blick: Einschalten von Ger\u00e4ten, manuelle Befehle, \u00c4nderung der Programmierung usw.<\/p>\n<\/div>\n<\/div>\n\n\n\n<div class=\"wp-block-columns slide is-layout-flex wp-container-core-columns-is-layout-9d6595d7 wp-block-columns-is-layout-flex\">\n<div class=\"wp-block-column is-layout-flow wp-block-column-is-layout-flow\">\n<figure class=\"wp-block-image size-full\"><img loading=\"lazy\" decoding=\"async\" width=\"1428\" height=\"1212\" src=\"https:\/\/solem-irrigation.com\/wp-content\/uploads\/2023\/03\/Recherche.jpg\" alt=\"\" class=\"wp-image-4784\"\/><\/figure>\n<\/div>\n\n\n\n<div class=\"wp-block-column is-vertically-aligned-center slide-description is-layout-flow wp-block-column-is-layout-flow\">\n<h4 class=\"wp-block-heading\">Suchmaschine<\/h4>\n\n\n\n<p>Profitieren Sie von einer leistungsstarken internen Suchmaschine, die Ihnen Zeit spart: Suchen Sie nach Kunden, Produkten, Canopy-Websites und Clusters.<\/p>\n<\/div>\n<\/div>\n\n\n\n<div class=\"wp-block-columns slide is-layout-flex wp-container-core-columns-is-layout-9d6595d7 wp-block-columns-is-layout-flex\">\n<div class=\"wp-block-column is-layout-flow wp-block-column-is-layout-flow\">\n<figure class=\"wp-block-image size-full\"><img loading=\"lazy\" decoding=\"async\" width=\"1428\" height=\"1193\" src=\"https:\/\/solem-irrigation.com\/wp-content\/uploads\/2024\/06\/MAP-1.jpg\" alt=\"\" class=\"wp-image-8442\"\/><\/figure>\n<\/div>\n\n\n\n<div class=\"wp-block-column is-vertically-aligned-center slide-description is-layout-flow wp-block-column-is-layout-flow\">\n<h4 class=\"wp-block-heading\">Erstellung von CANOPY-Websites<\/h4>\n\n\n\n<p>Gruppieren Sie Ihre Produkte in Standorte und Unterstandorte: Erteilen Sie Benutzerzug\u00e4nge pro Standort und visualisieren Sie den Wasserverbrauch pro Standort und als Ganzes.<\/p>\n<\/div>\n<\/div>\n\n\n\n<div class=\"wp-block-columns slide is-layout-flex wp-container-core-columns-is-layout-9d6595d7 wp-block-columns-is-layout-flex\">\n<div class=\"wp-block-column is-layout-flow wp-block-column-is-layout-flow\">\n<figure class=\"wp-block-image size-full\"><img decoding=\"async\" src=\"https:\/\/solem-irrigation.com\/wp-content\/uploads\/2023\/03\/Dashboard.jpg\" alt=\"\" class=\"wp-image-4781\"\/><\/figure>\n<\/div>\n\n\n\n<div class=\"wp-block-column is-vertically-aligned-center slide-description is-layout-flow wp-block-column-is-layout-flow\">\n<h4 class=\"wp-block-heading\">Dashboard<\/h4>\n\n\n\n<p>Sehen Sie auf einen Blick und in Echtzeit den Betriebsstatus Ihrer Anlagen: Verbindungsstatus der Produkte, Batteriestatus, \u00fcberschrittene Schwellenwerte, t\u00e4glicher Wasserverbrauch und Lecks.<\/p>\n<\/div>\n<\/div>\n\n\n\n<div class=\"wp-block-columns slide is-layout-flex wp-container-core-columns-is-layout-9d6595d7 wp-block-columns-is-layout-flex\">\n<div class=\"wp-block-column is-layout-flow wp-block-column-is-layout-flow\">\n<figure class=\"wp-block-image size-full\"><img decoding=\"async\" src=\"https:\/\/solem-irrigation.com\/wp-content\/uploads\/2023\/03\/Cluster.jpg\" alt=\"\" class=\"wp-image-4779\"\/><\/figure>\n<\/div>\n\n\n\n<div class=\"wp-block-column is-vertically-aligned-center slide-description is-layout-flow wp-block-column-is-layout-flow\">\n<h4 class=\"wp-block-heading\">Cluster erstellen<\/h4>\n\n\n\n<p>Regroupez toutes les stations de vos programmateurs d\u2019un m\u00eame r\u00e9seau primaire pour ne les voir que sur un seul et m\u00eame \u00e9cran : visualisez toutes vos programmations en un clin d\u2019oeil.<\/p>\n<\/div>\n<\/div>\n\n\n\n<div class=\"wp-block-columns slide is-layout-flex wp-container-core-columns-is-layout-9d6595d7 wp-block-columns-is-layout-flex\">\n<div class=\"wp-block-column is-layout-flow wp-block-column-is-layout-flow\">\n<figure class=\"wp-block-image size-full\"><img loading=\"lazy\" decoding=\"async\" width=\"1428\" height=\"1193\" src=\"https:\/\/solem-irrigation.com\/wp-content\/uploads\/2024\/06\/CLIENTS_FR.jpg\" alt=\"\" class=\"wp-image-8424\"\/><\/figure>\n<\/div>\n\n\n\n<div class=\"wp-block-column is-vertically-aligned-center slide-description is-layout-flow wp-block-column-is-layout-flow\">\n<h4 class=\"wp-block-heading\">Verwaltung von Kundenkonten<\/h4>\n\n\n\n<p>Mit der Professional-Funktion f\u00fcgen Sie Ihre Kunden hinzu und verwalten deren Produkte.<\/p>\n<\/div>\n<\/div>\n\n\n\n<div class=\"wp-block-group slide-indicators-group\"><div class=\"wp-block-group__inner-container is-layout-flow wp-block-group-is-layout-flow\"><\/div><\/div>\n<\/div><\/div>\n\n\n\n<div style=\"height:50px\" aria-hidden=\"true\" class=\"wp-block-spacer\"><\/div>","protected":false},"excerpt":{"rendered":"<p>B\u00e9n\u00e9ficesUne plateforme gratuite \u00e0 votre service FONCTIONNALIT\u00c9S EXPERTES Simplifiez vous la vie \u00e0 l&#8217;aide de&hellip;<\/p>","protected":false},"author":1,"featured_media":0,"parent":0,"menu_order":0,"comment_status":"closed","ping_status":"closed","template":"","meta":{"footnotes":""},"folder":[],"class_list":["post-292","page","type-page","status-publish","hentry","has-content"],"jetpack_sharing_enabled":true,"_links":{"self":[{"href":"https:\/\/solem-irrigation.com\/de\/wp-json\/wp\/v2\/pages\/292","targetHints":{"allow":["GET"]}}],"collection":[{"href":"https:\/\/solem-irrigation.com\/de\/wp-json\/wp\/v2\/pages"}],"about":[{"href":"https:\/\/solem-irrigation.com\/de\/wp-json\/wp\/v2\/types\/page"}],"author":[{"embeddable":true,"href":"https:\/\/solem-irrigation.com\/de\/wp-json\/wp\/v2\/users\/1"}],"replies":[{"embeddable":true,"href":"https:\/\/solem-irrigation.com\/de\/wp-json\/wp\/v2\/comments?post=292"}],"version-history":[{"count":76,"href":"https:\/\/solem-irrigation.com\/de\/wp-json\/wp\/v2\/pages\/292\/revisions"}],"predecessor-version":[{"id":16010,"href":"https:\/\/solem-irrigation.com\/de\/wp-json\/wp\/v2\/pages\/292\/revisions\/16010"}],"wp:attachment":[{"href":"https:\/\/solem-irrigation.com\/de\/wp-json\/wp\/v2\/media?parent=292"}],"wp:term":[{"taxonomy":"folder","embeddable":true,"href":"https:\/\/solem-irrigation.com\/de\/wp-json\/wp\/v2\/folder?post=292"}],"curies":[{"name":"wp","href":"https:\/\/api.w.org\/{rel}","templated":true}]}}