{"id":15916,"date":"2025-12-22T09:40:37","date_gmt":"2025-12-22T08:40:37","guid":{"rendered":"https:\/\/solem-irrigation.com\/?page_id=15916"},"modified":"2026-03-25T14:37:37","modified_gmt":"2026-03-25T13:37:37","slug":"application-mysolem","status":"publish","type":"page","link":"https:\/\/solem-irrigation.com\/de\/application-mysolem\/","title":{"rendered":"MySOLEM-App"},"content":{"rendered":"<div class=\"wp-block-group alignfull page-custom-banner app-page-header\"><div class=\"wp-block-group__inner-container is-layout-constrained wp-block-group-is-layout-constrained\">\n<div class=\"custom-banner-container\" style=\"background-image: url(\/wp-content\/uploads\/2025\/12\/B-App.jpg); background-size: cover; background-position: center;\">\n  <div class=\"custom-banner-caption\">\n    <img decoding=\"async\" class=\"custom-banner-logo\" src=\"\/wp-content\/uploads\/2025\/11\/MySOLEM-App-ratings.png\" \/>\n    <h3 class=\"custom-banner-title\">MySOLEM-App<\/h3>\n    <h5 class=\"custom-banner-text translation-block\">Steuern Sie Ihre Bew\u00e4sserung ganz einfach<br>aus der Ferne.<\/h5>\n    <div class=\"custom-banner-app-links\">\n      <a class=\"app-link\" href=\"https:\/\/play.google.com\/store\/apps\/details?id=fr.solem.solemwf\" target=\"_blank\">Android<i class=\"far fa-arrow-alt-circle-right\"><\/i><\/a>\n      <a class=\"app-link\" href=\"https:\/\/apps.apple.com\/fr\/app\/mysolem\/id626680713\" target=\"_blank\">iOS<i class=\"far fa-arrow-alt-circle-right\"><\/i><\/a>\n    <\/div>\n  <\/div>\n<\/div>\n<div class=\"custom-banner-container custom-mobile-banner-container\" style=\"background-image: url(\/wp-content\/uploads\/2025\/12\/B_App-mobile.png); background-size: cover; background-position: center;\">\n  <div class=\"custom-banner-caption\">\n    <img decoding=\"async\" class=\"custom-banner-logo\" src=\"\/wp-content\/uploads\/2025\/11\/MySOLEM-App-ratings.png\" \/>\n    <h3 class=\"custom-banner-title\">MySOLEM-App<\/h3>\n    <h5 class=\"custom-banner-text translation-block\">Steuern Sie Ihre Bew\u00e4sserung ganz einfach<br>aus der Ferne.<\/h5>\n    <div class=\"custom-banner-app-links\">\n      <a class=\"app-link\" href=\"https:\/\/play.google.com\/store\/apps\/details?id=fr.solem.solemwf\" target=\"_blank\">Android<i class=\"far fa-arrow-alt-circle-right\"><\/i><\/a>\n      <a class=\"app-link\" href=\"https:\/\/apps.apple.com\/fr\/app\/mysolem\/id626680713\" target=\"_blank\">iOS<i class=\"far fa-arrow-alt-circle-right\"><\/i><\/a>\n    <\/div>\n  <\/div>\n<\/div>\n<\/div><\/div>\n\n\n\n<div class=\"wp-block-group my-solem-spec-group custom-carousel-group\"><div class=\"wp-block-group__inner-container is-layout-constrained wp-block-group-is-layout-constrained\">\n<div class=\"range-carousel-content\">\n  <div class=\"range-carousel range-columns\">\n    <div class=\"range-carousel-track\">\n      <div class=\"range-carousel-item custom-info-carousel\">\n        <img decoding=\"async\" class=\"info-logo\" src=\"\/wp-content\/uploads\/2025\/12\/P_free.png\"\/>\n        <h5 class=\"item-title\">Kostenlose App<\/h5>\n        <p class=\"item-text\">Alle Funktionen und regelm\u00e4\u00dfige Updates \u2013 kostenlos.<\/span><\/p>\n      <\/div>\n      <div class=\"range-carousel-item custom-info-carousel\">\n        <img decoding=\"async\" class=\"info-logo\" src=\"\/wp-content\/uploads\/2025\/12\/P_intuitif.png\"\/>\n        <h5 class=\"item-title\">Intuitive Benutzeroberfl\u00e4che<\/h5>\n        <p class=\"item-text\">Programmieren und \u00e4ndern Sie Ihre Bew\u00e4sserung in wenigen Minuten direkt \u00fcber Ihr Smartphone \u2013 von \u00fcberall aus.<\/p>\n      <\/div>\n      <div class=\"range-carousel-item custom-info-carousel\">\n        <img decoding=\"async\" class=\"info-logo\" src=\"\/wp-content\/uploads\/2025\/12\/P_notif.png\"\/>\n        <h5 class=\"item-title\">Benachrichtigung erhalten<\/h5>\n        <p class=\"item-text\">Legen Sie individuelle Warnschwellen f\u00fcr Ihre Sensoren fest und erhalten Sie Benachrichtigungen zum richtigen Zeitpunkt.<\/p>\n      <\/div>\n    <\/div>\n  <\/div>\n  <a class=\"range-rigth-arrow\"><i class=\"fa-solid fa-chevron-right\"><\/i><\/a>\n  <a class=\"range-left-arrow\"><i class=\"fa-solid fa-chevron-left\"><\/i><\/a>\n<\/div>\n<\/div><\/div>\n\n\n\n<div style=\"height:100px\" aria-hidden=\"true\" class=\"wp-block-spacer\"><\/div>\n\n\n\n<div class=\"wp-block-group app-features-group mysolem-feature-group\"><div class=\"wp-block-group__inner-container is-layout-constrained wp-block-group-is-layout-constrained\">\n<p class=\"section-badge has-image\"><img decoding=\"async\" class=\"mysolem-icon\" src=\"\/wp-content\/uploads\/2024\/06\/icone_App-MySOLEM-2024.png\"\/>MySOLEM<\/p>\n\n\n\n<h3 class=\"wp-block-heading has-text-align-center section-title translation-block\">Steuern Sie Ihre Bew\u00e4sserung <span>von \u00fcberall aus<\/span><\/h3>\n\n\n\n<div style=\"height:100px\" aria-hidden=\"true\" class=\"wp-block-spacer\"><\/div>\n\n\n\n<div class=\"wp-block-columns app-features-columns is-layout-flex wp-container-core-columns-is-layout-9d6595d7 wp-block-columns-is-layout-flex\">\n<div class=\"wp-block-column is-vertically-aligned-center is-layout-flow wp-block-column-is-layout-flow\">\n<div class=\"feature active\" data-content=\"\/wp-content\/uploads\/2024\/06\/App_modules-FR.jpg\" data-content-en=\"\/wp-content\/uploads\/2024\/06\/App_modules-EN.jpg\" data-content-es=\"\/wp-content\/uploads\/2024\/06\/App_modules-ES.jpg\" data-content-it=\"\/wp-content\/uploads\/2024\/06\/App_modules-IT.jpg\" data-content-de=\"\/wp-content\/uploads\/2024\/06\/App_modules-DE.jpg\">\n<h4 class=\"wp-block-heading has-text-align-left feature-title\"><img decoding=\"async\" src=\"\/wp-content\/uploads\/2025\/12\/P_installation.png\"> Schnelle Installation<\/h4>\n<p class=\"has-text-align-left feature-text\">F\u00fcgen Sie Ihre Produkte in wenigen Minuten der App hinzu und steuern Sie sie jederzeit vor Ort oder aus der Ferne.<\/p>\n<\/div>\n\n<div class=\"feature\" data-content=\"\/wp-content\/uploads\/2024\/06\/App_location-FR.jpg\" data-content-en=\"\/wp-content\/uploads\/2024\/06\/App_location-EN.jpg\" data-content-es=\"\/wp-content\/uploads\/2024\/06\/App_location-ES.jpg\" data-content-it=\"\/wp-content\/uploads\/2024\/06\/App_location-IT.jpg\" data-content-de=\"\/wp-content\/uploads\/2024\/06\/App_location-DE.jpg\">\n<h4 class=\"wp-block-heading has-text-align-left feature-title\"><img decoding=\"async\" src=\"\/wp-content\/uploads\/2025\/12\/P_localisation.png\"> Produkt-Geolokalisierung<\/h4>\n<p class=\"feature-text\">Geolokalisieren und verfolgen Sie Ihre Ger\u00e4te auf einer Karte.<\/p>\n<\/div>\n\n<div class=\"feature\" data-content=\"\/wp-content\/uploads\/2024\/06\/App_dashboard-FR.jpg\" data-content-en=\"\/wp-content\/uploads\/2024\/06\/App_dashboard-EN.jpg\" data-content-es=\"\/wp-content\/uploads\/2024\/06\/App_dashboard-ES.jpg\" data-content-it=\"\/wp-content\/uploads\/2024\/06\/App_dashboard-IT.jpg\" data-content-de=\"\/wp-content\/uploads\/2024\/06\/App_dashboard-DE.jpg\">\n<h4 class=\"wp-block-heading has-text-align-left feature-title\"><img decoding=\"async\" src=\"\/wp-content\/uploads\/2025\/12\/P_dashboard.png\"> Dashboard<\/h4>\n<p class=\"feature-text\">Alles auf einen Blick: Verbindungsstatus Ihrer Produkte, Batteriestand, Warnungen, t\u00e4glicher Wasserverbrauch und Lecks. Funktioniert mit WLan- und 4G-Gateways.<\/p>\n<\/div>\n<\/div>\n\n\n\n<div class=\"wp-block-column is-layout-flow wp-block-column-is-layout-flow\">\n<figure class=\"wp-block-image size-full feature-image\"><img loading=\"lazy\" decoding=\"async\" width=\"582\" height=\"1177\" src=\"https:\/\/solem-irrigation.com\/wp-content\/uploads\/2024\/06\/App_modules-DE.jpg\" alt=\"\" class=\"wp-image-8282\"\/><\/figure>\n<\/div>\n\n\n\n<div class=\"wp-block-column is-vertically-aligned-center is-layout-flow wp-block-column-is-layout-flow\">\n<div class=\"feature\" data-content=\"\/wp-content\/uploads\/2024\/06\/App_prog-FR.jpg\" data-content-en=\"\/wp-content\/uploads\/2024\/06\/App_prog-EN.jpg\" data-content-es=\"\/wp-content\/uploads\/2024\/06\/App_prog-ES.jpg\" data-content-it=\"\/wp-content\/uploads\/2024\/06\/App_prog-IT.jpg\" data-content-de=\"\/wp-content\/uploads\/2024\/06\/App_prog-DE-1.jpg\">\n<h4 class=\"wp-block-heading has-text-align-left feature-title\"><img decoding=\"async\" src=\"\/wp-content\/uploads\/2025\/12\/P_Assistant-prog.png\"> Programmierungsassistent<\/h4>\n<p class=\"feature-text\">Mit dem MySOLEM-Programmierassistenten steuern Sie Ihre Ventile im Handumdrehen: H\u00e4ufigkeit, Startzeiten, Dauer \u2013 alles in wenigen Minuten.<\/p>\n<\/div>\n\n<div class=\"feature\" data-content=\"\/wp-content\/uploads\/2024\/06\/App_sondes-FR.jpg\" data-content-en=\"\/wp-content\/uploads\/2024\/06\/App_sondes-EN.jpg\" data-content-es=\"\/wp-content\/uploads\/2024\/06\/App_sondes-ES.jpg\" data-content-it=\"\/wp-content\/uploads\/2024\/06\/App_sondes-IT.jpg\" data-content-de=\"\/wp-content\/uploads\/2024\/06\/App_sondes-DE.jpg\">\n<h4 class=\"wp-block-heading has-text-align-left feature-title\"><img decoding=\"async\" src=\"\/wp-content\/uploads\/2025\/12\/P_donnees-sondes.png\"> Sensordaten<\/h4>\n<p class=\"feature-text\">Visualisieren Sie Ihre Sensordaten in Echtzeit und passen Sie f\u00fcr jeden Sensor individuelle Minimal- und Maximalgrenzen an.<\/p>\n<\/div>\n\n<div class=\"feature\" data-content=\"\/wp-content\/uploads\/2024\/06\/App_Notif-FR.jpg\" data-content-en=\"\/wp-content\/uploads\/2024\/06\/App_notif-EN.jpg\" data-content-es=\"\/wp-content\/uploads\/2024\/06\/App_notif-ES.jpg\" data-content-it=\"\/wp-content\/uploads\/2024\/06\/App_notif-IT.jpg\" data-content-de=\"\/wp-content\/uploads\/2024\/06\/App_notif-DE.jpg\">\n<h4 class=\"wp-block-heading has-text-align-left feature-title\"><img decoding=\"async\" src=\"\/wp-content\/uploads\/2025\/12\/P_notifs.png\"> Benachrichtigungen<\/h4>\n<p class=\"feature-text\">Immer informiert \u2013 ob Schwelle \u00fcberschritten oder Akku schwach, mit Push-Benachrichtigungen bleiben Sie auf dem Laufenden.<\/p>\n<\/div>\n<\/div>\n<\/div>\n\n\n\n<div class=\"mobile-slider slider-container\">\n    <div class=\"slider-track\">\n      <div class=\"slide\">\n          <div class=\"slide-content\">\n              <!--<video src=\"\/wp-content\/uploads\/2025\/05\/App_Product_LD.mp4\" autoplay=\"\" loop=\"\" muted=\"\"><\/video>-->\n              <img decoding=\"async\" class=\"mobile-slide-image\" src=\"\/wp-content\/uploads\/2024\/06\/App_modules-FR.jpg\" \/>\n              <img decoding=\"async\" src=\"\/wp-content\/uploads\/2025\/12\/P_installation-actif.png\">\n              <h3>Schnelle Installation<\/h3>\n              <p>F\u00fcgen Sie Ihre Produkte in wenigen Minuten der App hinzu und steuern Sie sie jederzeit vor Ort oder aus der Ferne.<\/p>\n          <\/div>\n      <\/div>\n      <div class=\"slide\">\n          <div class=\"slide-content\">\n              <!--<video src=\"\/wp-content\/uploads\/2025\/05\/App_Location_LD.mp4\" loop=\"\" muted=\"\"><\/video>-->\n              <img decoding=\"async\" class=\"mobile-slide-image\" src=\"\/wp-content\/uploads\/2024\/06\/App_location-FR.jpg\" \/>\n              <img decoding=\"async\" src=\"\/wp-content\/uploads\/2025\/12\/P_localisation-actif.png\">\n              <h3>Produkt-Geolokalisierung<\/h3>\n              <p>Geolokalisieren und verfolgen Sie Ihre Ger\u00e4te auf einer Karte.<\/p>\n          <\/div>\n      <\/div>\n      <div class=\"slide\">\n          <div class=\"slide-content\">\n              <!--<video src=\"\/wp-content\/uploads\/2025\/05\/App_Dashboard_LD.mp4\" loop=\"\" muted=\"\"><\/video>-->\n              <img decoding=\"async\" class=\"mobile-slide-image\" src=\"\/wp-content\/uploads\/2024\/06\/App_dashboard-FR.jpg\" \/>\n              <img decoding=\"async\" src=\"\/wp-content\/uploads\/2025\/12\/P_dashboard-actif.png\">\n              <h3>Dashboard<\/h3>\n              <p>Alles auf einen Blick: Verbindungsstatus Ihrer Produkte, Batteriestand, Warnungen, t\u00e4glicher Wasserverbrauch und Lecks. Funktioniert mit WLan- und 4G-Gateways.<\/p>\n          <\/div>\n      <\/div>\n      <div class=\"slide\">\n          <div class=\"slide-content\">\n              <!--<video src=\"\/wp-content\/uploads\/2025\/05\/App_Assistant-LD.mp4\" loop=\"\" muted=\"\"><\/video>-->\n              <img decoding=\"async\" class=\"mobile-slide-image\" src=\"\/wp-content\/uploads\/2024\/06\/App_prog-FR.jpg\" \/>\n              <img decoding=\"async\" src=\"\/wp-content\/uploads\/2025\/12\/P_Assistant-prog-actif.png\">\n              <h3>Programmierungsassistent<\/h3>\n              <p>Mit dem MySOLEM-Programmierassistenten steuern Sie Ihre Ventile im Handumdrehen: H\u00e4ufigkeit, Startzeiten, Dauer \u2013 alles in wenigen Minuten.<\/p>\n          <\/div>\n      <\/div>\n      <div class=\"slide\">\n          <div class=\"slide-content\">\n              <!--<video src=\"\/wp-content\/uploads\/2025\/05\/App_Sensors_LD.mp4\" loop=\"\" muted=\"\"><\/video>-->\n              <img decoding=\"async\" class=\"mobile-slide-image\" src=\"\/wp-content\/uploads\/2024\/06\/App_sondes-FR.jpg\" \/>\n              <img decoding=\"async\" src=\"\/wp-content\/uploads\/2025\/12\/P_donnees-sondes-actif.png\">\n              <h3>Sensordaten<\/h3>\n              <p>Visualisieren Sie Ihre Sensordaten in Echtzeit und passen Sie f\u00fcr jeden Sensor individuelle Minimal- und Maximalgrenzen an.<\/p>\n          <\/div>\n      <\/div>\n      <div class=\"slide\">\n          <div class=\"slide-content\">\n              <!--<video src=\"\/wp-content\/uploads\/2025\/05\/App_Notifications-LD.mp4\" loop=\"\" muted=\"\"><\/video>-->\n              <img decoding=\"async\" class=\"mobile-slide-image\" src=\"\/wp-content\/uploads\/2024\/06\/App_Notif-FR.jpg\" \/>\n              <img decoding=\"async\" src=\"\/wp-content\/uploads\/2025\/12\/P_notifs-actif.png\">\n              <h3>Benachrichtigungen<\/h3>\n              <p>Immer informiert \u2013 ob Schwelle \u00fcberschritten oder Akku schwach, mit Push-Benachrichtigungen bleiben Sie auf dem Laufenden.<\/p>\n          <\/div>\n      <\/div>\n  <\/div>\n\n  <!-- Navigation -->\n  <button class=\"prev\"><i class=\"fa-solid fa-chevron-left\"><\/i><\/button>\n  <button class=\"next\"><i class=\"fa-solid fa-chevron-right\"><\/i><\/button>\n<\/div>\n<\/div><\/div>\n\n\n\n<div style=\"height:100px\" aria-hidden=\"true\" class=\"wp-block-spacer\"><\/div>\n\n\n\n<div class=\"wp-block-group download-app-group\"><div class=\"wp-block-group__inner-container is-layout-constrained wp-block-group-is-layout-constrained\">\n<div class=\"download-app-content\">\n  <div class=\"download-link-content\">\n    <h5 class=\"download-title\">Starten Sie jetzt<br>mit unserer kostenlosen App<\/h5>\n    <div class=\"download-app-links\">\n      <a class=\"download-app-link\" href=\"https:\/\/play.google.com\/store\/apps\/details?id=fr.solem.solemwf\" target=\"_blank\">Android<i class=\"far fa-arrow-alt-circle-right\"><\/i><\/a>\n      <a class=\"download-app-link\" href=\"https:\/\/apps.apple.com\/fr\/app\/mysolem\/id626680713\" target=\"_blank\">iOS<i class=\"far fa-arrow-alt-circle-right\"><\/i><\/a>\n    <\/div>\n  <\/div>\n  <img decoding=\"async\" class=\"app-rating-image\" src=\"\/wp-content\/uploads\/2025\/12\/MySOLEM-ratings-Dark.png\"\/>\n<\/div>\n<\/div><\/div>\n\n\n\n<div style=\"height:100px\" aria-hidden=\"true\" class=\"wp-block-spacer\"><\/div>\n\n\n\n<div class=\"wp-block-group next-mysolem-group\"><div class=\"wp-block-group__inner-container is-layout-constrained wp-block-group-is-layout-constrained\">\n<h3 class=\"wp-block-heading has-text-align-center section-title\">Entdecken Sie auch\u2026<\/h3>\n\n\n\n<div style=\"height:100px\" aria-hidden=\"true\" class=\"wp-block-spacer\"><\/div>\n\n\n\n<div class=\"next-mysolem-content\">\n  <img decoding=\"async\" class=\"next-mysolem-image\" src=\"\/wp-content\/uploads\/2025\/12\/PUB_MySOLEM.webp\"\/>\n  <div class=\"next-mysolem-text\">\n    <h5 class=\"next-mysolem-title translation-block\">MySOLEM-Plattform<\/h5>\n    <p class=\"translation-block\">Finden Sie all Ihre Ger\u00e4te und entdecken Sie die erweiterten Funktionen auf <span>MySOLEM.com<\/span>.<\/p>\n    <a class=\"next-mysolem-link\" href=\"\/de\/plateforme\/\">Entdecken <i class=\"far fa-arrow-alt-circle-right\"><\/i><\/a>\n  <\/div>\n<\/div>\n<\/div><\/div>\n\n\n\n<div style=\"height:100px\" aria-hidden=\"true\" class=\"wp-block-spacer\"><\/div>","protected":false},"excerpt":{"rendered":"<p>Application MySOLEM Programmez votre arrosage \u00e0 distance,en toute simplicit\u00e9. Android iOS Application MySOLEM Programmez votre&hellip;<\/p>","protected":false},"author":1,"featured_media":0,"parent":0,"menu_order":0,"comment_status":"closed","ping_status":"closed","template":"","meta":{"footnotes":""},"folder":[],"class_list":["post-15916","page","type-page","status-publish","hentry","has-content"],"jetpack_sharing_enabled":true,"_links":{"self":[{"href":"https:\/\/solem-irrigation.com\/de\/wp-json\/wp\/v2\/pages\/15916","targetHints":{"allow":["GET"]}}],"collection":[{"href":"https:\/\/solem-irrigation.com\/de\/wp-json\/wp\/v2\/pages"}],"about":[{"href":"https:\/\/solem-irrigation.com\/de\/wp-json\/wp\/v2\/types\/page"}],"author":[{"embeddable":true,"href":"https:\/\/solem-irrigation.com\/de\/wp-json\/wp\/v2\/users\/1"}],"replies":[{"embeddable":true,"href":"https:\/\/solem-irrigation.com\/de\/wp-json\/wp\/v2\/comments?post=15916"}],"version-history":[{"count":46,"href":"https:\/\/solem-irrigation.com\/de\/wp-json\/wp\/v2\/pages\/15916\/revisions"}],"predecessor-version":[{"id":17311,"href":"https:\/\/solem-irrigation.com\/de\/wp-json\/wp\/v2\/pages\/15916\/revisions\/17311"}],"wp:attachment":[{"href":"https:\/\/solem-irrigation.com\/de\/wp-json\/wp\/v2\/media?parent=15916"}],"wp:term":[{"taxonomy":"folder","embeddable":true,"href":"https:\/\/solem-irrigation.com\/de\/wp-json\/wp\/v2\/folder?post=15916"}],"curies":[{"name":"wp","href":"https:\/\/api.w.org\/{rel}","templated":true}]}}