{"id":15269,"date":"2025-11-28T08:55:10","date_gmt":"2025-11-28T07:55:10","guid":{"rendered":"https:\/\/solem-irrigation.com\/?page_id=15269"},"modified":"2025-12-04T16:16:54","modified_gmt":"2025-12-04T15:16:54","slug":"solem-performance","status":"publish","type":"page","link":"https:\/\/solem-irrigation.com\/de\/solem-performance\/","title":{"rendered":"Solem Performance"},"content":{"rendered":"<div class=\"wp-block-group alignfull page-custom-banner\"><div class=\"wp-block-group__inner-container is-layout-constrained wp-block-group-is-layout-constrained\">\n<div class=\"custom-banner-container\" style=\"background-image: url(\/wp-content\/uploads\/2025\/11\/Banniere-scaled.png); background-size: cover; background-position: center;\">\n  <div class=\"custom-banner-caption\">\n    <img decoding=\"async\" class=\"custom-banner-logo\" src=\"\/wp-content\/uploads\/2025\/11\/Logo-SOLEM-Performance_2.png\" \/>\n    <h3 class=\"custom-banner-title translation-block\">Die <span>neue Generation<\/span><\/h3>\n    <div class=\"custom-banner-row\">\n      <div class=\"custom-banner-item\">\n        <div class=\"banner-item-picto-row\">\n          <img decoding=\"async\" class=\"banner-item-picto\" src=\"\/wp-content\/uploads\/2025\/11\/P_autonomie.png\"\/>\n          <img decoding=\"async\" class=\"banner-item-picto\" src=\"\/wp-content\/uploads\/2025\/11\/P_Eco-Mode.png\"\/>\n        <\/div>\n        <h5 class=\"banner-item-title\"><span>+<\/span> Autonomie<\/h5>\n        <p class=\"banner-item-text\">Unsere neue Generation von 9V-Produkten mit verl\u00e4ngerter Laufzeit von bis zu 5 Jahren ist jetzt erh\u00e4ltlich!<\/p>\n      <\/div>\n      <div class=\"custom-banner-item\">\n        <div class=\"banner-item-picto-row\">\n          <img decoding=\"async\" class=\"banner-item-picto\" src=\"\/wp-content\/uploads\/2025\/11\/P_NFC_2.png\"\/>\n        <\/div>\n        <h5 class=\"banner-item-title\"><span>+<\/span> Einfachheit<\/h5>\n        <p class=\"banner-item-text\">Installieren Sie Ihre Module in wenigen Minuten im Nahbereich: Smartphone ann\u00e4hern \u2013 und schon ist alles verbunden!<\/p>\n      <\/div>\n      <div class=\"custom-banner-item\">\n        <div class=\"banner-item-picto-row\">\n          <img decoding=\"async\" class=\"banner-item-picto\" src=\"\/wp-content\/uploads\/2025\/11\/P_performance.png\"\/>\n        <\/div>\n        <h5 class=\"banner-item-title\"><span>+<\/span> Performance<\/h5>\n        <p class=\"banner-item-text\">Mehr Autonomie und noch mehr Einfachheit \u2013 f\u00fcr maximale Leistung an Ihrer Seite. Unsere neue Produktlinie ist robust und zuverl\u00e4ssig, um jede Herausforderung Ihrer Bew\u00e4sserungsprojekte zu meistern.<\/p>\n      <\/div>\n    <\/div>\n  <\/div>\n<\/div>\n<\/div><\/div>\n\n\n\n<div style=\"height:50px\" aria-hidden=\"true\" class=\"wp-block-spacer\"><\/div>\n\n\n\n<div class=\"wp-block-group product perfo-blutooth-group custom-carousel-group\"><div class=\"wp-block-group__inner-container is-layout-constrained wp-block-group-is-layout-constrained\">\n<p class=\"has-text-align-left section-badge\">Bluetooth-Produktlinie<\/p>\n\n\n\n<h3 class=\"wp-block-heading has-text-align-left section-title translation-block\">Steuern Sie Ihre Bew\u00e4sserungsventile <span>vor Ort<\/h3>\n\n\n\n<div class=\"range-carousel-content product\">\n  <div class=\"range-carousel range-columns\">\n    <div class=\"range-carousel-track\">\n      <div class=\"range-carousel-item custom-product-carousel\">\n        <h4 class=\"item-title\">BL-IP<\/h4>\n        <p class=\"item-text\">Das beste 9\u2011V-Programmierger\u00e4t seiner Generation<\/p>\n        <img decoding=\"async\" src=\"\/wp-content\/uploads\/2022\/06\/BLIP.png\"\/>\n        <div class=\"item-techno\">\n          <img decoding=\"async\" class=\"picto-tech\" src=\"\/wp-content\/uploads\/2025\/11\/P_Eco-Mode2.png\"\/>\n          <img decoding=\"async\" class=\"picto-tech\" src=\"\/wp-content\/uploads\/2025\/11\/P_NFC-2.png\"\/>\n        <\/div>\n        <a class=\"item-button\" href=\"\/wp-content\/uploads\/2025\/11\/BL-IP_V2-FR.pdf\" download=\"BL-IP_FR\"><i class=\"far fa-arrow-alt-circle-down\"><\/i><\/a>\n      <\/div>\n      <div class=\"range-carousel-item custom-product-carousel\">\n        <h4 class=\"item-title\">WooBee<\/h4>\n        <p class=\"item-text\">Einfachheit \u2013 mit oder ohne Display<\/p>\n        <img decoding=\"async\" src=\"\/wp-content\/uploads\/2022\/06\/WooBee_512x512.png\"\/>\n        <div class=\"item-techno\">\n          <img decoding=\"async\" class=\"picto-tech\" src=\"\/wp-content\/uploads\/2025\/11\/P_Eco-Mode2.png\"\/>\n        <\/div>\n        <a class=\"item-button\" href=\"\/wp-content\/uploads\/2025\/11\/WooBee-V2-FR.pdf\" download=\"WooBee_FR\"><i class=\"far fa-arrow-alt-circle-down\"><\/i><\/a>\n      <\/div>\n      <div class=\"range-carousel-item custom-product-carousel\">\n        <h4 class=\"item-title\">BL-NR<\/h4>\n        <p class=\"item-text\">Zuverl\u00e4ssige und robuste Bew\u00e4sserung \/ Befeuchtung<\/p>\n        <img decoding=\"async\" src=\"\/wp-content\/uploads\/2025\/11\/BL-NR_V2-512.png\"\/>\n        <div class=\"item-techno\">\n          <img decoding=\"async\" class=\"picto-tech\" src=\"\/wp-content\/uploads\/2025\/11\/P_Eco-Mode2.png\"\/>\n        <\/div>\n        <a class=\"item-button\" href=\"\/wp-content\/uploads\/2025\/11\/BL-NR_V2-FR.pdf\" download=\"BL-NR_FR\"><i class=\"far fa-arrow-alt-circle-down\"><\/i><\/a>\n      <\/div>\n    <\/div>\n  <\/div>\n  <a class=\"range-rigth-arrow\"><i class=\"fa-solid fa-chevron-right\"><\/i><\/a>\n  <a class=\"range-left-arrow\"><i class=\"fa-solid fa-chevron-left\"><\/i><\/a>\n<\/div>\n<\/div><\/div>\n\n\n\n<div style=\"height:100px\" aria-hidden=\"true\" class=\"wp-block-spacer\"><\/div>\n\n\n\n<div class=\"wp-block-group product perfo-blutooth-group custom-carousel-group\"><div class=\"wp-block-group__inner-container is-layout-constrained wp-block-group-is-layout-constrained\">\n<p class=\"has-text-align-left section-badge\">LoRa-Produktlinie<sup>TM<\/sup><\/p>\n\n\n\n<h3 class=\"wp-block-heading has-text-align-left section-title translation-block\">Steuern Sie Ihre Bew\u00e4sserungsventile <span>aus der Ferne<\/span><\/h3>\n\n\n\n<div class=\"range-carousel-content product\">\n  <div class=\"range-carousel range-columns\">\n    <div class=\"range-carousel-track\">\n      <div class=\"range-carousel-item custom-product-carousel\">\n        <h4 class=\"item-title\">LR-NR<\/h4>\n        <p class=\"item-text\">LoRa-Wasserhahnaufsatz<sup>TM<sup><\/p>\n        <img decoding=\"async\" src=\"\/wp-content\/uploads\/2025\/11\/LR-NR-512.png\"\/>\n        <div class=\"item-techno\">\n          <img decoding=\"async\" class=\"picto-tech\" src=\"\/wp-content\/uploads\/2025\/11\/P_Eco-Mode2.png\"\/>\n        <\/div>\n        <a class=\"item-button\" href=\"\/wp-content\/uploads\/2025\/11\/LR-NR-FR.pdf\" download=\"BL-NR_FR\"><i class=\"far fa-arrow-alt-circle-down\"><\/i><\/a>\n      <\/div>\n      <div class=\"range-carousel-item custom-product-carousel\">\n        <h4 class=\"item-title\">LR-IP<\/h4>\n        <p class=\"item-text\">Ideal f\u00fcr die Bew\u00e4sserung gro\u00dfer Fl\u00e4chen<\/p>\n        <img decoding=\"async\" src=\"\/wp-content\/uploads\/2025\/11\/LR-IP-512.png\"\/>\n        <div class=\"item-techno\">\n          <img decoding=\"async\" class=\"picto-tech\" src=\"\/wp-content\/uploads\/2025\/11\/P_Eco-Mode2.png\"\/>\n          <img decoding=\"async\" class=\"picto-tech\" src=\"\/wp-content\/uploads\/2025\/11\/P_NFC-2.png\"\/>\n        <\/div>\n        <a class=\"item-button\" href=\"\/wp-content\/uploads\/2025\/11\/LR-IP-V2-FR.pdf\" download=\"LR-IP_FR\"><i class=\"far fa-arrow-alt-circle-down\"><\/i><\/a>\n      <\/div>\n      <div class=\"range-carousel-item custom-product-carousel\">\n        <h4 class=\"item-title\">LR-AG<\/h4>\n        <p class=\"item-text\">Ideal f\u00fcr die volumetrische Programmierung<\/p>\n        <img decoding=\"async\" src=\"\/wp-content\/uploads\/2025\/11\/LR-AG-512.png\"\/>\n        <div class=\"item-techno\">\n          <img decoding=\"async\" class=\"picto-tech\" src=\"\/wp-content\/uploads\/2025\/11\/P_Eco-Mode2.png\"\/>\n          <img decoding=\"async\" class=\"picto-tech\" src=\"\/wp-content\/uploads\/2025\/11\/P_NFC-2.png\"\/>\n        <\/div>\n        <a class=\"item-button\" href=\"\/wp-content\/uploads\/2025\/11\/LR-AG_FR.pdf\" download=\"LR-AG_FR\"><i class=\"far fa-arrow-alt-circle-down\"><\/i><\/a>\n      <\/div>\n    <\/div>\n  <\/div>\n  <a class=\"range-rigth-arrow\"><i class=\"fa-solid fa-chevron-right\"><\/i><\/a>\n  <a class=\"range-left-arrow\"><i class=\"fa-solid fa-chevron-left\"><\/i><\/a>\n<\/div>\n<\/div><\/div>\n\n\n\n<div style=\"height:100px\" aria-hidden=\"true\" class=\"wp-block-spacer\"><\/div>\n\n\n\n<div class=\"wp-block-group product perfo-blutooth-group custom-carousel-group\"><div class=\"wp-block-group__inner-container is-layout-constrained wp-block-group-is-layout-constrained\">\n<p class=\"has-text-align-left section-badge\">Vernetzte Sonden<\/p>\n\n\n\n<h3 class=\"wp-block-heading has-text-align-left section-title translation-block\"><span>Optimieren<\/span> und <span>automatisieren<\/span> Sie Ihre Bew\u00e4sserung<\/h3>\n\n\n\n<div class=\"range-carousel-content product\">\n  <div class=\"range-carousel range-columns\">\n    <div class=\"range-carousel-track\">\n      <div class=\"range-carousel-item custom-product-carousel\">\n        <h4 class=\"item-title\">LR-MS<\/h4>\n        <p class=\"item-text\">Pr\u00e4zisionsbew\u00e4sserung starten<\/p>\n        <img decoding=\"async\" src=\"\/wp-content\/uploads\/2022\/06\/photo-lr-ms-512x512-1.png\"\/>\n        <div class=\"item-techno\">\n          <img decoding=\"async\" class=\"picto-tech\" src=\"\/wp-content\/uploads\/2025\/11\/P_Eco-Mode2.png\"\/>\n          <img decoding=\"async\" class=\"picto-tech\" src=\"\/wp-content\/uploads\/2025\/11\/P_NFC-2.png\"\/>\n        <\/div>\n        <a class=\"item-button\" href=\"\/wp-content\/uploads\/2025\/12\/LR-MS-V2.pdf\" download=\"LR-MS_FR\"><i class=\"far fa-arrow-alt-circle-down\"><\/i><\/a>\n      <\/div>\n    <\/div>\n  <\/div>\n  <a class=\"range-rigth-arrow\"><i class=\"fa-solid fa-chevron-right\"><\/i><\/a>\n  <a class=\"range-left-arrow\"><i class=\"fa-solid fa-chevron-left\"><\/i><\/a>\n<\/div>\n<\/div><\/div>\n\n\n\n<div style=\"height:100px\" aria-hidden=\"true\" class=\"wp-block-spacer\"><\/div>\n\n\n\n<div class=\"wp-block-group custom-contact-group\"><div class=\"wp-block-group__inner-container is-layout-constrained wp-block-group-is-layout-constrained\">\n<div class=\"contact-container\">\n  <div class=\"contact-content\">\n    <div class=\"contact-text\">\n       <h6 class=\"contact-content-title\">F\u00fcr mehr Informationen kontaktieren Sie bitte unser Vertriebsteam.<\/h6>\n       <a class=\"contact-content-link\" href=\"\/de\/nous-contacter\/\">Kontakt<i class=\"far fa-arrow-alt-circle-right\"><\/i><\/a>\n    <\/div>\n    <div class=\"contact-image\">\n      <img decoding=\"async\" class=\"contact-icon\" src=\"\/wp-content\/uploads\/2025\/11\/P_Contact.png\" \/>\n    <\/div>\n  <\/div>\n<\/div>\n<\/div><\/div>\n\n\n\n<div style=\"height:100px\" aria-hidden=\"true\" class=\"wp-block-spacer\"><\/div>","protected":false},"excerpt":{"rendered":"<p>D\u00e9couvrez la nouvelle g\u00e9n\u00e9ration. + d\u2019autonomie Notre nouvelle g\u00e9n\u00e9ration de produits 9V avec une autonomie&hellip;<\/p>","protected":false},"author":1,"featured_media":0,"parent":0,"menu_order":0,"comment_status":"closed","ping_status":"closed","template":"","meta":{"footnotes":""},"folder":[],"class_list":["post-15269","page","type-page","status-publish","hentry","has-content"],"jetpack_sharing_enabled":true,"_links":{"self":[{"href":"https:\/\/solem-irrigation.com\/de\/wp-json\/wp\/v2\/pages\/15269","targetHints":{"allow":["GET"]}}],"collection":[{"href":"https:\/\/solem-irrigation.com\/de\/wp-json\/wp\/v2\/pages"}],"about":[{"href":"https:\/\/solem-irrigation.com\/de\/wp-json\/wp\/v2\/types\/page"}],"author":[{"embeddable":true,"href":"https:\/\/solem-irrigation.com\/de\/wp-json\/wp\/v2\/users\/1"}],"replies":[{"embeddable":true,"href":"https:\/\/solem-irrigation.com\/de\/wp-json\/wp\/v2\/comments?post=15269"}],"version-history":[{"count":40,"href":"https:\/\/solem-irrigation.com\/de\/wp-json\/wp\/v2\/pages\/15269\/revisions"}],"predecessor-version":[{"id":15935,"href":"https:\/\/solem-irrigation.com\/de\/wp-json\/wp\/v2\/pages\/15269\/revisions\/15935"}],"wp:attachment":[{"href":"https:\/\/solem-irrigation.com\/de\/wp-json\/wp\/v2\/media?parent=15269"}],"wp:term":[{"taxonomy":"folder","embeddable":true,"href":"https:\/\/solem-irrigation.com\/de\/wp-json\/wp\/v2\/folder?post=15269"}],"curies":[{"name":"wp","href":"https:\/\/api.w.org\/{rel}","templated":true}]}}